{"id":280439,"date":"2024-04-11T12:38:22","date_gmt":"2024-04-11T10:38:22","guid":{"rendered":"https:\/\/www.huntersfriend.eu\/product\/anar-jussa-merinowollmuetze\/"},"modified":"2026-03-26T13:45:05","modified_gmt":"2026-03-26T11:45:05","slug":"anar-jussa-merinowollmuetze","status":"publish","type":"product","link":"https:\/\/www.huntersfriend.eu\/de\/produkt\/anar-jussa-merinowollmuetze\/","title":{"rendered":"Anar Jussa Merinowollm\u00fctze"},"content":{"rendered":"<p>Die Anar Jussa Merinowollm\u00fctze wird in Finnland entworfen und hergestellt. Diese \u00e4u\u00dferst warme und atmungsaktive M\u00fctze ist weich und h\u00e4lt Sie selbst an den k\u00e4ltesten Wintertagen warm. Wolle als Material leitet Feuchtigkeit effektiv von der Haut ab und h\u00e4lt Sie trocken und warm. Die doppellagige, umgeschlagene Manschette ist verstellbar, und die M\u00fctze eignet sich f\u00fcr verschiedene Aktivit\u00e4ten.   <\/p>\n","protected":false},"excerpt":{"rendered":"<p>Die Anar Jussa Merinowollm\u00fctze wird in Finnland entworfen und hergestellt. Diese \u00e4u\u00dferst warme und atmungsaktive M\u00fctze ist weich und h\u00e4lt Sie selbst an den k\u00e4ltesten Wintertagen warm. Wolle als Material leitet Feuchtigkeit effektiv von der Haut ab und h\u00e4lt Sie trocken und warm. Die doppellagige, umgeschlagene Manschette ist verstellbar, und die M\u00fctze eignet sich f\u00fcr [&#8230;]\n","protected":false},"featured_media":267190,"comment_status":"open","ping_status":"closed","template":"","meta":[],"product_brand":[],"product_cat":[1215],"product_tag":[],"class_list":{"0":"post-280439","1":"product","2":"type-product","3":"status-publish","4":"has-post-thumbnail","6":"product_cat-handschuh-socken-und-kopfbedeckung","8":"first","9":"instock","10":"taxable","11":"shipping-taxable","12":"purchasable","13":"product-type-variable"},"composite_virtual":false,"composite_layout":"","composite_add_to_cart_form_location":"","composite_editable_in_cart":false,"composite_sold_individually_context":"","composite_shop_price_calc":"","composite_components":[],"composite_scenarios":[],"group_of_quantity":0,"min_quantity":0,"max_quantity":"","exclude_order_quantity_value_rules":"no","exclude_category_quantity_rules":"no","combine_variations":"no","exclude_global_add_ons":[],"addons":[],"_links":{"self":[{"href":"https:\/\/www.huntersfriend.eu\/de\/wp-json\/wp\/v2\/product\/280439","targetHints":{"allow":["GET"]}}],"collection":[{"href":"https:\/\/www.huntersfriend.eu\/de\/wp-json\/wp\/v2\/product"}],"about":[{"href":"https:\/\/www.huntersfriend.eu\/de\/wp-json\/wp\/v2\/types\/product"}],"replies":[{"embeddable":true,"href":"https:\/\/www.huntersfriend.eu\/de\/wp-json\/wp\/v2\/comments?post=280439"}],"wp:featuredmedia":[{"embeddable":true,"href":"https:\/\/www.huntersfriend.eu\/de\/wp-json\/wp\/v2\/media\/267190"}],"wp:attachment":[{"href":"https:\/\/www.huntersfriend.eu\/de\/wp-json\/wp\/v2\/media?parent=280439"}],"wp:term":[{"taxonomy":"product_brand","embeddable":true,"href":"https:\/\/www.huntersfriend.eu\/de\/wp-json\/wp\/v2\/product_brand?post=280439"},{"taxonomy":"product_cat","embeddable":true,"href":"https:\/\/www.huntersfriend.eu\/de\/wp-json\/wp\/v2\/product_cat?post=280439"},{"taxonomy":"product_tag","embeddable":true,"href":"https:\/\/www.huntersfriend.eu\/de\/wp-json\/wp\/v2\/product_tag?post=280439"}],"curies":[{"name":"wp","href":"https:\/\/api.w.org\/{rel}","templated":true}]}}