{"id":280438,"date":"2024-04-03T11:32:21","date_gmt":"2025-06-23T07:49:53","guid":{"rendered":"https:\/\/www.huntersfriend.eu\/product\/lava-v-200-premium-x-vakuumiergeraet\/"},"modified":"2026-02-25T10:35:50","modified_gmt":"2026-02-25T08:35:50","slug":"lava-v-200-premium-x-vakuumiergeraet","status":"publish","type":"product","link":"https:\/\/www.huntersfriend.eu\/de\/produkt\/lava-v-200-premium-x-vakuumiergeraet\/","title":{"rendered":"Lava v.200 Premium X Vakuumierger\u00e4t"},"content":{"rendered":"<p><span class=\"jCAhz ChMk0b\"><span class=\"ryNqvb\">Das Lava V.200 Premium X ist ein vollautomatisches, benutzerfreundliches Vakuumierger\u00e4t. <\/span><\/span> <span class=\"jCAhz ChMk0b\"><span class=\"ryNqvb\">Das Ger\u00e4t eignet sich hervorragend zum Vakuumieren von Wild, Fisch und anderen naturbelassenen Lebensmitteln.<\/span><\/span> <span class=\"jCAhz ChMk0b\"><span class=\"ryNqvb\">Sie k\u00f6nnen per Knopfdruck zwischen automatischer und manueller Versiegelung w\u00e4hlen, je nach Ihren Bed\u00fcrfnissen und Pr\u00e4ferenzen.<\/span><\/span> <span class=\"jCAhz ChMk0b\"><span class=\"ryNqvb\">Das Ger\u00e4t kann alle Arten von Vakuumbeuteln und -rollen mit einer maximalen Dicke von 200 \u00b5m und einer maximalen Breite von 340 mm vakuumieren.<\/span><\/span> <span class=\"jCAhz ChMk0b\"><span class=\"ryNqvb\">Die LED-Lichtanzeige des Manometers zeigt den erreichten Unterdruck an.<\/span><\/span><\/p>\n<p><span class=\"jCAhz ChMk0b\"><span class=\"ryNqvb\">Vakuumierger\u00e4t mit w\u00e4hlbarem automatischen oder manuellen Betrieb<\/span><\/span><\/p>\n<p><span class=\"jCAhz ChMk0b\"><span class=\"ryNqvb\">Vollautomatisch: Vakuumieren, Versiegeln &amp; Abdichten<\/span><\/span><\/p>\n<p><span class=\"jCAhz ChMk0b\"><span class=\"ryNqvb\">Versiegelung von Vakuumbeuteln bis zu 200\u03bcm Dicke<\/span><\/span><\/p>\n<p><span class=\"jCAhz ChMk0b\"><span class=\"ryNqvb\">Breite des Versiegelungsstreifens 340 mm (Doppelnaht)<\/span><\/span><\/p>\n<p><span class=\"jCAhz ChMk0b\"><span class=\"ryNqvb\">Fl\u00fcssigkeitsabscheider mit zweistufigem Filtersystem<\/span><\/span><\/p>\n<p><span class=\"jCAhz ChMk0b\"><span class=\"ryNqvb\">Stufenlos einstellbare Versiegelungszeit<\/span><\/span><\/p>\n<p><span class=\"jCAhz ChMk0b\"><span class=\"ryNqvb\">Manometer: LED-Lichtanzeige<\/span><\/span><\/p>\n<p><span class=\"jCAhz ChMk0b\"><span class=\"ryNqvb\">Saugleistung: 35 l \/ min<\/span><\/span><\/p>\n<p><span class=\"jCAhz ChMk0b\"><span class=\"ryNqvb\">Maximaler Unterdruck: -0,94 bar<\/span><\/span><\/p>\n<p><span class=\"jCAhz ChMk0b\"><span class=\"ryNqvb\">Leistung: 500 W<\/span><\/span><\/p>\n<p><span class=\"jCAhz ChMk0b\"><span class=\"ryNqvb\">Abmessungen: 410 x 230 x 98 mm<\/span><\/span><\/p>\n<p><span class=\"jCAhz ChMk0b\"><span class=\"ryNqvb\">Gewicht: 4,40 kg<\/span><\/span><\/p>\n<p><span class=\"jCAhz ChMk0b\"><span class=\"ryNqvb\">Lieferumfang: Lava V.200 Premium Vakuumierger\u00e4t, Absaugvorrichtung, Starterbeutel, Bedienungsanleitung. <\/span><\/span><\/p>\n","protected":false},"excerpt":{"rendered":"<p>Das Lava V.200 Premium X ist ein vollautomatisches, benutzerfreundliches Vakuumierger\u00e4t. Das Ger\u00e4t eignet sich hervorragend zum Vakuumieren von Wild, Fisch und anderen naturbelassenen Lebensmitteln. Sie k\u00f6nnen per Knopfdruck zwischen automatischer und manueller Versiegelung w\u00e4hlen, je nach Ihren Bed\u00fcrfnissen und Pr\u00e4ferenzen. Das Ger\u00e4t kann alle Arten von Vakuumbeuteln und -rollen mit einer maximalen Dicke von 200 [&#8230;]\n","protected":false},"featured_media":266925,"comment_status":"open","ping_status":"closed","template":"","meta":[],"product_brand":[],"product_cat":[2747],"product_tag":[],"class_list":{"0":"post-280438","1":"product","2":"type-product","3":"status-publish","4":"has-post-thumbnail","6":"product_cat-vakuumforpackare-och-kottkvarnar","7":"product_shipping_class-medium-de","9":"first","10":"instock","11":"taxable","12":"shipping-taxable","13":"purchasable","14":"product-type-simple"},"composite_virtual":false,"composite_layout":"","composite_add_to_cart_form_location":"","composite_editable_in_cart":false,"composite_sold_individually_context":"","composite_shop_price_calc":"","composite_components":[],"composite_scenarios":[],"group_of_quantity":0,"min_quantity":0,"max_quantity":"","exclude_order_quantity_value_rules":"no","exclude_category_quantity_rules":"no","combine_variations":"no","exclude_global_add_ons":[],"addons":[],"_links":{"self":[{"href":"https:\/\/www.huntersfriend.eu\/de\/wp-json\/wp\/v2\/product\/280438","targetHints":{"allow":["GET"]}}],"collection":[{"href":"https:\/\/www.huntersfriend.eu\/de\/wp-json\/wp\/v2\/product"}],"about":[{"href":"https:\/\/www.huntersfriend.eu\/de\/wp-json\/wp\/v2\/types\/product"}],"replies":[{"embeddable":true,"href":"https:\/\/www.huntersfriend.eu\/de\/wp-json\/wp\/v2\/comments?post=280438"}],"wp:featuredmedia":[{"embeddable":true,"href":"https:\/\/www.huntersfriend.eu\/de\/wp-json\/wp\/v2\/media\/266925"}],"wp:attachment":[{"href":"https:\/\/www.huntersfriend.eu\/de\/wp-json\/wp\/v2\/media?parent=280438"}],"wp:term":[{"taxonomy":"product_brand","embeddable":true,"href":"https:\/\/www.huntersfriend.eu\/de\/wp-json\/wp\/v2\/product_brand?post=280438"},{"taxonomy":"product_cat","embeddable":true,"href":"https:\/\/www.huntersfriend.eu\/de\/wp-json\/wp\/v2\/product_cat?post=280438"},{"taxonomy":"product_tag","embeddable":true,"href":"https:\/\/www.huntersfriend.eu\/de\/wp-json\/wp\/v2\/product_tag?post=280438"}],"curies":[{"name":"wp","href":"https:\/\/api.w.org\/{rel}","templated":true}]}}