{"id":280437,"date":"2024-04-03T11:32:17","date_gmt":"2025-06-23T07:49:51","guid":{"rendered":"https:\/\/www.huntersfriend.eu\/product\/lava-v-300-premium-x-vakuumiergeraet\/"},"modified":"2026-02-25T10:36:56","modified_gmt":"2026-02-25T08:36:56","slug":"lava-v-300-premium-x-vakuumiergeraet","status":"publish","type":"product","link":"https:\/\/www.huntersfriend.eu\/de\/produkt\/lava-v-300-premium-x-vakuumiergeraet\/","title":{"rendered":"Lava v.300 premium x Vakuumierger\u00e4t"},"content":{"rendered":"<p>Das V300 PREMIUM X verf\u00fcgt sowohl \u00fcber manuelle als auch automatische Funktionen und erleichtert das Vakuumverpacken gro\u00dfer Mengen von Produkten. Das V300 PREMIUM X ist mit einem Manometer und einem variablen Druckventil ausgestattet, wodurch es m\u00f6glich ist, den Druck zu reduzieren. Dies ist praktisch, um weichere Lebensmittel schnell und effizient zu vakuumieren. Lava-Ger\u00e4te werden in Deutschland hergestellt und haben eine 2-j\u00e4hrige Garantie   <\/p>\n<p>Das V300 PREMIUM X arbeitet sowohl mit Vakuumbeuteln als auch mit Folienrollen. Wie alle Au\u00dfenkammer-Ger\u00e4te funktioniert die LAVA-Reihe von Vakuumierger\u00e4ten mit speziellen strukturierten Beuteln. Es kann Gr\u00f6\u00dfen bis zu 30 cm Breite aufnehmen und entfernt die Luft aus einem mittelgro\u00dfen Beutel (20 cm x 30 cm) in etwa 10 Sekunden. Das V300 PREMIUM X verf\u00fcgt nun \u00fcber eine Doppelversiegelung, wobei jeder Siegelstreifen 5 mm breit ist. Das V300 PREMIUM X hat ein Manometer, das den Vakuumdruck sehr genau anzeigt. Die PREMIUM X-Reihe ist zudem mit Magnetstreifen ausgestattet, wodurch nur sehr wenig Druck auf den Deckel erforderlich ist. Das V300 PREMIUM X verf\u00fcgt sowohl \u00fcber einen vollautomatischen als auch einen manuellen Modus, was es zum beliebtesten Ger\u00e4t unter den Haushaltsger\u00e4ten macht.      <\/p>\n<p>Das V300 PREMIUM X kann auch zum Vakuumieren von Acrylbeh\u00e4ltern verwendet werden, wobei der mitgelieferte Vakuumpumpenaufsatz zum Einsatz kommt. Die Beh\u00e4lter sind perfekt geeignet, um Salate, Obst und Gem\u00fcse bis zu f\u00fcnfmal l\u00e4nger als \u00fcblich in Topzustand zu halten. Die Acrylbeh\u00e4lter stammen ebenfalls aus Deutschland und sind f\u00fcr die Verwendung im K\u00fchlschrank, Gefrierschrank, in der Mikrowelle und in der Sp\u00fclmaschine geeignet.  <\/p>\n<p><strong>Spezifikationen<\/strong><\/p>\n<p>Anzahl der Pumpen: 1<\/p>\n<p>Saugleistung: 35 l\/min<\/p>\n<p>Maximaler Vakuumdruck: -0,80 bar<\/p>\n<p>Druckanzeige: Zeigermanometer<\/p>\n<p>Siegelbandbreite: 300 mm<\/p>\n<p>Doppelter Siegelstreifen: Ja<\/p>\n<p>Manuelle Siegelfunktion: Ja<\/p>\n<p>Automatische Versiegelung: Ja<\/p>\n<p>Fl\u00fcssigkeitsabsaugung: Ja<\/p>\n<p>Farbe: Grau &amp; schwarz<\/p>\n<p>Spannung: 230 V<\/p>\n<p>Leistung: 500 W<\/p>\n<p>Gesamtabmessungen: 410x230x98 mm<\/p>\n<p>Gewicht: 4,40 kg<\/p>\n","protected":false},"excerpt":{"rendered":"<p>Das V300 PREMIUM X verf\u00fcgt sowohl \u00fcber manuelle als auch automatische Funktionen und erleichtert das Vakuumverpacken gro\u00dfer Mengen von Produkten. Das V300 PREMIUM X ist mit einem Manometer und einem variablen Druckventil ausgestattet, wodurch es m\u00f6glich ist, den Druck zu reduzieren. Dies ist praktisch, um weichere Lebensmittel schnell und effizient zu vakuumieren. Lava-Ger\u00e4te werden in [&#8230;]\n","protected":false},"featured_media":266921,"comment_status":"open","ping_status":"closed","template":"","meta":[],"product_brand":[],"product_cat":[2747,867],"product_tag":[],"class_list":{"0":"post-280437","1":"product","2":"type-product","3":"status-publish","4":"has-post-thumbnail","6":"product_cat-vakuumforpackare-och-kottkvarnar","7":"product_cat-vacuum-sealers-and-meat-grinders","8":"product_shipping_class-medium-de","10":"first","11":"instock","12":"taxable","13":"shipping-taxable","14":"purchasable","15":"product-type-simple"},"composite_virtual":false,"composite_layout":"","composite_add_to_cart_form_location":"","composite_editable_in_cart":false,"composite_sold_individually_context":"","composite_shop_price_calc":"","composite_components":[],"composite_scenarios":[],"group_of_quantity":0,"min_quantity":0,"max_quantity":"","exclude_order_quantity_value_rules":"no","exclude_category_quantity_rules":"no","combine_variations":"no","exclude_global_add_ons":[],"addons":[],"_links":{"self":[{"href":"https:\/\/www.huntersfriend.eu\/de\/wp-json\/wp\/v2\/product\/280437","targetHints":{"allow":["GET"]}}],"collection":[{"href":"https:\/\/www.huntersfriend.eu\/de\/wp-json\/wp\/v2\/product"}],"about":[{"href":"https:\/\/www.huntersfriend.eu\/de\/wp-json\/wp\/v2\/types\/product"}],"replies":[{"embeddable":true,"href":"https:\/\/www.huntersfriend.eu\/de\/wp-json\/wp\/v2\/comments?post=280437"}],"wp:featuredmedia":[{"embeddable":true,"href":"https:\/\/www.huntersfriend.eu\/de\/wp-json\/wp\/v2\/media\/266921"}],"wp:attachment":[{"href":"https:\/\/www.huntersfriend.eu\/de\/wp-json\/wp\/v2\/media?parent=280437"}],"wp:term":[{"taxonomy":"product_brand","embeddable":true,"href":"https:\/\/www.huntersfriend.eu\/de\/wp-json\/wp\/v2\/product_brand?post=280437"},{"taxonomy":"product_cat","embeddable":true,"href":"https:\/\/www.huntersfriend.eu\/de\/wp-json\/wp\/v2\/product_cat?post=280437"},{"taxonomy":"product_tag","embeddable":true,"href":"https:\/\/www.huntersfriend.eu\/de\/wp-json\/wp\/v2\/product_tag?post=280437"}],"curies":[{"name":"wp","href":"https:\/\/api.w.org\/{rel}","templated":true}]}}