{"id":280429,"date":"2024-03-23T01:10:14","date_gmt":"2024-03-22T23:10:14","guid":{"rendered":"https:\/\/www.huntersfriend.eu\/product\/sitka-fanatic-jacke-fuer-linkshaender-optifade-elevated-ii\/"},"modified":"2026-02-05T15:18:14","modified_gmt":"2026-02-05T13:18:14","slug":"sitka-fanatic-jacke-fuer-linkshaender-optifade-elevated-ii","status":"publish","type":"product","link":"https:\/\/www.huntersfriend.eu\/de\/produkt\/sitka-fanatic-jacke-fuer-linkshaender-optifade-elevated-ii\/","title":{"rendered":"SITKA Fanatic Jacke f\u00fcr Linksh\u00e4nder (Optifade Elevated II)"},"content":{"rendered":"<p>Die Fanatic Jacke f\u00fcr Linksh\u00e4nder ist das Komplettpaket f\u00fcr ultraleise W\u00e4rme und verwendet das fortschrittlichste ger\u00e4uschd\u00e4mpfende Material in der Jagdwelt. Ausgestattet mit einem hochgradig ger\u00e4uscharmen Berber-Fleece-Au\u00dfenmaterial, einer ultraleisen WINDSTOPPER\u00ae by GORE-TEX LABS Technology-Barriere f\u00fcr 100% winddichte W\u00e4rme und PrimaLoft\u00ae Silver Hi-Loft Ultra Isolierung f\u00fcr die k\u00e4ltesten Tage auf dem Hochsitz. Die k\u00f6rpergerechte Konstruktion optimiert den Bogenzyklus f\u00fcr die Bogensehnenfreiheit und reduziert gleichzeitig das Volumen im Zugarm, um Ger\u00e4usche zu minimieren und den Pfeilflug pr\u00e4zise zu halten. Der Constant-Connect SITKA\u00ae Sicherheitsgurtanschluss eliminiert die Notwendigkeit, sich vom Gurt zu l\u00f6sen, wenn Schichten hinzugef\u00fcgt oder entfernt werden. Ohne Zweifel ist dies die leiseste Jagdjacke auf dem Planeten.    <\/p>\n<p class=\" text-[30px] font-bold tracking-wide pb-[16px] md:pb-[20px] text-center\">Warum wir dies entwickelt haben&#8230;<\/p>\n<p class=\"text-[13px] text-center lg:px-[18px]\">Wir stellten fest, dass J\u00e4ger eine voll ausgestattete Jacke f\u00fcr die sp\u00e4te Saison ben\u00f6tigten, die kalten Winden standhalten und gleichzeitig ultraleise bleiben konnte. Mit der Fanatic haben wir uns vorgenommen, diesen Bedarf und mehr zu erf\u00fcllen. Wir haben das Gewebe im Vergleich zur H\u00f6rwahrnehmung von Wei\u00dfwedelhirschen getestet und uns f\u00fcr eine WINDSTOPPER\u00ae by GORE-TEX LABS-Barriere entschieden, die zwischen Berber-Fleece-Au\u00dfenmaterial und Primaloft\u00ae Silver-Isolierung eingebettet ist. Aufgrund unseres innovativen Diagonalrei\u00dfverschluss-Designs konnten wir einen durchgehenden Handw\u00e4rmer integrieren, der mit Berber-Fleece ausgekleidet ist und au\u00dfergew\u00f6hnliche W\u00e4rme bietet. Um das Design abzurunden, haben wir funktionale Taschen f\u00fcr einen Entfernungsmesser und ein Lockinstrument hinzugef\u00fcgt, die den diagonalen Rei\u00dfverschluss flankieren und schnell griffbereit sind.    <\/p>\n","protected":false},"excerpt":{"rendered":"<p>Die Fanatic Jacke f\u00fcr Linksh\u00e4nder ist das Komplettpaket f\u00fcr ultraleise W\u00e4rme und verwendet das fortschrittlichste ger\u00e4uschd\u00e4mpfende Material in der Jagdwelt. Ausgestattet mit einem hochgradig ger\u00e4uscharmen Berber-Fleece-Au\u00dfenmaterial, einer ultraleisen WINDSTOPPER\u00ae by GORE-TEX LABS Technology-Barriere f\u00fcr 100% winddichte W\u00e4rme und PrimaLoft\u00ae Silver Hi-Loft Ultra Isolierung f\u00fcr die k\u00e4ltesten Tage auf dem Hochsitz. Die k\u00f6rpergerechte Konstruktion optimiert den [&#8230;]\n","protected":false},"featured_media":266486,"comment_status":"open","ping_status":"closed","template":"","meta":[],"product_brand":[],"product_cat":[1384,1222],"product_tag":[],"class_list":{"0":"post-280429","1":"product","2":"type-product","3":"status-publish","4":"has-post-thumbnail","6":"product_cat-jacken","7":"product_cat-sonderangebote","9":"first","10":"outofstock","11":"sale","12":"taxable","13":"shipping-taxable","14":"purchasable","15":"product-type-variable"},"composite_virtual":false,"composite_layout":"","composite_add_to_cart_form_location":"","composite_editable_in_cart":false,"composite_sold_individually_context":"","composite_shop_price_calc":"","composite_components":[],"composite_scenarios":[],"group_of_quantity":0,"min_quantity":0,"max_quantity":"","exclude_order_quantity_value_rules":"no","exclude_category_quantity_rules":"no","combine_variations":"no","exclude_global_add_ons":[],"addons":[],"_links":{"self":[{"href":"https:\/\/www.huntersfriend.eu\/de\/wp-json\/wp\/v2\/product\/280429","targetHints":{"allow":["GET"]}}],"collection":[{"href":"https:\/\/www.huntersfriend.eu\/de\/wp-json\/wp\/v2\/product"}],"about":[{"href":"https:\/\/www.huntersfriend.eu\/de\/wp-json\/wp\/v2\/types\/product"}],"replies":[{"embeddable":true,"href":"https:\/\/www.huntersfriend.eu\/de\/wp-json\/wp\/v2\/comments?post=280429"}],"wp:featuredmedia":[{"embeddable":true,"href":"https:\/\/www.huntersfriend.eu\/de\/wp-json\/wp\/v2\/media\/266486"}],"wp:attachment":[{"href":"https:\/\/www.huntersfriend.eu\/de\/wp-json\/wp\/v2\/media?parent=280429"}],"wp:term":[{"taxonomy":"product_brand","embeddable":true,"href":"https:\/\/www.huntersfriend.eu\/de\/wp-json\/wp\/v2\/product_brand?post=280429"},{"taxonomy":"product_cat","embeddable":true,"href":"https:\/\/www.huntersfriend.eu\/de\/wp-json\/wp\/v2\/product_cat?post=280429"},{"taxonomy":"product_tag","embeddable":true,"href":"https:\/\/www.huntersfriend.eu\/de\/wp-json\/wp\/v2\/product_tag?post=280429"}],"curies":[{"name":"wp","href":"https:\/\/api.w.org\/{rel}","templated":true}]}}