{"id":280428,"date":"2024-04-03T13:15:23","date_gmt":"2025-06-23T07:49:48","guid":{"rendered":"https:\/\/www.huntersfriend.eu\/product\/na-fo-gps-telefonhalterung\/"},"modified":"2025-06-23T09:49:48","modified_gmt":"2025-06-23T07:49:48","slug":"na-fo-gps-telefonhalterung","status":"publish","type":"product","link":"https:\/\/www.huntersfriend.eu\/de\/produkt\/na-fo-gps-telefonhalterung\/","title":{"rendered":"NA-FO GPS Telefonhalterung"},"content":{"rendered":"<p>Die NA-FO GPS Telefonhalterung (Hergestellt in Finnland) sch\u00fctzt Ihr Telefon vor St\u00f6\u00dfen, Regen und Frost. Die schnee- und staubdichte H\u00fclle h\u00e4lt Ihr Telefon griffbereit, l\u00e4sst aber Ihre H\u00e4nde frei. Die H\u00fclle ist aus wasserdichten Materialien gefertigt, jedoch sind die N\u00e4hte nicht verklebt. Empfohlene Betriebstemperatur -25\u00b0C bis +30\u00b0C.   <\/p>\n<p>Gr\u00f6\u00dfe XS: B 90 mm x H 155 mm<\/p>\n<p>Gr\u00f6\u00dfe S: L 95 mm x H 173 mm<\/p>\n<p>Gr\u00f6\u00dfe M: B 110 mm x H 180 mm<\/p>\n<p>Gr\u00f6\u00dfe L: B 112 mm x H 210 mm<\/p>\n<p>Bitte beachten Sie, dass sich die Innenabmessung je nach Telefonmodell um etwa 20-30 mm reduziert.<\/p>\n","protected":false},"excerpt":{"rendered":"<p>Die NA-FO GPS Telefonhalterung (Hergestellt in Finnland) sch\u00fctzt Ihr Telefon vor St\u00f6\u00dfen, Regen und Frost. Die schnee- und staubdichte H\u00fclle h\u00e4lt Ihr Telefon griffbereit, l\u00e4sst aber Ihre H\u00e4nde frei. Die H\u00fclle ist aus wasserdichten Materialien gefertigt, jedoch sind die N\u00e4hte nicht verklebt. Empfohlene Betriebstemperatur -25\u00b0C bis +30\u00b0C. Gr\u00f6\u00dfe XS: B 90 mm x H 155 [&#8230;]\n","protected":false},"featured_media":266810,"comment_status":"open","ping_status":"closed","template":"","meta":[],"product_brand":[],"product_cat":[2050,1391,1404,1171],"product_tag":[],"class_list":{"0":"post-280428","1":"product","2":"type-product","3":"status-publish","4":"has-post-thumbnail","6":"product_cat-campingzubehor","7":"product_cat-material-und-zubehor","8":"product_cat-jagdzubehor","9":"product_cat-sitz-und-schirm-zubehoer","11":"first","12":"instock","13":"taxable","14":"shipping-taxable","15":"purchasable","16":"product-type-variable"},"composite_virtual":false,"composite_layout":"","composite_add_to_cart_form_location":"","composite_editable_in_cart":false,"composite_sold_individually_context":"","composite_shop_price_calc":"","composite_components":[],"composite_scenarios":[],"group_of_quantity":0,"min_quantity":0,"max_quantity":"","exclude_order_quantity_value_rules":"no","exclude_category_quantity_rules":"no","combine_variations":"no","exclude_global_add_ons":[],"addons":[],"_links":{"self":[{"href":"https:\/\/www.huntersfriend.eu\/de\/wp-json\/wp\/v2\/product\/280428","targetHints":{"allow":["GET"]}}],"collection":[{"href":"https:\/\/www.huntersfriend.eu\/de\/wp-json\/wp\/v2\/product"}],"about":[{"href":"https:\/\/www.huntersfriend.eu\/de\/wp-json\/wp\/v2\/types\/product"}],"replies":[{"embeddable":true,"href":"https:\/\/www.huntersfriend.eu\/de\/wp-json\/wp\/v2\/comments?post=280428"}],"wp:featuredmedia":[{"embeddable":true,"href":"https:\/\/www.huntersfriend.eu\/de\/wp-json\/wp\/v2\/media\/266810"}],"wp:attachment":[{"href":"https:\/\/www.huntersfriend.eu\/de\/wp-json\/wp\/v2\/media?parent=280428"}],"wp:term":[{"taxonomy":"product_brand","embeddable":true,"href":"https:\/\/www.huntersfriend.eu\/de\/wp-json\/wp\/v2\/product_brand?post=280428"},{"taxonomy":"product_cat","embeddable":true,"href":"https:\/\/www.huntersfriend.eu\/de\/wp-json\/wp\/v2\/product_cat?post=280428"},{"taxonomy":"product_tag","embeddable":true,"href":"https:\/\/www.huntersfriend.eu\/de\/wp-json\/wp\/v2\/product_tag?post=280428"}],"curies":[{"name":"wp","href":"https:\/\/api.w.org\/{rel}","templated":true}]}}