{"id":280414,"date":"2024-08-03T00:04:18","date_gmt":"2025-06-23T07:45:50","guid":{"rendered":"https:\/\/www.huntersfriend.eu\/product\/genericproductname-softshell-hose-mit-verbundmaterial\/"},"modified":"2025-08-10T04:34:25","modified_gmt":"2025-08-10T02:34:25","slug":"genericproductname-softshell-hose-mit-verbundmaterial","status":"publish","type":"product","link":"https:\/\/www.huntersfriend.eu\/de\/produkt\/genericproductname-softshell-hose-mit-verbundmaterial\/","title":{"rendered":"GenericProductName Softshell-Hose mit Verbundmaterial"},"content":{"rendered":"<p>Unsere Softshell-Hose wird Sie niemals einschr\u00e4nken oder behindern, w\u00e4hrend Sie sitzen oder klettern. Gefertigt aus einem dehnbaren Polyester-Au\u00dfenmaterial, das mit einem dicken, nicht pillenden Fleece verbunden ist, h\u00e4lt dieses zweilagige Gewebedesign Sie warm und sch\u00fctzt Sie vor der K\u00e4lte der Zwischensaison. Die DWR-Ausr\u00fcstung auf dem Au\u00dfenmaterial st\u00f6\u00dft leichten Schnee und Regen ab, w\u00e4hrend das Tarnen\u00ae-Tarnmuster Sie vor Ihrer Beute verbirgt. Mit reichlich Stauraum, einschlie\u00dflich tiefer Vordertaschen, aufgesetzter Ges\u00e4\u00dftaschen und gro\u00dfer seitlicher Cargotaschen, k\u00f6nnen Sie Ihre Utensilien stets bei sich tragen. Gro\u00dfz\u00fcgige Beinabschl\u00fcsse mit Rei\u00dfverschluss\u00f6ffnungen bieten ausreichend Platz f\u00fcr Ihre bevorzugten Jagdstiefel. Tragen Sie sie allein oder \u00fcber einer Grundschicht w\u00e4hrend der mittleren bis sp\u00e4ten Jagdsaison auf dem Hochsitz.     <\/p>\n<p>Artikelnummer: 981-TRN<\/p>\n<p>Tarnmuster: tarnen\u00ae<\/p>\n<p>Au\u00dfenmaterial: Dehnbares Polyester, verbunden mit einem dicken, nicht pillenden Fleece f\u00fcr ein Gesamtgewicht von ca. 340g. 100% Polyester. <\/p>\n<p>Behandlung: Dauerhaft wasserabweisende (DWR) Ausr\u00fcstung auf der Stoffoberfl\u00e4che zum Abperlen von Feuchtigkeit und leichtem Schnee<\/p>\n<p>Taschen: Zwei Schr\u00e4gtaschen, zwei aufgesetzte Ges\u00e4\u00dftaschen und zwei Cargotaschen<\/p>\n<p>Beine: Seitliche Rei\u00dfverschl\u00fcsse am Bein mit einer L\u00e4nge von ca. 40 cm<\/p>\n<p>Taille: 5 G\u00fcrtelschlaufen und Taillenverschluss mit zus\u00e4tzlichem Knopf<\/p>\n<p>Empfohlener Temperaturbereich: -1\u00b0C bis 10\u00b0C mit Schichtung nach Bedarf<\/p>\n","protected":false},"excerpt":{"rendered":"<p>Unsere Softshell-Hose wird Sie niemals einschr\u00e4nken oder behindern, w\u00e4hrend Sie sitzen oder klettern. Gefertigt aus einem dehnbaren Polyester-Au\u00dfenmaterial, das mit einem dicken, nicht pillenden Fleece verbunden ist, h\u00e4lt dieses zweilagige Gewebedesign Sie warm und sch\u00fctzt Sie vor der K\u00e4lte der Zwischensaison. Die DWR-Ausr\u00fcstung auf dem Au\u00dfenmaterial st\u00f6\u00dft leichten Schnee und Regen ab, w\u00e4hrend das Tarnen\u00ae-Tarnmuster [&#8230;]\n","protected":false},"featured_media":271825,"comment_status":"open","ping_status":"closed","template":"","meta":[],"product_brand":[],"product_cat":[1128],"product_tag":[],"class_list":{"0":"post-280414","1":"product","2":"type-product","3":"status-publish","4":"has-post-thumbnail","6":"product_cat-hosen","8":"first","9":"instock","10":"taxable","11":"shipping-taxable","12":"purchasable","13":"product-type-variable"},"composite_virtual":false,"composite_layout":"","composite_add_to_cart_form_location":"","composite_editable_in_cart":false,"composite_sold_individually_context":"","composite_shop_price_calc":"","composite_components":[],"composite_scenarios":[],"group_of_quantity":0,"min_quantity":0,"max_quantity":"","exclude_order_quantity_value_rules":"no","exclude_category_quantity_rules":"no","combine_variations":"no","exclude_global_add_ons":[],"addons":[],"_links":{"self":[{"href":"https:\/\/www.huntersfriend.eu\/de\/wp-json\/wp\/v2\/product\/280414","targetHints":{"allow":["GET"]}}],"collection":[{"href":"https:\/\/www.huntersfriend.eu\/de\/wp-json\/wp\/v2\/product"}],"about":[{"href":"https:\/\/www.huntersfriend.eu\/de\/wp-json\/wp\/v2\/types\/product"}],"replies":[{"embeddable":true,"href":"https:\/\/www.huntersfriend.eu\/de\/wp-json\/wp\/v2\/comments?post=280414"}],"wp:featuredmedia":[{"embeddable":true,"href":"https:\/\/www.huntersfriend.eu\/de\/wp-json\/wp\/v2\/media\/271825"}],"wp:attachment":[{"href":"https:\/\/www.huntersfriend.eu\/de\/wp-json\/wp\/v2\/media?parent=280414"}],"wp:term":[{"taxonomy":"product_brand","embeddable":true,"href":"https:\/\/www.huntersfriend.eu\/de\/wp-json\/wp\/v2\/product_brand?post=280414"},{"taxonomy":"product_cat","embeddable":true,"href":"https:\/\/www.huntersfriend.eu\/de\/wp-json\/wp\/v2\/product_cat?post=280414"},{"taxonomy":"product_tag","embeddable":true,"href":"https:\/\/www.huntersfriend.eu\/de\/wp-json\/wp\/v2\/product_tag?post=280414"}],"curies":[{"name":"wp","href":"https:\/\/api.w.org\/{rel}","templated":true}]}}