{"id":280409,"date":"2024-08-29T00:20:12","date_gmt":"2025-06-23T07:45:49","guid":{"rendered":"https:\/\/www.huntersfriend.eu\/product\/sitka-ballistische-muetze-leuchtend-orange\/"},"modified":"2025-07-31T14:01:22","modified_gmt":"2025-07-31T12:01:22","slug":"sitka-ballistische-muetze-leuchtend-orange","status":"publish","type":"product","link":"https:\/\/www.huntersfriend.eu\/de\/produkt\/sitka-ballistische-muetze-leuchtend-orange\/","title":{"rendered":"SITKA Ballistische M\u00fctze &#8211; Leuchtend Orange"},"content":{"rendered":"<p>Gefertigt aus einem strapazierf\u00e4higen, doppelt gewebten orangefarbenen Obermaterial, sorgt die Ballistische M\u00fctze daf\u00fcr, dass Sie f\u00fcr Ihre Mitj\u00e4ger gut sichtbar bleiben.<\/p>\n<p>Gewicht: 90,72 g.<\/p>\n<p>Material: Polyester-Doppelgewebe.<\/p>\n<p>Verstellbarer Klettverschluss: F\u00fcr eine individuell anpassbare Passform.<\/p>\n<p>Wasserabweisende Ausr\u00fcstung: Die DWR-Ausr\u00fcstung widersteht leichtem Niederschlag und verhindert ein Durchn\u00e4ssen des Obermaterials.<\/p>\n","protected":false},"excerpt":{"rendered":"<p>Verstellbar<\/p>\n","protected":false},"featured_media":272437,"comment_status":"open","ping_status":"closed","template":"","meta":[],"product_brand":[],"product_cat":[1215],"product_tag":[],"class_list":{"0":"post-280409","1":"product","2":"type-product","3":"status-publish","4":"has-post-thumbnail","6":"product_cat-handschuh-socken-und-kopfbedeckung","8":"first","9":"instock","10":"taxable","11":"shipping-taxable","12":"purchasable","13":"product-type-simple"},"composite_virtual":false,"composite_layout":"","composite_add_to_cart_form_location":"","composite_editable_in_cart":false,"composite_sold_individually_context":"","composite_shop_price_calc":"","composite_components":[],"composite_scenarios":[],"group_of_quantity":0,"min_quantity":0,"max_quantity":"","exclude_order_quantity_value_rules":"no","exclude_category_quantity_rules":"no","combine_variations":"no","exclude_global_add_ons":[],"addons":[],"_links":{"self":[{"href":"https:\/\/www.huntersfriend.eu\/de\/wp-json\/wp\/v2\/product\/280409","targetHints":{"allow":["GET"]}}],"collection":[{"href":"https:\/\/www.huntersfriend.eu\/de\/wp-json\/wp\/v2\/product"}],"about":[{"href":"https:\/\/www.huntersfriend.eu\/de\/wp-json\/wp\/v2\/types\/product"}],"replies":[{"embeddable":true,"href":"https:\/\/www.huntersfriend.eu\/de\/wp-json\/wp\/v2\/comments?post=280409"}],"wp:featuredmedia":[{"embeddable":true,"href":"https:\/\/www.huntersfriend.eu\/de\/wp-json\/wp\/v2\/media\/272437"}],"wp:attachment":[{"href":"https:\/\/www.huntersfriend.eu\/de\/wp-json\/wp\/v2\/media?parent=280409"}],"wp:term":[{"taxonomy":"product_brand","embeddable":true,"href":"https:\/\/www.huntersfriend.eu\/de\/wp-json\/wp\/v2\/product_brand?post=280409"},{"taxonomy":"product_cat","embeddable":true,"href":"https:\/\/www.huntersfriend.eu\/de\/wp-json\/wp\/v2\/product_cat?post=280409"},{"taxonomy":"product_tag","embeddable":true,"href":"https:\/\/www.huntersfriend.eu\/de\/wp-json\/wp\/v2\/product_tag?post=280409"}],"curies":[{"name":"wp","href":"https:\/\/api.w.org\/{rel}","templated":true}]}}