{"id":280408,"date":"2024-08-03T00:04:17","date_gmt":"2025-06-23T07:45:48","guid":{"rendered":"https:\/\/www.huntersfriend.eu\/product\/huntworth-damen-winsted-jacke\/"},"modified":"2025-08-12T04:54:45","modified_gmt":"2025-08-12T02:54:45","slug":"huntworth-damen-winsted-jacke","status":"publish","type":"product","link":"https:\/\/www.huntersfriend.eu\/de\/produkt\/huntworth-damen-winsted-jacke\/","title":{"rendered":"Huntworth Damen Winsted Jacke"},"content":{"rendered":"<p>Bleiben Sie trocken und l\u00e4nger drau\u00dfen mit der wasserdichten Winsted Regenjacke f\u00fcr Damen in Tarnen. Leicht und atmungsaktiv, ist sie mehr als nur Regenkleidung. Ziehen Sie die Jacke f\u00fcr eine schnelle Tarnung an oder nutzen Sie sie als Windschutz. Au\u00dferordentlich kompakt, ist sie perfekt in Ihrem Rucksack zu verstauen, wenn das Wetter umschl\u00e4gt.   <\/p>\n<p><strong>Die leichte, wasserdichte Winsted Trikot-Regenjacke in Tarnen\u00ae<\/strong> wurde speziell entwickelt, um N\u00e4sse abzuhalten und Trockenheit zu bewahren. Hergestellt mit einem hybriden Tarnmuster, verf\u00fcgt die Tarnen\u00ae Tarnjacke \u00fcber eine winddichte\/atmungsaktive Filmmembran, die mit der weichen Trikot-Au\u00dfenschicht verbunden ist. Sie hat zu 100% verschwei\u00dfte N\u00e4hte, um alle m\u00f6glichen undichten Stellen abzudichten, und ein atmungsaktives Netzfutter. Diese wasserdichte Jagdjacke ist so konzipiert, dass sie auch dem nassesten Wetter standh\u00e4lt.   <\/p>\n<p>Es gibt zahlreiche Taschen f\u00fcr Ihre Ausr\u00fcstung, eine verstellbare Kapuze und ein Kordelzug am Saum erm\u00f6glicht eine individuelle Passform. Sie l\u00e4sst sich ordentlich zusammenfalten, sodass Sie sie problemlos verstauen k\u00f6nnen. <\/p>\n<p>Sie m\u00fcssen sich keine Sorgen machen, nass zu werden &#8211; die Jagdregenjacke im Tarnen\u00ae Muster erf\u00fcllt alle Anforderungen. Lassen Sie sich nicht vom Regen \u00fcberraschen &#8211; ohne diese Jacke sollten Sie nicht losgehen! <\/p>\n","protected":false},"excerpt":{"rendered":"<p>Damenjacke<\/p>\n","protected":false},"featured_media":271322,"comment_status":"open","ping_status":"closed","template":"","meta":[],"product_brand":[],"product_cat":[2117],"product_tag":[],"class_list":{"0":"post-280408","1":"product","2":"type-product","3":"status-publish","4":"has-post-thumbnail","6":"product_cat-jagdbekleidung-fur-damen","8":"first","9":"instock","10":"taxable","11":"shipping-taxable","12":"purchasable","13":"product-type-variable"},"composite_virtual":false,"composite_layout":"","composite_add_to_cart_form_location":"","composite_editable_in_cart":false,"composite_sold_individually_context":"","composite_shop_price_calc":"","composite_components":[],"composite_scenarios":[],"group_of_quantity":0,"min_quantity":0,"max_quantity":"","exclude_order_quantity_value_rules":"no","exclude_category_quantity_rules":"no","combine_variations":"no","exclude_global_add_ons":[],"addons":[],"_links":{"self":[{"href":"https:\/\/www.huntersfriend.eu\/de\/wp-json\/wp\/v2\/product\/280408","targetHints":{"allow":["GET"]}}],"collection":[{"href":"https:\/\/www.huntersfriend.eu\/de\/wp-json\/wp\/v2\/product"}],"about":[{"href":"https:\/\/www.huntersfriend.eu\/de\/wp-json\/wp\/v2\/types\/product"}],"replies":[{"embeddable":true,"href":"https:\/\/www.huntersfriend.eu\/de\/wp-json\/wp\/v2\/comments?post=280408"}],"wp:featuredmedia":[{"embeddable":true,"href":"https:\/\/www.huntersfriend.eu\/de\/wp-json\/wp\/v2\/media\/271322"}],"wp:attachment":[{"href":"https:\/\/www.huntersfriend.eu\/de\/wp-json\/wp\/v2\/media?parent=280408"}],"wp:term":[{"taxonomy":"product_brand","embeddable":true,"href":"https:\/\/www.huntersfriend.eu\/de\/wp-json\/wp\/v2\/product_brand?post=280408"},{"taxonomy":"product_cat","embeddable":true,"href":"https:\/\/www.huntersfriend.eu\/de\/wp-json\/wp\/v2\/product_cat?post=280408"},{"taxonomy":"product_tag","embeddable":true,"href":"https:\/\/www.huntersfriend.eu\/de\/wp-json\/wp\/v2\/product_tag?post=280408"}],"curies":[{"name":"wp","href":"https:\/\/api.w.org\/{rel}","templated":true}]}}