{"id":280401,"date":"2024-08-14T00:23:58","date_gmt":"2025-06-23T07:45:47","guid":{"rendered":"https:\/\/www.huntersfriend.eu\/product\/huntworth-patch-logo-kappe\/"},"modified":"2025-07-30T12:51:39","modified_gmt":"2025-07-30T10:51:39","slug":"huntworth-patch-logo-kappe","status":"publish","type":"product","link":"https:\/\/www.huntersfriend.eu\/de\/produkt\/huntworth-patch-logo-kappe\/","title":{"rendered":"Huntworth Patch-Logo-Kappe"},"content":{"rendered":"<p>Diese klassische Trucker-Kappe im mittleren Profil verf\u00fcgt \u00fcber eine Vorderseite aus Baumwolltwill mit einem bestickten Huntworth-Patch sowie einem Netzeinsatz auf der R\u00fcckseite und einem Snapback-Verschluss. Tragen Sie sie am Ende einer Jagd oder bei Unternehmungen mit Freunden und Familie. Sie werden sich schnell in diese Huntworth\u00ae Patch-Logo-Trucker-Kappe verlieben.  <\/p>\n<h3><b>Eigenschaften:<\/b><\/h3>\n<ul>\n<li><strong>Obermaterial:<\/strong> Die strukturierten Vorderpaneele bestehen aus 100% Baumwolltwill, und die R\u00fcckenpaneele sind aus einem hochwertigen, weichen 100% Polyester-Netzstoff gefertigt<\/li>\n<li><strong>Schirm:<\/strong> Vorgeformter Schirm<\/li>\n<li><strong>Verschluss:<\/strong> Verstellbarer Kunststoff-Druckknopfverschluss<\/li>\n<li><strong>Passform:<\/strong> Traditioneller 6-Panel-Trucker-Hut-Stil mit mittlerer Profilpassform<\/li>\n<\/ul>\n","protected":false},"excerpt":{"rendered":"<p>Diese klassische Trucker-Kappe im mittleren Profil verf\u00fcgt \u00fcber eine Vorderseite aus Baumwolltwill mit einem bestickten Huntworth-Patch sowie einem Netzeinsatz auf der R\u00fcckseite und einem Snapback-Verschluss. Tragen Sie sie am Ende einer Jagd oder bei Unternehmungen mit Freunden und Familie. Sie werden sich schnell in diese Huntworth\u00ae Patch-Logo-Trucker-Kappe verlieben. Eigenschaften: Obermaterial: Die strukturierten Vorderpaneele bestehen aus [&#8230;]\n","protected":false},"featured_media":271803,"comment_status":"open","ping_status":"closed","template":"","meta":[],"product_brand":[],"product_cat":[1215],"product_tag":[],"class_list":{"0":"post-280401","1":"product","2":"type-product","3":"status-publish","4":"has-post-thumbnail","6":"product_cat-handschuh-socken-und-kopfbedeckung","8":"first","9":"instock","10":"taxable","11":"shipping-taxable","12":"purchasable","13":"product-type-simple"},"composite_virtual":false,"composite_layout":"","composite_add_to_cart_form_location":"","composite_editable_in_cart":false,"composite_sold_individually_context":"","composite_shop_price_calc":"","composite_components":[],"composite_scenarios":[],"group_of_quantity":0,"min_quantity":0,"max_quantity":"","exclude_order_quantity_value_rules":"no","exclude_category_quantity_rules":"no","combine_variations":"no","exclude_global_add_ons":[],"addons":[],"_links":{"self":[{"href":"https:\/\/www.huntersfriend.eu\/de\/wp-json\/wp\/v2\/product\/280401","targetHints":{"allow":["GET"]}}],"collection":[{"href":"https:\/\/www.huntersfriend.eu\/de\/wp-json\/wp\/v2\/product"}],"about":[{"href":"https:\/\/www.huntersfriend.eu\/de\/wp-json\/wp\/v2\/types\/product"}],"replies":[{"embeddable":true,"href":"https:\/\/www.huntersfriend.eu\/de\/wp-json\/wp\/v2\/comments?post=280401"}],"wp:featuredmedia":[{"embeddable":true,"href":"https:\/\/www.huntersfriend.eu\/de\/wp-json\/wp\/v2\/media\/271803"}],"wp:attachment":[{"href":"https:\/\/www.huntersfriend.eu\/de\/wp-json\/wp\/v2\/media?parent=280401"}],"wp:term":[{"taxonomy":"product_brand","embeddable":true,"href":"https:\/\/www.huntersfriend.eu\/de\/wp-json\/wp\/v2\/product_brand?post=280401"},{"taxonomy":"product_cat","embeddable":true,"href":"https:\/\/www.huntersfriend.eu\/de\/wp-json\/wp\/v2\/product_cat?post=280401"},{"taxonomy":"product_tag","embeddable":true,"href":"https:\/\/www.huntersfriend.eu\/de\/wp-json\/wp\/v2\/product_tag?post=280401"}],"curies":[{"name":"wp","href":"https:\/\/api.w.org\/{rel}","templated":true}]}}