{"id":280394,"date":"2024-08-03T00:04:16","date_gmt":"2025-06-23T07:45:46","guid":{"rendered":"https:\/\/www.huntersfriend.eu\/product\/huntworth-matterhorn-jacke-damen\/"},"modified":"2025-10-14T05:00:30","modified_gmt":"2025-10-14T03:00:30","slug":"huntworth-matterhorn-jacke-damen","status":"publish","type":"product","link":"https:\/\/www.huntersfriend.eu\/de\/produkt\/huntworth-matterhorn-jacke-damen\/","title":{"rendered":"Huntworth Matterhorn Jacke &#8211; Damen"},"content":{"rendered":"<p>Konzipiert, um den schlimmsten Wetterbedingungen standzuhalten, wird Sie die Matterhorn-Jacke in Tarnen durch frostige Sitzungen bringen. Winddicht und wasserdicht, ist sie mit Heat Boost Graphen-Technologie ausgestattet &#8211; sie bietet alles, was Sie ben\u00f6tigen, um warm zu bleiben, ohne zus\u00e4tzlichen Ballast. F\u00fcr Situationen, in denen Frieren keine Option ist. (-23\u00b0C bis -6\u00b0C)   <\/p>\n<p><strong>Die Matterhorn Schwergewichtsjacke ist vollst\u00e4ndig mit <a class=\"heat-boost-info-link\" href=\"https:\/\/huntworthgear.com\/graphene-technology-heat-boost\">Heat Boost\u2122<\/a> Graphen-Sherpa ausgekleidet<\/strong> &#8211; einem Graphen-verst\u00e4rkten Stoff, der f\u00fcr \u00fcberlegene W\u00e4rme entwickelt wurde. Die Jagdjacke ist f\u00fcr Sp\u00e4tsaison-Jagden bei knochenkaltem Wetter konzipiert, wenn Warmhalten entscheidend ist. <\/p>\n<p>Das in das Sherpa eingearbeitete Graphengarn besitzt die dem Graphen inh\u00e4renten Eigenschaften der W\u00e4rmeleitf\u00e4higkeit, Feuchtigkeitsableitung und antimikrobiellen Wirkung. Das Graphen nutzt die Energie Ihres K\u00f6rpers, absorbiert die W\u00e4rme und gibt sie zur\u00fcck, wodurch Sie von einer anhaltenden Strahlungsw\u00e4rme umgeben werden. Die Heat Boost\u2122 Graphen-Technologie verst\u00e4rkt die W\u00e4rme des Sherpas ohne zus\u00e4tzliches Gewicht &#8211; sie maximiert die W\u00e4rme der Jacke und minimiert gleichzeitig den Umfang.  <\/p>\n<p>Diese wasserdichte Jacke in Tarnen ist mit einem hybriden Tarnmuster gestaltet und besteht aus einem stark geb\u00fcrsteten Trikotstoff, der mit einer winddichten Folie verbunden ist. Die N\u00e4hte sind vollst\u00e4ndig versiegelt, was die Jagdjacke zu 100% wasserdicht macht. K\u00f6rper und \u00c4rmel sind vollst\u00e4ndig mit Graphen-Sherpa gef\u00fcttert. Entlang des Saums befindet sich ein sch\u00fctzender Polyester-Futterstoff, der verhindert, dass sich Kletten im Sherpa verfangen.   <\/p>\n<p>Eine innere Sturmklappe hinter dem vorderen 2-Wege-Rei\u00dfverschluss schlie\u00dft die K\u00e4lte aus. Zwei mit Graphen-Sherpa ausgekleidete Brustw\u00e4rmetaschen bieten den perfekten Platz, um Ihre H\u00e4nde warm zu halten. Vier gro\u00dfe Au\u00dfentaschen mit Rei\u00dfverschluss und drei innere Verstautaschen bieten reichlich Stauraum. Rei\u00dfverschl\u00fcsse unter den Armen erm\u00f6glichen eine schnelle Bel\u00fcftung. Zudem erlaubt eine Gurt\u00f6ffnung das Tragen Ihres Baumsitzgurtes unter der K\u00e4lteschutzjacke.    <\/p>\n<p>Die Verwendung von Heat Boost\u2122 erm\u00f6glicht eine leichtere, schlanker geschnittene K\u00e4lteschutzjacke f\u00fcr die Jagd, ohne Abstriche bei der W\u00e4rme zu machen. Das Graphen-Sherpa ist 30% w\u00e4rmer als unser traditionelles Sherpa, was uns erlaubt, W\u00e4rme, nicht aber Volumen zu unserer Kleidung hinzuzuf\u00fcgen. Dies wiederum erm\u00f6glicht eine gr\u00f6\u00dfere Bewegungsfreiheit. Selbst wenn die Temperatur unter den Gefrierpunkt f\u00e4llt, k\u00f6nnen Sie weniger Schichten tragen, bleiben w\u00e4rmer und k\u00f6nnen l\u00e4nger jagen, ohne die mit traditioneller isolierter Ausr\u00fcstung verbundene Sperrigkeit.   <\/p>\n","protected":false},"excerpt":{"rendered":"<p>F\u00fcr Damen<\/p>\n","protected":false},"featured_media":275798,"comment_status":"open","ping_status":"closed","template":"","meta":[],"product_brand":[],"product_cat":[2117],"product_tag":[],"class_list":{"0":"post-280394","1":"product","2":"type-product","3":"status-publish","4":"has-post-thumbnail","6":"product_cat-jagdbekleidung-fur-damen","8":"first","9":"instock","10":"taxable","11":"shipping-taxable","12":"purchasable","13":"product-type-variable"},"composite_virtual":false,"composite_layout":"","composite_add_to_cart_form_location":"","composite_editable_in_cart":false,"composite_sold_individually_context":"","composite_shop_price_calc":"","composite_components":[],"composite_scenarios":[],"group_of_quantity":0,"min_quantity":0,"max_quantity":"","exclude_order_quantity_value_rules":"no","exclude_category_quantity_rules":"no","combine_variations":"no","exclude_global_add_ons":[],"addons":[],"_links":{"self":[{"href":"https:\/\/www.huntersfriend.eu\/de\/wp-json\/wp\/v2\/product\/280394","targetHints":{"allow":["GET"]}}],"collection":[{"href":"https:\/\/www.huntersfriend.eu\/de\/wp-json\/wp\/v2\/product"}],"about":[{"href":"https:\/\/www.huntersfriend.eu\/de\/wp-json\/wp\/v2\/types\/product"}],"replies":[{"embeddable":true,"href":"https:\/\/www.huntersfriend.eu\/de\/wp-json\/wp\/v2\/comments?post=280394"}],"wp:featuredmedia":[{"embeddable":true,"href":"https:\/\/www.huntersfriend.eu\/de\/wp-json\/wp\/v2\/media\/275798"}],"wp:attachment":[{"href":"https:\/\/www.huntersfriend.eu\/de\/wp-json\/wp\/v2\/media?parent=280394"}],"wp:term":[{"taxonomy":"product_brand","embeddable":true,"href":"https:\/\/www.huntersfriend.eu\/de\/wp-json\/wp\/v2\/product_brand?post=280394"},{"taxonomy":"product_cat","embeddable":true,"href":"https:\/\/www.huntersfriend.eu\/de\/wp-json\/wp\/v2\/product_cat?post=280394"},{"taxonomy":"product_tag","embeddable":true,"href":"https:\/\/www.huntersfriend.eu\/de\/wp-json\/wp\/v2\/product_tag?post=280394"}],"curies":[{"name":"wp","href":"https:\/\/api.w.org\/{rel}","templated":true}]}}