{"id":280393,"date":"2024-08-12T13:05:28","date_gmt":"2025-06-23T07:45:46","guid":{"rendered":"https:\/\/www.huntersfriend.eu\/product\/huntworth-berber-fleece-muetze\/"},"modified":"2025-12-17T18:04:29","modified_gmt":"2025-12-17T16:04:29","slug":"huntworth-berber-fleece-muetze","status":"publish","type":"product","link":"https:\/\/www.huntersfriend.eu\/de\/produkt\/huntworth-berber-fleece-muetze\/","title":{"rendered":"Huntworth Berber-Fleece-M\u00fctze"},"content":{"rendered":"<p>Hat jemand gesagt, es sei hier drau\u00dfen kalt? Nicht mit dieser butterweichen Berber-Fleece-M\u00fctze. Sie ist vollst\u00e4ndig mit Heat Boost\u2122 Graphen-Kurzflor-Sherpa-Fleece gef\u00fcttert, damit Sie l\u00e4nger drau\u00dfen bleiben k\u00f6nnen. Heat Boost ist eine Reihe von Graphen-verst\u00e4rkten Materialien und ein Pionier in der n\u00e4chsten Generation fortschrittlicher Stoffe mit neuen Funktionalit\u00e4ten. Das Einweben von Graphengarn in unseren Sherpa-Stoff verst\u00e4rkt dessen thermische Leitf\u00e4higkeiten und macht ein warmes Material noch w\u00e4rmer \u2013 um 30% w\u00e4rmer. Mit dem naturgetreuen Tarnen\u00ae Tarnmuster hilft Ihnen diese M\u00fctze, nahtlos zu verschmelzen, und wenn Sie an einem kalten Abend am Feuer sitzen, wird sie angenehme W\u00e4rme spenden.     <\/p>\n<p>Artikelnummer: 5816-TRN<\/p>\n<p>Tarnmuster: tarnen\u00ae<\/p>\n<p>Au\u00dfenmaterial: Nassgedrucktes Berber-Fleece<\/p>\n<p>Futter: Vollst\u00e4ndig gef\u00fcttert mit Heat Boost\u2122 Graphen-Kurzflor-Sherpa<\/p>\n<p>Heat Boost\u2122: In das Sherpa eingewebtes Graphengarn verleiht thermische Leitf\u00e4higkeit, Feuchtigkeitsableitung und antimikrobielle Eigenschaften. Das Graphen nutzt die Energie Ihres K\u00f6rpers, absorbiert die W\u00e4rme und gibt sie zur\u00fcck, umgibt Sie mit strahlender W\u00e4rme. <\/p>\n<p>&nbsp;<\/p>\n","protected":false},"excerpt":{"rendered":"<p>2 Gr\u00f6\u00dfen M\/L und L\/XL<\/p>\n","protected":false},"featured_media":271817,"comment_status":"open","ping_status":"closed","template":"","meta":[],"product_brand":[],"product_cat":[1215],"product_tag":[],"class_list":{"0":"post-280393","1":"product","2":"type-product","3":"status-publish","4":"has-post-thumbnail","6":"product_cat-handschuh-socken-und-kopfbedeckung","8":"first","9":"instock","10":"taxable","11":"shipping-taxable","12":"purchasable","13":"product-type-variable"},"composite_virtual":false,"composite_layout":"","composite_add_to_cart_form_location":"","composite_editable_in_cart":false,"composite_sold_individually_context":"","composite_shop_price_calc":"","composite_components":[],"composite_scenarios":[],"group_of_quantity":0,"min_quantity":0,"max_quantity":"","exclude_order_quantity_value_rules":"no","exclude_category_quantity_rules":"no","combine_variations":"no","exclude_global_add_ons":[],"addons":[],"_links":{"self":[{"href":"https:\/\/www.huntersfriend.eu\/de\/wp-json\/wp\/v2\/product\/280393","targetHints":{"allow":["GET"]}}],"collection":[{"href":"https:\/\/www.huntersfriend.eu\/de\/wp-json\/wp\/v2\/product"}],"about":[{"href":"https:\/\/www.huntersfriend.eu\/de\/wp-json\/wp\/v2\/types\/product"}],"replies":[{"embeddable":true,"href":"https:\/\/www.huntersfriend.eu\/de\/wp-json\/wp\/v2\/comments?post=280393"}],"wp:featuredmedia":[{"embeddable":true,"href":"https:\/\/www.huntersfriend.eu\/de\/wp-json\/wp\/v2\/media\/271817"}],"wp:attachment":[{"href":"https:\/\/www.huntersfriend.eu\/de\/wp-json\/wp\/v2\/media?parent=280393"}],"wp:term":[{"taxonomy":"product_brand","embeddable":true,"href":"https:\/\/www.huntersfriend.eu\/de\/wp-json\/wp\/v2\/product_brand?post=280393"},{"taxonomy":"product_cat","embeddable":true,"href":"https:\/\/www.huntersfriend.eu\/de\/wp-json\/wp\/v2\/product_cat?post=280393"},{"taxonomy":"product_tag","embeddable":true,"href":"https:\/\/www.huntersfriend.eu\/de\/wp-json\/wp\/v2\/product_tag?post=280393"}],"curies":[{"name":"wp","href":"https:\/\/api.w.org\/{rel}","templated":true}]}}