{"id":280372,"date":"2024-08-02T00:24:11","date_gmt":"2025-06-23T07:45:41","guid":{"rendered":"https:\/\/www.huntersfriend.eu\/product\/huntworth-stealth-pop-top-handschuhe\/"},"modified":"2025-06-23T09:45:41","modified_gmt":"2025-06-23T07:45:41","slug":"huntworth-stealth-pop-top-handschuhe","status":"publish","type":"product","link":"https:\/\/www.huntersfriend.eu\/de\/produkt\/huntworth-stealth-pop-top-handschuhe\/","title":{"rendered":"Huntworth Stealth Pop-Top-Handschuhe"},"content":{"rendered":"<p>Wenn Sie nach W\u00e4rme suchen, haben Sie sie gefunden. Bezwingen Sie die K\u00e4lte und bleiben Sie l\u00e4nger drau\u00dfen mit diesem vielseitigen Tarnen\u00ae-Tarnmuster-Pop-Top. Das dicke Berber-Au\u00dfenmaterial wird durch weiches Sherpa-Fleece verst\u00e4rkt, das mit Heat Boost\u2122-Graphengarn verbessert wurde, was eine warme F\u00fctterung noch w\u00e4rmer macht \u2013 30% w\u00e4rmer. Heat Boost\u2122, die n\u00e4chste Generation verbesserter Stoffe, verwendet Graphengarn, um den Stoff mit den w\u00e4rmeleitenden Eigenschaften von Graphen aufzuladen, die die Energie Ihres K\u00f6rpers einfangen und wieder freisetzen und Sie mit strahlender W\u00e4rme umgeben. Tragen Sie den Pop-Top als Handschuh mit offenen Fingern, indem Sie die Oberseite schnell zu einem magnetisch gesicherten Verschluss aufklappen \u2013 oder b\u00fcndeln Sie sich, wenn das Wetter schlecht ist. Entwickelt, um Ihnen in der sp\u00e4ten Saison zum Sieg zu verhelfen, ist er mit einem strapazierf\u00e4higen Kunstleder-Handfl\u00e4chenfleck f\u00fcr Griffigkeit und Fingerschlaufen zum leichten Ausziehen ausgestattet. Suchen Sie nicht weiter nach Ihrer n\u00e4chsten Geheimwaffe.      <\/p>\n<p>Artikelnummer: 1477-TRN<\/p>\n<p>Tarnmuster: tarnen\u00ae<\/p>\n<p>Au\u00dfenmaterial: Nassgedrucktes Berber<\/p>\n<p>Futter: Heat Boost\u2122 Graphen-Kurzflor-Sherpa<\/p>\n<p>Heat Boost\u2122: In das Sherpa eingestricktes Graphengarn verleiht thermische Leitf\u00e4higkeit, Feuchtigkeitsableitung und antimikrobielle Eigenschaften. Das Graphen f\u00e4ngt die Energie Ihres K\u00f6rpers ein, absorbiert die W\u00e4rme und gibt sie wieder frei, wodurch Sie von strahlender W\u00e4rme umgeben werden. <\/p>\n<p>F\u00e4ustling: Klappf\u00e4ustling mit Magnet auf der Handschuh-R\u00fcckseite gesichert<\/p>\n<p>Handfl\u00e4che: Strapazierf\u00e4higer Kunstleder-Handfl\u00e4chenfleck<\/p>\n<p>Finger: Fingerschlaufen f\u00fcr einfaches Ausziehen<\/p>\n","protected":false},"excerpt":{"rendered":"<p>Wenn Sie nach W\u00e4rme suchen, haben Sie sie gefunden. Bezwingen Sie die K\u00e4lte und bleiben Sie l\u00e4nger drau\u00dfen mit diesem vielseitigen Tarnen\u00ae-Tarnmuster-Pop-Top. Das dicke Berber-Au\u00dfenmaterial wird durch weiches Sherpa-Fleece verst\u00e4rkt, das mit Heat Boost\u2122-Graphengarn verbessert wurde, was eine warme F\u00fctterung noch w\u00e4rmer macht \u2013 30% w\u00e4rmer. Heat Boost\u2122, die n\u00e4chste Generation verbesserter Stoffe, verwendet Graphengarn, [&#8230;]\n","protected":false},"featured_media":271855,"comment_status":"open","ping_status":"closed","template":"","meta":[],"product_brand":[],"product_cat":[1382],"product_tag":[],"class_list":{"0":"post-280372","1":"product","2":"type-product","3":"status-publish","4":"has-post-thumbnail","6":"product_cat-handschuhe","8":"first","9":"outofstock","10":"taxable","11":"shipping-taxable","12":"purchasable","13":"product-type-variable"},"composite_virtual":false,"composite_layout":"","composite_add_to_cart_form_location":"","composite_editable_in_cart":false,"composite_sold_individually_context":"","composite_shop_price_calc":"","composite_components":[],"composite_scenarios":[],"group_of_quantity":0,"min_quantity":0,"max_quantity":"","exclude_order_quantity_value_rules":"no","exclude_category_quantity_rules":"no","combine_variations":"no","exclude_global_add_ons":[],"addons":[],"_links":{"self":[{"href":"https:\/\/www.huntersfriend.eu\/de\/wp-json\/wp\/v2\/product\/280372","targetHints":{"allow":["GET"]}}],"collection":[{"href":"https:\/\/www.huntersfriend.eu\/de\/wp-json\/wp\/v2\/product"}],"about":[{"href":"https:\/\/www.huntersfriend.eu\/de\/wp-json\/wp\/v2\/types\/product"}],"replies":[{"embeddable":true,"href":"https:\/\/www.huntersfriend.eu\/de\/wp-json\/wp\/v2\/comments?post=280372"}],"wp:featuredmedia":[{"embeddable":true,"href":"https:\/\/www.huntersfriend.eu\/de\/wp-json\/wp\/v2\/media\/271855"}],"wp:attachment":[{"href":"https:\/\/www.huntersfriend.eu\/de\/wp-json\/wp\/v2\/media?parent=280372"}],"wp:term":[{"taxonomy":"product_brand","embeddable":true,"href":"https:\/\/www.huntersfriend.eu\/de\/wp-json\/wp\/v2\/product_brand?post=280372"},{"taxonomy":"product_cat","embeddable":true,"href":"https:\/\/www.huntersfriend.eu\/de\/wp-json\/wp\/v2\/product_cat?post=280372"},{"taxonomy":"product_tag","embeddable":true,"href":"https:\/\/www.huntersfriend.eu\/de\/wp-json\/wp\/v2\/product_tag?post=280372"}],"curies":[{"name":"wp","href":"https:\/\/api.w.org\/{rel}","templated":true}]}}