{"id":280363,"date":"2024-08-03T00:04:14","date_gmt":"2025-06-23T07:45:41","guid":{"rendered":"https:\/\/www.huntersfriend.eu\/product\/huntworth-tricot-latzhose\/"},"modified":"2025-08-10T04:34:23","modified_gmt":"2025-08-10T02:34:23","slug":"huntworth-tricot-latzhose","status":"publish","type":"product","link":"https:\/\/www.huntersfriend.eu\/de\/produkt\/huntworth-tricot-latzhose\/","title":{"rendered":"Huntworth Tricot-Latzhose"},"content":{"rendered":"<p>Bew\u00e4ltigen Sie die N\u00e4sse mit diesen robusten Tarnen\u00ae Tarnmuster wasserdichten Regenlatzhosen. Gefertigt aus einer weichen Tricot-H\u00fclle mit versiegelten N\u00e4hten und einer winddichten Membrane f\u00fcr vollst\u00e4ndige Wasserdichtigkeit und K\u00e4lteschutz, bieten diese Latzhosen Ihnen umfassenden Schutz bei widrigen Wetterbedingungen. Ein glattes Polyesterfutter, verst\u00e4rkt durch Polyester-Faserf\u00fcllung, h\u00e4lt Sie warm, w\u00e4hrend Sie Ihren Bock verfolgen. Hosentr\u00e4ger ohne Schnallen sorgen f\u00fcr eine perfekte Passform, und zwei Schr\u00e4geinschubtaschen sowie zwei Cargotaschen bieten ausreichend Stauraum f\u00fcr Ihren Entfernungsmesser, Ihr Telefon oder Ihr Messer. Dank der artikulierten Knie werden Sie sich beim Gehen, Sitzen oder Knien wohl f\u00fchlen, und die beidseitig zug\u00e4nglichen Rei\u00dfverschl\u00fcsse an den Beinen erleichtern das An- und Ausziehen sowie das Anziehen von Stiefeln, w\u00e4hrend eine Druckknopf-Sturmklappe zus\u00e4tzlichen Schutz bietet. Tragen Sie sie beim Schlittenfahren mit den Kindern, beim Footballspiel und definitiv zur Er\u00f6ffnung der Hirschjagdsaison. Diese Latzhosen halten das Wetter fern.      <\/p>\n<p>Artikelnummer: 9362-TRN<\/p>\n<p>Tarnmuster: tarnen\u00ae<\/p>\n<p>Obermaterial: Trikot mit winddichter\/atmungsaktiver Filmmembran<\/p>\n<p>Wasserdichtigkeit: Wasserdicht mit versiegelten N\u00e4hten<\/p>\n<p>Futter: 190T Polyesterfutter<\/p>\n<p>Isolierung: Polyesterfaserf\u00fcllung<\/p>\n<p>Taschen: Zwei Schr\u00e4geinschubtaschen und zwei Cargotaschen<\/p>\n<p>Hosentr\u00e4ger: Verstellbare, elastische Hosentr\u00e4ger ohne Schnallen<\/p>\n<p>Rei\u00dfverschluss: Durchgehender Frontrei\u00dfverschluss mit Windschutzleiste<\/p>\n<p>Knie: Artikulierte Knie<\/p>\n<p>Beinrei\u00dfverschl\u00fcsse: Beidseitig zug\u00e4ngliche Rei\u00dfverschl\u00fcsse an den Beinseiten mit Sturmklappe, ca. 40 cm lang<\/p>\n<p>Empfohlener Temperaturbereich: -6,7\u00b0C bis 4,4\u00b0C mit Schichtung nach Bedarf<\/p>\n","protected":false},"excerpt":{"rendered":"<p>Bew\u00e4ltigen Sie die N\u00e4sse mit diesen robusten Tarnen\u00ae Tarnmuster wasserdichten Regenlatzhosen. Gefertigt aus einer weichen Tricot-H\u00fclle mit versiegelten N\u00e4hten und einer winddichten Membrane f\u00fcr vollst\u00e4ndige Wasserdichtigkeit und K\u00e4lteschutz, bieten diese Latzhosen Ihnen umfassenden Schutz bei widrigen Wetterbedingungen. Ein glattes Polyesterfutter, verst\u00e4rkt durch Polyester-Faserf\u00fcllung, h\u00e4lt Sie warm, w\u00e4hrend Sie Ihren Bock verfolgen. Hosentr\u00e4ger ohne Schnallen sorgen [&#8230;]\n","protected":false},"featured_media":271796,"comment_status":"open","ping_status":"closed","template":"","meta":[],"product_brand":[],"product_cat":[2230],"product_tag":[],"class_list":{"0":"post-280363","1":"product","2":"type-product","3":"status-publish","4":"has-post-thumbnail","6":"product_cat-latzhosen","8":"first","9":"instock","10":"taxable","11":"shipping-taxable","12":"purchasable","13":"product-type-variable"},"composite_virtual":false,"composite_layout":"","composite_add_to_cart_form_location":"","composite_editable_in_cart":false,"composite_sold_individually_context":"","composite_shop_price_calc":"","composite_components":[],"composite_scenarios":[],"group_of_quantity":0,"min_quantity":0,"max_quantity":"","exclude_order_quantity_value_rules":"no","exclude_category_quantity_rules":"no","combine_variations":"no","exclude_global_add_ons":[],"addons":[],"_links":{"self":[{"href":"https:\/\/www.huntersfriend.eu\/de\/wp-json\/wp\/v2\/product\/280363","targetHints":{"allow":["GET"]}}],"collection":[{"href":"https:\/\/www.huntersfriend.eu\/de\/wp-json\/wp\/v2\/product"}],"about":[{"href":"https:\/\/www.huntersfriend.eu\/de\/wp-json\/wp\/v2\/types\/product"}],"replies":[{"embeddable":true,"href":"https:\/\/www.huntersfriend.eu\/de\/wp-json\/wp\/v2\/comments?post=280363"}],"wp:featuredmedia":[{"embeddable":true,"href":"https:\/\/www.huntersfriend.eu\/de\/wp-json\/wp\/v2\/media\/271796"}],"wp:attachment":[{"href":"https:\/\/www.huntersfriend.eu\/de\/wp-json\/wp\/v2\/media?parent=280363"}],"wp:term":[{"taxonomy":"product_brand","embeddable":true,"href":"https:\/\/www.huntersfriend.eu\/de\/wp-json\/wp\/v2\/product_brand?post=280363"},{"taxonomy":"product_cat","embeddable":true,"href":"https:\/\/www.huntersfriend.eu\/de\/wp-json\/wp\/v2\/product_cat?post=280363"},{"taxonomy":"product_tag","embeddable":true,"href":"https:\/\/www.huntersfriend.eu\/de\/wp-json\/wp\/v2\/product_tag?post=280363"}],"curies":[{"name":"wp","href":"https:\/\/api.w.org\/{rel}","templated":true}]}}