{"id":280353,"date":"2024-08-03T00:04:14","date_gmt":"2025-06-23T07:45:39","guid":{"rendered":"https:\/\/www.huntersfriend.eu\/product\/huntworth-damen-harrison-kapuzenpullover\/"},"modified":"2025-06-26T09:31:55","modified_gmt":"2025-06-26T07:31:55","slug":"huntworth-damen-harrison-kapuzenpullover","status":"publish","type":"product","link":"https:\/\/www.huntersfriend.eu\/de\/produkt\/huntworth-damen-harrison-kapuzenpullover\/","title":{"rendered":"Huntworth Damen Harrison Kapuzenpullover"},"content":{"rendered":"<p>Der mittelschwere Damen Harrison Jagd-Kapuzenpullover in Tarnen ist aus einem seidig glatten, sanft aufgerauhten Performance-Fleece gefertigt, der sich angenehm warm anf\u00fchlt. Er wird schnell zu einem Ihrer Lieblingskapuzenpullover f\u00fcr die Jagd, den Aufenthalt im Camp oder einen Ausflug in die Stadt werden. Tragen Sie ihn allein oder als Zwischenschicht auf dem Ansitz.  <\/p>\n<p><b>Der mittelschwere Damen Harrison Jagd-Kapuzenpullover in Tarnen\u00ae<\/b> ist ein unverzichtbares Kleidungsst\u00fcck f\u00fcr jeden J\u00e4ger. Der Tarnen\u00ae Tarnmuster-Jagdkapuzenpullover ist mit einem dicken, zweifach dehnbaren Performance-Fleece in einem Hybrid-Tarnmuster gefertigt. <\/p>\n<p>Die vordere K\u00e4ngurutasche bietet reichlich Stauraum. Eine praktische Rei\u00dfverschlusstasche am Arm kann kleine Gegenst\u00e4nde aufnehmen. Die gef\u00fctterte Kapuze sorgt f\u00fcr zus\u00e4tzliche W\u00e4rme, wenn sie \u00fcber den Kopf gezogen wird.  <\/p>\n<p>Ein klassisches St\u00fcck, das jeder besitzen sollte &#8211; der Kapuzenpullover im Tarnen\u00ae-Muster kann zu Beginn der Saison allein oder als Zwischenschicht getragen werden, wenn die Temperaturen sinken.<\/p>\n","protected":false},"excerpt":{"rendered":"<p>Der mittelschwere Damen Harrison Jagd-Kapuzenpullover in Tarnen ist aus einem seidig glatten, sanft aufgerauhten Performance-Fleece gefertigt, der sich angenehm warm anf\u00fchlt. Er wird schnell zu einem Ihrer Lieblingskapuzenpullover f\u00fcr die Jagd, den Aufenthalt im Camp oder einen Ausflug in die Stadt werden. Tragen Sie ihn allein oder als Zwischenschicht auf dem Ansitz. Der mittelschwere Damen [&#8230;]\n","protected":false},"featured_media":271301,"comment_status":"open","ping_status":"closed","template":"","meta":[],"product_brand":[],"product_cat":[2184],"product_tag":[],"class_list":{"0":"post-280353","1":"product","2":"type-product","3":"status-publish","4":"has-post-thumbnail","6":"product_cat-hemden-kapuzenpullover","8":"first","9":"instock","10":"taxable","11":"shipping-taxable","12":"purchasable","13":"product-type-variable"},"composite_virtual":false,"composite_layout":"","composite_add_to_cart_form_location":"","composite_editable_in_cart":false,"composite_sold_individually_context":"","composite_shop_price_calc":"","composite_components":[],"composite_scenarios":[],"group_of_quantity":0,"min_quantity":0,"max_quantity":"","exclude_order_quantity_value_rules":"no","exclude_category_quantity_rules":"no","combine_variations":"no","exclude_global_add_ons":[],"addons":[],"_links":{"self":[{"href":"https:\/\/www.huntersfriend.eu\/de\/wp-json\/wp\/v2\/product\/280353","targetHints":{"allow":["GET"]}}],"collection":[{"href":"https:\/\/www.huntersfriend.eu\/de\/wp-json\/wp\/v2\/product"}],"about":[{"href":"https:\/\/www.huntersfriend.eu\/de\/wp-json\/wp\/v2\/types\/product"}],"replies":[{"embeddable":true,"href":"https:\/\/www.huntersfriend.eu\/de\/wp-json\/wp\/v2\/comments?post=280353"}],"wp:featuredmedia":[{"embeddable":true,"href":"https:\/\/www.huntersfriend.eu\/de\/wp-json\/wp\/v2\/media\/271301"}],"wp:attachment":[{"href":"https:\/\/www.huntersfriend.eu\/de\/wp-json\/wp\/v2\/media?parent=280353"}],"wp:term":[{"taxonomy":"product_brand","embeddable":true,"href":"https:\/\/www.huntersfriend.eu\/de\/wp-json\/wp\/v2\/product_brand?post=280353"},{"taxonomy":"product_cat","embeddable":true,"href":"https:\/\/www.huntersfriend.eu\/de\/wp-json\/wp\/v2\/product_cat?post=280353"},{"taxonomy":"product_tag","embeddable":true,"href":"https:\/\/www.huntersfriend.eu\/de\/wp-json\/wp\/v2\/product_tag?post=280353"}],"curies":[{"name":"wp","href":"https:\/\/api.w.org\/{rel}","templated":true}]}}