{"id":280343,"date":"2024-08-02T00:16:14","date_gmt":"2025-06-23T07:45:38","guid":{"rendered":"https:\/\/www.huntersfriend.eu\/product\/huntworth-gebondete-softshell-jacke\/"},"modified":"2025-08-10T04:34:22","modified_gmt":"2025-08-10T02:34:22","slug":"huntworth-gebondete-softshell-jacke","status":"publish","type":"product","link":"https:\/\/www.huntersfriend.eu\/de\/produkt\/huntworth-gebondete-softshell-jacke\/","title":{"rendered":"Huntworth gebondete Softshell-Jacke"},"content":{"rendered":"<p style=\"margin: 0cm;\"><span lang=\"EN-US\" style=\"font-size: 10.0pt; font-family: 'Arial',sans-serif; color: black;\">Unsere Softshell-Jagdjacke bietet die ben\u00f6tigte W\u00e4rme ohne zus\u00e4tzliches Gewicht. Das wasserabweisende, dehnbare Polyester-Au\u00dfenmaterial ist mit dickem, pillingresistentem Fleece verbunden und bietet ein doppelschichtiges Design, das Sie in der mittleren Saison warm und gesch\u00fctzt h\u00e4lt. Der hohe Stehkragen und die innere Sturmklappe blocken eisige Winde ab, w\u00e4hrend die DWR-Ausr\u00fcstung des Au\u00dfenmaterials leichten Schnee und Regen abweist. Mit dem vielseitigen Tarnen\u00ae-Tarnmuster bedruckt, bietet diese Jacke die Tarnung, die Sie ben\u00f6tigen, um Ihren Hirsch zu erlegen. Bewahren Sie Ihr Mobiltelefon und andere wichtige Utensilien in vier gro\u00dfen Taschen griffbereit auf \u2013 zwei Rei\u00dfverschluss-Seitentaschen und zwei offene Innentaschen. Die Jacke ist weich und flexibel, mit ger\u00e4uschlosen Materialien, sodass Sie sich an den Hirsch heranschleichen k\u00f6nnen. Egal was kommt, Sie werden bereit sein, wenn er auftaucht.      <\/span><\/p>\n<p style=\"margin: 0cm;\"><span lang=\"EN-US\" style=\"font-size: 10.0pt; font-family: 'Arial',sans-serif; color: black;\"> <\/span><\/p>\n<p style=\"margin: 0cm 0cm 0cm 18.0pt;\"><span lang=\"EN-US\" style=\"font-size: 10.0pt; font-family: 'Arial',sans-serif;\">Artikelnummer: 9186-TRN<\/span><\/p>\n<p style=\"margin: 0cm 0cm 0cm 18.0pt;\"><span lang=\"EN-US\" style=\"font-size: 10.0pt; font-family: 'Arial',sans-serif;\">Tarnmuster: tarnen\u00ae<\/span><\/p>\n<p style=\"margin: 0cm 0cm 0cm 18.0pt;\"><span lang=\"EN-US\" style=\"font-size: 10.0pt; font-family: 'Arial',sans-serif; color: black;\">Obermaterial: Dehnbares Polyester verbunden mit dickem, pillingresistentem Fleece f\u00fcr ein Gesamtgewicht von ca. 340g. 100% Polyester. <\/span><\/p>\n<p style=\"margin: 0cm 0cm 0cm 18.0pt;\"><span lang=\"EN-US\" style=\"font-size: 10.0pt; font-family: 'Arial',sans-serif; color: black;\">Behandlung: Dauerhaft wasserabweisende (DWR) Ausr\u00fcstung sch\u00fctzt vor Feuchtigkeit und leichtem Schnee<\/span><\/p>\n<p style=\"margin: 0cm 0cm 0cm 18.0pt;\"><span lang=\"EN-US\" style=\"font-size: 10.0pt; font-family: 'Arial',sans-serif; color: black;\">Taschen: Zwei gro\u00dfe Rei\u00dfverschluss-Seitentaschen und zwei gro\u00dfe innere Schr\u00e4geingriffstaschen<\/span><\/p>\n<p style=\"margin: 0cm 0cm 0cm 18.0pt;\"><span lang=\"EN-US\" style=\"font-size: 10.0pt; font-family: 'Arial',sans-serif; color: black;\">Kragen: Hoher Stehkragen<\/span><\/p>\n<p style=\"margin: 0cm 0cm 0cm 18.0pt;\"><span lang=\"EN-US\" style=\"font-size: 10.0pt; font-family: 'Arial',sans-serif; color: black;\">Rei\u00dfverschluss: Durchgehender Rei\u00dfverschluss mit Kinnschutz<\/span><\/p>\n<p style=\"margin: 0cm; text-indent: 18.0pt;\"><span lang=\"EN-US\" style=\"font-size: 10.0pt; font-family: 'Arial',sans-serif;\">Empfohlener Temperaturbereich: -1\u00b0C bis 10\u00b0C mit Schichtung nach Bedarf<\/span><\/p>\n","protected":false},"excerpt":{"rendered":"<p>Unsere Softshell-Jagdjacke bietet die ben\u00f6tigte W\u00e4rme ohne zus\u00e4tzliches Gewicht. Das wasserabweisende, dehnbare Polyester-Au\u00dfenmaterial ist mit dickem, pillingresistentem Fleece verbunden und bietet ein doppelschichtiges Design, das Sie in der mittleren Saison warm und gesch\u00fctzt h\u00e4lt. Der hohe Stehkragen und die innere Sturmklappe blocken eisige Winde ab, w\u00e4hrend die DWR-Ausr\u00fcstung des Au\u00dfenmaterials leichten Schnee und Regen abweist. [&#8230;]\n","protected":false},"featured_media":271834,"comment_status":"open","ping_status":"closed","template":"","meta":[],"product_brand":[],"product_cat":[1384],"product_tag":[],"class_list":{"0":"post-280343","1":"product","2":"type-product","3":"status-publish","4":"has-post-thumbnail","6":"product_cat-jacken","8":"first","9":"instock","10":"taxable","11":"shipping-taxable","12":"purchasable","13":"product-type-variable"},"composite_virtual":false,"composite_layout":"","composite_add_to_cart_form_location":"","composite_editable_in_cart":false,"composite_sold_individually_context":"","composite_shop_price_calc":"","composite_components":[],"composite_scenarios":[],"group_of_quantity":0,"min_quantity":0,"max_quantity":"","exclude_order_quantity_value_rules":"no","exclude_category_quantity_rules":"no","combine_variations":"no","exclude_global_add_ons":[],"addons":[],"_links":{"self":[{"href":"https:\/\/www.huntersfriend.eu\/de\/wp-json\/wp\/v2\/product\/280343","targetHints":{"allow":["GET"]}}],"collection":[{"href":"https:\/\/www.huntersfriend.eu\/de\/wp-json\/wp\/v2\/product"}],"about":[{"href":"https:\/\/www.huntersfriend.eu\/de\/wp-json\/wp\/v2\/types\/product"}],"replies":[{"embeddable":true,"href":"https:\/\/www.huntersfriend.eu\/de\/wp-json\/wp\/v2\/comments?post=280343"}],"wp:featuredmedia":[{"embeddable":true,"href":"https:\/\/www.huntersfriend.eu\/de\/wp-json\/wp\/v2\/media\/271834"}],"wp:attachment":[{"href":"https:\/\/www.huntersfriend.eu\/de\/wp-json\/wp\/v2\/media?parent=280343"}],"wp:term":[{"taxonomy":"product_brand","embeddable":true,"href":"https:\/\/www.huntersfriend.eu\/de\/wp-json\/wp\/v2\/product_brand?post=280343"},{"taxonomy":"product_cat","embeddable":true,"href":"https:\/\/www.huntersfriend.eu\/de\/wp-json\/wp\/v2\/product_cat?post=280343"},{"taxonomy":"product_tag","embeddable":true,"href":"https:\/\/www.huntersfriend.eu\/de\/wp-json\/wp\/v2\/product_tag?post=280343"}],"curies":[{"name":"wp","href":"https:\/\/api.w.org\/{rel}","templated":true}]}}