{"id":280342,"date":"2024-08-03T00:04:13","date_gmt":"2025-06-23T07:45:38","guid":{"rendered":"https:\/\/www.huntersfriend.eu\/product\/huntworth-trikotjacke\/"},"modified":"2025-08-10T04:34:23","modified_gmt":"2025-08-10T02:34:23","slug":"huntworth-trikotjacke","status":"publish","type":"product","link":"https:\/\/www.huntersfriend.eu\/de\/produkt\/huntworth-trikotjacke\/","title":{"rendered":"Huntworth Trikotjacke"},"content":{"rendered":"<p>Trotzen Sie der N\u00e4sse mit dieser robusten Tarnen\u00ae-Tarnmuster-Regenjacke. Gefertigt aus einer weichen Trikotschale mit versiegelten N\u00e4hten und einer winddichten Membran f\u00fcr vollst\u00e4ndige Wasserdichtigkeit und K\u00e4lteschutz, bietet diese Jacke Ihnen bei widrigen Wetterbedingungen umfassenden Schutz. Ein glattes Polyesterfutter, verst\u00e4rkt durch Polyesterfaserf\u00fcllung, h\u00e4lt Sie w\u00e4hrend der Verfolgung Ihres Bocks warm. Zwei Rei\u00dfverschluss-Seitentaschen und eine Rei\u00dfverschluss-Brusttasche halten Ihre Ausr\u00fcstung griffbereit, und eine Gurtdurchf\u00fchrung gew\u00e4hrleistet Sicherheit. Eine innere Windschutzleiste, eine verstellbare Kapuze und ein verl\u00e4ngerter Saum wirken zusammen, um Sie so lange wie n\u00f6tig trocken und komfortabel zu halten.    <\/p>\n<p>Artikelnummer: 9361-TRN<\/p>\n<p>Tarnmuster: tarnen\u00ae<\/p>\n<p>Obermaterial: Trikot mit winddichter\/atmungsaktiver Filmmembran<\/p>\n<p>Wasserdichtigkeit: Wasserdicht mit versiegelten N\u00e4hten<\/p>\n<p>Futter: 190T Polyesterfutter<\/p>\n<p>Isolierung: Polyesterfaserf\u00fcllung<\/p>\n<p>Taschen: Zwei Rei\u00dfverschluss-Seitentaschen und eine Rei\u00dfverschluss-Brusttasche<\/p>\n<p>Kapuze: Verstellbare Kapuze mit Klettverschluss in der Mitte des R\u00fcckens und Kordelzug<\/p>\n<p>Besondere Merkmale: Gurtdurchf\u00fchrung am R\u00fccken<\/p>\n<p>Rei\u00dfverschluss: Durchgehender Frontrei\u00dfverschluss mit Windschutzleiste<\/p>\n<p>Saum: Verstellbarer Kordelzug mit Kordelstopper im Saum<\/p>\n<p>Manschette: Elastische Handgelenke mit Druckknopfverschluss<\/p>\n<p>Verl\u00e4ngerter Saum: R\u00fcckw\u00e4rtig l\u00e4nger f\u00fcr mehr Bedeckung und verstellbarer Kordelzug im Saum mit Kordelstopper.<\/p>\n<p>Empfohlener Temperaturbereich: -6,7\u00b0C bis 4,4\u00b0C mit Schichtung nach Bedarf<\/p>\n","protected":false},"excerpt":{"rendered":"<p>Trotzen Sie der N\u00e4sse mit dieser robusten Tarnen\u00ae-Tarnmuster-Regenjacke. Gefertigt aus einer weichen Trikotschale mit versiegelten N\u00e4hten und einer winddichten Membran f\u00fcr vollst\u00e4ndige Wasserdichtigkeit und K\u00e4lteschutz, bietet diese Jacke Ihnen bei widrigen Wetterbedingungen umfassenden Schutz. Ein glattes Polyesterfutter, verst\u00e4rkt durch Polyesterfaserf\u00fcllung, h\u00e4lt Sie w\u00e4hrend der Verfolgung Ihres Bocks warm. Zwei Rei\u00dfverschluss-Seitentaschen und eine Rei\u00dfverschluss-Brusttasche halten Ihre [&#8230;]\n","protected":false},"featured_media":271787,"comment_status":"open","ping_status":"closed","template":"","meta":[],"product_brand":[],"product_cat":[1384],"product_tag":[],"class_list":{"0":"post-280342","1":"product","2":"type-product","3":"status-publish","4":"has-post-thumbnail","6":"product_cat-jacken","8":"first","9":"instock","10":"taxable","11":"shipping-taxable","12":"purchasable","13":"product-type-variable"},"composite_virtual":false,"composite_layout":"","composite_add_to_cart_form_location":"","composite_editable_in_cart":false,"composite_sold_individually_context":"","composite_shop_price_calc":"","composite_components":[],"composite_scenarios":[],"group_of_quantity":0,"min_quantity":0,"max_quantity":"","exclude_order_quantity_value_rules":"no","exclude_category_quantity_rules":"no","combine_variations":"no","exclude_global_add_ons":[],"addons":[],"_links":{"self":[{"href":"https:\/\/www.huntersfriend.eu\/de\/wp-json\/wp\/v2\/product\/280342","targetHints":{"allow":["GET"]}}],"collection":[{"href":"https:\/\/www.huntersfriend.eu\/de\/wp-json\/wp\/v2\/product"}],"about":[{"href":"https:\/\/www.huntersfriend.eu\/de\/wp-json\/wp\/v2\/types\/product"}],"replies":[{"embeddable":true,"href":"https:\/\/www.huntersfriend.eu\/de\/wp-json\/wp\/v2\/comments?post=280342"}],"wp:featuredmedia":[{"embeddable":true,"href":"https:\/\/www.huntersfriend.eu\/de\/wp-json\/wp\/v2\/media\/271787"}],"wp:attachment":[{"href":"https:\/\/www.huntersfriend.eu\/de\/wp-json\/wp\/v2\/media?parent=280342"}],"wp:term":[{"taxonomy":"product_brand","embeddable":true,"href":"https:\/\/www.huntersfriend.eu\/de\/wp-json\/wp\/v2\/product_brand?post=280342"},{"taxonomy":"product_cat","embeddable":true,"href":"https:\/\/www.huntersfriend.eu\/de\/wp-json\/wp\/v2\/product_cat?post=280342"},{"taxonomy":"product_tag","embeddable":true,"href":"https:\/\/www.huntersfriend.eu\/de\/wp-json\/wp\/v2\/product_tag?post=280342"}],"curies":[{"name":"wp","href":"https:\/\/api.w.org\/{rel}","templated":true}]}}