{"id":280334,"date":"2024-08-02T00:16:14","date_gmt":"2025-06-23T07:45:37","guid":{"rendered":"https:\/\/www.huntersfriend.eu\/product\/huntworth-fallon-langarmhemd\/"},"modified":"2025-08-10T04:34:23","modified_gmt":"2025-08-10T02:34:23","slug":"huntworth-fallon-langarmhemd","status":"publish","type":"product","link":"https:\/\/www.huntersfriend.eu\/de\/produkt\/huntworth-fallon-langarmhemd\/","title":{"rendered":"Huntworth Fallon Langarmhemd"},"content":{"rendered":"<p>Das leichte Herren-Jagdhemd Fallon mit langen \u00c4rmeln in Tarnen fungiert als Au\u00dfenschicht bei w\u00e4rmerem Wetter oder als Zwischenschicht an k\u00e4lteren Tagen. Feuchtigkeitsableitend und schnell trocknend h\u00e4lt es Sie das ganze Jahr \u00fcber k\u00fchl, trocken und komfortabel. <\/p>\n<p><strong>Das leichte Jagdhemd Fallon mit langen \u00c4rmeln in Tarnen\u00ae ist ein vielseitiges Kleidungsst\u00fcck, das in allen Jahreszeiten seine Leistung erbringt.<\/strong> Das Tarnen\u00ae Tarnhemd ist mit einem hybriden Tarnmuster versehen und aus einem leistungsf\u00e4higen Polyester-Spandex-Gewebe gefertigt. Die k\u00fchle Haptik des Hemdes und seine schwei\u00dfableitenden Eigenschaften gew\u00e4hrleisten, dass Sie trocken und komfortabel bleiben. <\/p>\n<p>Das Hemd ist f\u00fcr eine entspannte Passform und volle Bewegungsfreiheit geschnitten. Eine chemische antimikrobielle Behandlung kontrolliert Ihren Geruch und erm\u00f6glicht es Ihnen, selbst bei Gegenwind verborgen zu bleiben. Innenliegende Daumenschlaufen am \u00c4rmelabschluss erleichtern das \u00dcberziehen einer zus\u00e4tzlichen Mittelschicht oder Jacke.  <\/p>\n<p>Einfach \u00fcberziehen und los &#8211; das Langarmhemd im Tarnen\u00ae-Muster h\u00e4lt Sie im Spiel, ob Sie es allein oder als Zwischenschicht tragen.<\/p>\n","protected":false},"excerpt":{"rendered":"<p>Das leichte Herren-Jagdhemd Fallon mit langen \u00c4rmeln in Tarnen fungiert als Au\u00dfenschicht bei w\u00e4rmerem Wetter oder als Zwischenschicht an k\u00e4lteren Tagen. Feuchtigkeitsableitend und schnell trocknend h\u00e4lt es Sie das ganze Jahr \u00fcber k\u00fchl, trocken und komfortabel. Das leichte Jagdhemd Fallon mit langen \u00c4rmeln in Tarnen\u00ae ist ein vielseitiges Kleidungsst\u00fcck, das in allen Jahreszeiten seine Leistung [&#8230;]\n","protected":false},"featured_media":271474,"comment_status":"open","ping_status":"closed","template":"","meta":[],"product_brand":[],"product_cat":[2184],"product_tag":[],"class_list":{"0":"post-280334","1":"product","2":"type-product","3":"status-publish","4":"has-post-thumbnail","6":"product_cat-hemden-kapuzenpullover","8":"first","9":"instock","10":"taxable","11":"shipping-taxable","12":"purchasable","13":"product-type-variable"},"composite_virtual":false,"composite_layout":"","composite_add_to_cart_form_location":"","composite_editable_in_cart":false,"composite_sold_individually_context":"","composite_shop_price_calc":"","composite_components":[],"composite_scenarios":[],"group_of_quantity":0,"min_quantity":0,"max_quantity":"","exclude_order_quantity_value_rules":"no","exclude_category_quantity_rules":"no","combine_variations":"no","exclude_global_add_ons":[],"addons":[],"_links":{"self":[{"href":"https:\/\/www.huntersfriend.eu\/de\/wp-json\/wp\/v2\/product\/280334","targetHints":{"allow":["GET"]}}],"collection":[{"href":"https:\/\/www.huntersfriend.eu\/de\/wp-json\/wp\/v2\/product"}],"about":[{"href":"https:\/\/www.huntersfriend.eu\/de\/wp-json\/wp\/v2\/types\/product"}],"replies":[{"embeddable":true,"href":"https:\/\/www.huntersfriend.eu\/de\/wp-json\/wp\/v2\/comments?post=280334"}],"wp:featuredmedia":[{"embeddable":true,"href":"https:\/\/www.huntersfriend.eu\/de\/wp-json\/wp\/v2\/media\/271474"}],"wp:attachment":[{"href":"https:\/\/www.huntersfriend.eu\/de\/wp-json\/wp\/v2\/media?parent=280334"}],"wp:term":[{"taxonomy":"product_brand","embeddable":true,"href":"https:\/\/www.huntersfriend.eu\/de\/wp-json\/wp\/v2\/product_brand?post=280334"},{"taxonomy":"product_cat","embeddable":true,"href":"https:\/\/www.huntersfriend.eu\/de\/wp-json\/wp\/v2\/product_cat?post=280334"},{"taxonomy":"product_tag","embeddable":true,"href":"https:\/\/www.huntersfriend.eu\/de\/wp-json\/wp\/v2\/product_tag?post=280334"}],"curies":[{"name":"wp","href":"https:\/\/api.w.org\/{rel}","templated":true}]}}