{"id":280333,"date":"2024-08-02T00:24:11","date_gmt":"2025-06-23T07:45:37","guid":{"rendered":"https:\/\/www.huntersfriend.eu\/product\/huntworth-stealth-halbfinger-handschuh\/"},"modified":"2025-06-23T09:45:37","modified_gmt":"2025-06-23T07:45:37","slug":"huntworth-stealth-halbfinger-handschuh","status":"publish","type":"product","link":"https:\/\/www.huntersfriend.eu\/de\/produkt\/huntworth-stealth-halbfinger-handschuh\/","title":{"rendered":"Huntworth Stealth Halbfinger-Handschuh"},"content":{"rendered":"<p>Es besteht keine Notwendigkeit, die Finger abzuschneiden, um Ihren Bogen oder Abzug zu sp\u00fcren. Wir haben dies f\u00fcr Sie mit diesem geschickt konstruierten 4-Wege-Stretch Actistretch\u2122 Strickjersey-Handschuh bereits erledigt. Er ist absolut ger\u00e4uschlos, ungef\u00fcttert, um Ihnen Flexibilit\u00e4t und vollst\u00e4ndige Kontrolle zu bieten, und verf\u00fcgt \u00fcber ein t\u00e4uschend weiches Fleece-Innenfutter. Das Tarnen\u00ae Tarnmuster arbeitet mit Microban\u00ae antimikrobieller Technologie zusammen, um Sie sowohl optisch als auch geruchlich zu verbergen. Eine DWR-Beschichtung leitet Feuchtigkeit und leichten Schnee ab, um Sie trocken zu halten. Die Handfl\u00e4che ist mit einem topographisch inspirierten Silikondruck versehen, um maximalen Halt an Ihrer Waffe zu gew\u00e4hrleisten. Insgesamt bietet er eine hervorragende Passform. Es ist an der Zeit, den Schuss abzugeben.       <\/p>\n<p>Artikelnummer: 1471-TRN<\/p>\n<p>Tarnmuster: tarnen\u00ae<\/p>\n<p>Obermaterial: 4-Wege-Stretch Actistretch\u2122 Strickjersey, verbunden mit einem weichen Fleece-Innenfutter<\/p>\n<p>Futter: ungef\u00fcttert<\/p>\n<p>Behandlung: Dauerhaft wasserabweisende (DWR) Ausr\u00fcstung auf der Stoffoberfl\u00e4che zum Abperlen von Feuchtigkeit und leichtem Schnee<\/p>\n<p>Geruchskontrolle: Microban\u00ae antimikrobielle Produktschutzbeschichtung auf verbundenem Fleece zur Geruchsreduzierung<\/p>\n<p>Handfl\u00e4che: Silikondruck f\u00fcr verbesserten Griff<\/p>\n","protected":false},"excerpt":{"rendered":"<p>Es besteht keine Notwendigkeit, die Finger abzuschneiden, um Ihren Bogen oder Abzug zu sp\u00fcren. Wir haben dies f\u00fcr Sie mit diesem geschickt konstruierten 4-Wege-Stretch Actistretch\u2122 Strickjersey-Handschuh bereits erledigt. Er ist absolut ger\u00e4uschlos, ungef\u00fcttert, um Ihnen Flexibilit\u00e4t und vollst\u00e4ndige Kontrolle zu bieten, und verf\u00fcgt \u00fcber ein t\u00e4uschend weiches Fleece-Innenfutter. Das Tarnen\u00ae Tarnmuster arbeitet mit Microban\u00ae antimikrobieller [&#8230;]\n","protected":false},"featured_media":271845,"comment_status":"open","ping_status":"closed","template":"","meta":[],"product_brand":[],"product_cat":[1382],"product_tag":[],"class_list":{"0":"post-280333","1":"product","2":"type-product","3":"status-publish","4":"has-post-thumbnail","6":"product_cat-handschuhe","8":"first","9":"instock","10":"taxable","11":"shipping-taxable","12":"purchasable","13":"product-type-variable"},"composite_virtual":false,"composite_layout":"","composite_add_to_cart_form_location":"","composite_editable_in_cart":false,"composite_sold_individually_context":"","composite_shop_price_calc":"","composite_components":[],"composite_scenarios":[],"group_of_quantity":0,"min_quantity":0,"max_quantity":"","exclude_order_quantity_value_rules":"no","exclude_category_quantity_rules":"no","combine_variations":"no","exclude_global_add_ons":[],"addons":[],"_links":{"self":[{"href":"https:\/\/www.huntersfriend.eu\/de\/wp-json\/wp\/v2\/product\/280333","targetHints":{"allow":["GET"]}}],"collection":[{"href":"https:\/\/www.huntersfriend.eu\/de\/wp-json\/wp\/v2\/product"}],"about":[{"href":"https:\/\/www.huntersfriend.eu\/de\/wp-json\/wp\/v2\/types\/product"}],"replies":[{"embeddable":true,"href":"https:\/\/www.huntersfriend.eu\/de\/wp-json\/wp\/v2\/comments?post=280333"}],"wp:featuredmedia":[{"embeddable":true,"href":"https:\/\/www.huntersfriend.eu\/de\/wp-json\/wp\/v2\/media\/271845"}],"wp:attachment":[{"href":"https:\/\/www.huntersfriend.eu\/de\/wp-json\/wp\/v2\/media?parent=280333"}],"wp:term":[{"taxonomy":"product_brand","embeddable":true,"href":"https:\/\/www.huntersfriend.eu\/de\/wp-json\/wp\/v2\/product_brand?post=280333"},{"taxonomy":"product_cat","embeddable":true,"href":"https:\/\/www.huntersfriend.eu\/de\/wp-json\/wp\/v2\/product_cat?post=280333"},{"taxonomy":"product_tag","embeddable":true,"href":"https:\/\/www.huntersfriend.eu\/de\/wp-json\/wp\/v2\/product_tag?post=280333"}],"curies":[{"name":"wp","href":"https:\/\/api.w.org\/{rel}","templated":true}]}}