{"id":280316,"date":"2024-08-02T00:16:12","date_gmt":"2025-06-23T07:45:33","guid":{"rendered":"https:\/\/www.huntersfriend.eu\/product\/huntworth-klassische-handschuhe\/"},"modified":"2026-01-29T19:07:26","modified_gmt":"2026-01-29T17:07:26","slug":"huntworth-klassische-handschuhe","status":"publish","type":"product","link":"https:\/\/www.huntersfriend.eu\/de\/produkt\/huntworth-klassische-handschuhe\/","title":{"rendered":"Huntworth klassische Handschuhe"},"content":{"rendered":"<p>Bereiten Sie sich auf die kalten Jagden vor. Dieser flexible, k\u00f6rpernahe Handschuh im Tarnen\u00ae-Tarnmuster wurde f\u00fcr jagdliche H\u00f6chstleistungen konzipiert. Gefertigt aus einem gestrickten Softshell und gef\u00fcttert mit Heat Boost\u2122 Graphen-Fleece, erm\u00f6glicht er Ihnen, l\u00e4nger auf der Jagd zu verweilen, mit mehr W\u00e4rme und weniger Volumen. Das Graphen leitet zudem auf nat\u00fcrliche Weise Feuchtigkeit ab und bek\u00e4mpft Ger\u00fcche, um Sie trocken und komfortabel zu halten. Ein Hydrashield\u00ae-wasserdichtes, atmungsaktives Insert sowie eine DWR-Ausr\u00fcstung bieten Schutz vor Schnee und Regen, eine Bandb\u00fcndchen blockiert die K\u00e4lte, und ein strapazierf\u00e4higer Kunstleder-Handfl\u00e4chenbesatz sowie ein formschl\u00fcssiger Abzugsfinger erm\u00f6glichen Ihnen die volle Kontrolle \u00fcber Ihre Waffe, sodass Sie sich auf das Erlegen konzentrieren k\u00f6nnen.    <\/p>\n<p>Artikelnummer: 1497-TRN<\/p>\n<p>Tarnmuster: tarnen\u00ae<\/p>\n<p>Obermaterial: Gestrickter Softshell<\/p>\n<p>Behandlung: Dauerhaft wasserabweisende (DWR) Ausr\u00fcstung auf der Stoffoberfl\u00e4che leitet Feuchtigkeit und leichten Schnee ab<\/p>\n<p>Futter: Heat Boost\u2122 Graphen-Fleece<\/p>\n<p>Heat Boost\u2122: In das Fleece eingestricktes Graphengarn verleiht thermische Leitf\u00e4higkeit, Feuchtigkeitsableitung und antimikrobielle Eigenschaften. Das Graphen nutzt die Energie Ihres K\u00f6rpers, absorbiert die W\u00e4rme und gibt sie zur\u00fcck, um Sie mit strahlender W\u00e4rme zu umgeben. <\/p>\n<p>Wasserdicht: Hydrashield\u00ae wasserdichtes, atmungsaktives Insert<\/p>\n<p>Handfl\u00e4chengriff: Strapazierf\u00e4higer Kunstleder-Handfl\u00e4chenbesatz<\/p>\n<p>Finger: Formschl\u00fcssiger Abzugsfinger<\/p>\n<p>B\u00fcndchen: Bandb\u00fcndchen<\/p>\n<p>Passform: K\u00f6rpernah<\/p>\n","protected":false},"excerpt":{"rendered":"<p>Bereiten Sie sich auf die kalten Jagden vor. Dieser flexible, k\u00f6rpernahe Handschuh im Tarnen\u00ae-Tarnmuster wurde f\u00fcr jagdliche H\u00f6chstleistungen konzipiert. Gefertigt aus einem gestrickten Softshell und gef\u00fcttert mit Heat Boost\u2122 Graphen-Fleece, erm\u00f6glicht er Ihnen, l\u00e4nger auf der Jagd zu verweilen, mit mehr W\u00e4rme und weniger Volumen. Das Graphen leitet zudem auf nat\u00fcrliche Weise Feuchtigkeit ab und [&#8230;]\n","protected":false},"featured_media":271814,"comment_status":"open","ping_status":"closed","template":"","meta":[],"product_brand":[],"product_cat":[1382],"product_tag":[],"class_list":{"0":"post-280316","1":"product","2":"type-product","3":"status-publish","4":"has-post-thumbnail","6":"product_cat-handschuhe","8":"first","9":"instock","10":"taxable","11":"shipping-taxable","12":"purchasable","13":"product-type-variable"},"composite_virtual":false,"composite_layout":"","composite_add_to_cart_form_location":"","composite_editable_in_cart":false,"composite_sold_individually_context":"","composite_shop_price_calc":"","composite_components":[],"composite_scenarios":[],"group_of_quantity":0,"min_quantity":0,"max_quantity":"","exclude_order_quantity_value_rules":"no","exclude_category_quantity_rules":"no","combine_variations":"no","exclude_global_add_ons":[],"addons":[],"_links":{"self":[{"href":"https:\/\/www.huntersfriend.eu\/de\/wp-json\/wp\/v2\/product\/280316","targetHints":{"allow":["GET"]}}],"collection":[{"href":"https:\/\/www.huntersfriend.eu\/de\/wp-json\/wp\/v2\/product"}],"about":[{"href":"https:\/\/www.huntersfriend.eu\/de\/wp-json\/wp\/v2\/types\/product"}],"replies":[{"embeddable":true,"href":"https:\/\/www.huntersfriend.eu\/de\/wp-json\/wp\/v2\/comments?post=280316"}],"wp:featuredmedia":[{"embeddable":true,"href":"https:\/\/www.huntersfriend.eu\/de\/wp-json\/wp\/v2\/media\/271814"}],"wp:attachment":[{"href":"https:\/\/www.huntersfriend.eu\/de\/wp-json\/wp\/v2\/media?parent=280316"}],"wp:term":[{"taxonomy":"product_brand","embeddable":true,"href":"https:\/\/www.huntersfriend.eu\/de\/wp-json\/wp\/v2\/product_brand?post=280316"},{"taxonomy":"product_cat","embeddable":true,"href":"https:\/\/www.huntersfriend.eu\/de\/wp-json\/wp\/v2\/product_cat?post=280316"},{"taxonomy":"product_tag","embeddable":true,"href":"https:\/\/www.huntersfriend.eu\/de\/wp-json\/wp\/v2\/product_tag?post=280316"}],"curies":[{"name":"wp","href":"https:\/\/api.w.org\/{rel}","templated":true}]}}