{"id":280314,"date":"2024-07-29T10:48:44","date_gmt":"2024-07-29T08:48:44","guid":{"rendered":"https:\/\/www.huntersfriend.eu\/product\/darton-consequence-2-vorraetig\/"},"modified":"2026-04-24T22:18:56","modified_gmt":"2026-04-24T20:18:56","slug":"darton-consequence-2-vorraetig","status":"publish","type":"product","link":"https:\/\/www.huntersfriend.eu\/de\/produkt\/darton-consequence-2-vorraetig\/","title":{"rendered":"Darton Consequence 2 &#8211; vorr\u00e4tig"},"content":{"rendered":"<p><span data-fontfamily=\"Oswald\">Erleben Sie die Evolution im Bogenschie\u00dfen mit dem neuesten Angebot von Darton Archery &#8211; dem Consequence 2. Dieser neue Compound-Bogen baut auf dem Erfolg seines Vorg\u00e4ngers auf und bietet fortschrittliche Funktionen f\u00fcr eine noch bessere Leistung. <\/span><\/p>\n<p><span data-fontfamily=\"Oswald\">Mit einem v\u00f6llig neuen Mittelst\u00fcck-Design und aus geschmiedetem Aluminium gefertigt, ist der Consequence 2 nicht nur robust, sondern auch leicht. Er verf\u00fcgt \u00fcber BBS Dual Sync Nockrollen, 1\/4-Zoll-Achsen und .870 Wurfarm und Wurfarmtaschen f\u00fcr erh\u00f6hte Stabilit\u00e4t. Der Darton-Griff gew\u00e4hrleistet einen komfortablen und festen Halt, w\u00e4hrend die Hamskea C.O.R-Halterung und der Seilf\u00fchrungsroller das \u00fcberlegene Design erg\u00e4nzen.  <\/span><\/p>\n<p><span data-fontfamily=\"Oswald\">Doch das ist noch nicht alles. Der Consequence 2 wird mit 2 S\u00e4tzen rotierender MODs geliefert &#8211; einem Standardsatz und einem Leistungssatz, so dass Sie Ihren Bogen nach Ihren Bed\u00fcrfnissen anpassen k\u00f6nnen. Er ist mit pr\u00e4zisen Spezifikationen konzipiert und gew\u00e4hrleistet Genauigkeit bei jedem Schuss. Mit einer Geschwindigkeit von 325 FPS mit dem Standard-Mod und 331 FPS mit dem Leistungs-Mod sorgt dieser Bogen daf\u00fcr, dass Ihre Pfeile ihr Ziel schnell treffen.   <\/span><\/p>\n<p><span data-fontfamily=\"Oswald\">Der Consequence 2 ist wahrlich ein Meilenstein in der Welt des Bogenschie\u00dfens. Ob erfahrener Bogensch\u00fctze oder Anf\u00e4nger, dieser Bogen wurde entwickelt, um Ihr Bogenschie\u00dferlebnis zu verbessern. <\/span><\/p>\n<div id=\"s-af8de722-f346-48b5-aa00-6b93820e1e65\" class=\"shg-c \">\n<div class=\"shg-rich-text shg-theme-text-content\">\n<p>V\u00d6LLIG NEUES MITTELST\u00dcCK-DESIGN<\/p>\n<p>7075 T6 Aluminium BBS Dual Sync Nockrollen<\/p>\n<p>1\/4-Zoll-Achsen<\/p>\n<p>5\/8&#8243; Lager<\/p>\n<p>.870 Wurfarme und Wurfarmtaschen (Erh\u00f6hen die Stabilit\u00e4t)<\/p>\n<p>DER Darton-Griff<\/p>\n<p>Rollenf\u00fchrung<\/p>\n<p>Hamskea C.O.R-Halterung (Pfeilauflage nicht inbegriffen)<\/p>\n<p>2 S\u00e4tze rotierender MODs<\/p>\n<p>1 Standardsatz und 1 Leistungssatz<\/p>\n<\/div>\n<\/div>\n<div id=\"s-e726ad1c-9aff-460d-9420-854302020b8a\" class=\"shg-c \">\n<div class=\"shg-rich-text shg-theme-text-content\">\n<p>&nbsp;<\/p>\n<p><span data-fontweight=\"300\">PR\u00c4ZISIONSSPEZIFIKATIONEN<\/span><\/p>\n<p>GESCHWINDIGKEIT: 325 FPS Standard-Mod | 331 FPS Leistungs-Mod<\/p>\n<p>ACHSABSTAND: 29,5 \u201e<\/p>\n<p>STANDH\u00d6HE: 7,5\u201c<\/p>\n<p>GEWICHT: 4,3 LBS.<\/p>\n<p>ZUGL\u00c4NGEN: 26 \u201e-31,5\u201c<\/p>\n<p>ZUGGEWICHTE: 50, 60, 70<\/p>\n<p>LET-OFF: 84-78% (Einstellbar mit Auszugsbegrenzern)<\/p>\n<\/div>\n<\/div>\n","protected":false},"excerpt":{"rendered":"<p>Erleben Sie die Evolution im Bogenschie\u00dfen mit dem neuesten Angebot von Darton Archery &#8211; dem Consequence 2. Dieser neue Compound-Bogen baut auf dem Erfolg seines Vorg\u00e4ngers auf und bietet fortschrittliche Funktionen f\u00fcr eine noch bessere Leistung. Mit einem v\u00f6llig neuen Mittelst\u00fcck-Design und aus geschmiedetem Aluminium gefertigt, ist der Consequence 2 nicht nur robust, sondern auch [&#8230;]\n","protected":false},"featured_media":271108,"comment_status":"open","ping_status":"closed","template":"","meta":[],"product_brand":[],"product_cat":[1125],"product_tag":[],"class_list":{"0":"post-280314","1":"product","2":"type-product","3":"status-publish","4":"has-post-thumbnail","6":"product_cat-compoundbogen-blank","7":"product_shipping_class-big-de","9":"first","10":"instock","11":"sale","12":"taxable","13":"shipping-taxable","14":"purchasable","15":"product-type-variable"},"composite_virtual":false,"composite_layout":"","composite_add_to_cart_form_location":"","composite_editable_in_cart":false,"composite_sold_individually_context":"","composite_shop_price_calc":"","composite_components":[],"composite_scenarios":[],"group_of_quantity":0,"min_quantity":0,"max_quantity":"","exclude_order_quantity_value_rules":"no","exclude_category_quantity_rules":"no","combine_variations":"no","exclude_global_add_ons":[],"addons":[],"_links":{"self":[{"href":"https:\/\/www.huntersfriend.eu\/de\/wp-json\/wp\/v2\/product\/280314","targetHints":{"allow":["GET"]}}],"collection":[{"href":"https:\/\/www.huntersfriend.eu\/de\/wp-json\/wp\/v2\/product"}],"about":[{"href":"https:\/\/www.huntersfriend.eu\/de\/wp-json\/wp\/v2\/types\/product"}],"replies":[{"embeddable":true,"href":"https:\/\/www.huntersfriend.eu\/de\/wp-json\/wp\/v2\/comments?post=280314"}],"wp:featuredmedia":[{"embeddable":true,"href":"https:\/\/www.huntersfriend.eu\/de\/wp-json\/wp\/v2\/media\/271108"}],"wp:attachment":[{"href":"https:\/\/www.huntersfriend.eu\/de\/wp-json\/wp\/v2\/media?parent=280314"}],"wp:term":[{"taxonomy":"product_brand","embeddable":true,"href":"https:\/\/www.huntersfriend.eu\/de\/wp-json\/wp\/v2\/product_brand?post=280314"},{"taxonomy":"product_cat","embeddable":true,"href":"https:\/\/www.huntersfriend.eu\/de\/wp-json\/wp\/v2\/product_cat?post=280314"},{"taxonomy":"product_tag","embeddable":true,"href":"https:\/\/www.huntersfriend.eu\/de\/wp-json\/wp\/v2\/product_tag?post=280314"}],"curies":[{"name":"wp","href":"https:\/\/api.w.org\/{rel}","templated":true}]}}