{"id":280310,"date":"2024-08-02T00:16:12","date_gmt":"2025-06-23T07:45:32","guid":{"rendered":"https:\/\/www.huntersfriend.eu\/product\/huntworth-trapper-muetze\/"},"modified":"2025-11-29T00:45:49","modified_gmt":"2025-11-28T22:45:49","slug":"huntworth-trapper-muetze","status":"publish","type":"product","link":"https:\/\/www.huntersfriend.eu\/de\/produkt\/huntworth-trapper-muetze\/","title":{"rendered":"Huntworth Trapper-M\u00fctze"},"content":{"rendered":"<p>Die Vostok Heat Boost Trapper-M\u00fctze f\u00fcr Herren in Tarnen ist die ultimative Kopfbedeckung f\u00fcr kaltes Wetter. Eine wasserdichte Konstruktion h\u00e4lt Regen, Schnee und Wind ab, um Kopf und Ohren bei den k\u00e4ltesten Jagden warm zu halten. In Kombination mit einem Kunstfellfutter und Graphen-infundiertem Garn k\u00f6nnte dies die w\u00e4rmste M\u00fctze sein, die Sie je besessen haben.  <\/p>\n<p><strong>Die Vostok Heat Boost Trapper-M\u00fctze f\u00fcr Herren in Tarnen verwendet Heat Boost Graphen-Technologie und eine winddichte\/wasserdichte Membran, um die kalte Luft drau\u00dfen und die warme Luft drinnen zu halten.<\/strong> Das Graphen-infundierte Garn f\u00e4ngt K\u00f6rperw\u00e4rme ein und strahlt sie zur\u00fcck auf Ihren K\u00f6rper, wodurch Sie effektiv mit weniger Volumen w\u00e4rmer werden.<\/p>\n<p>Ein dickes Kunstfellfutter umschlie\u00dft die Seiten Ihres Kopfes und erstreckt sich durch die Ohrklappen f\u00fcr zus\u00e4tzliche W\u00e4rme. Die Ohrklappen k\u00f6nnen f\u00fcr mehr isolierende Abdeckung heruntergeschnappt oder f\u00fcr besseres H\u00f6ren hochgeklappt werden. Wir haben auch eine \u00d6se \u00fcber den Ohren angebracht, um die H\u00f6rbarkeit zu verbessern. Ein verstellbarer Riemen verf\u00fcgt \u00fcber eine Schnellverschluss-Schnalle f\u00fcr einfaches An- und Ausziehen &#8211; schlie\u00dfen Sie sie unter Ihrem Kinn oder \u00fcber Ihrem Kopf.   <\/p>\n<p>Eine klassische Jagdm\u00fctze, die f\u00fcr das schlimmste Wetter konzipiert wurde. Vertrauen Sie der Vostok Trapper-M\u00fctze in Tarnen f\u00fcr all Ihre Jagden in der sp\u00e4ten Saison.<\/p>\n","protected":false},"excerpt":{"rendered":"<p>Die Vostok Heat Boost Trapper-M\u00fctze f\u00fcr Herren in Tarnen ist die ultimative Kopfbedeckung f\u00fcr kaltes Wetter. Eine wasserdichte Konstruktion h\u00e4lt Regen, Schnee und Wind ab, um Kopf und Ohren bei den k\u00e4ltesten Jagden warm zu halten. In Kombination mit einem Kunstfellfutter und Graphen-infundiertem Garn k\u00f6nnte dies die w\u00e4rmste M\u00fctze sein, die Sie je besessen haben. [&#8230;]\n","protected":false},"featured_media":271314,"comment_status":"open","ping_status":"closed","template":"","meta":[],"product_brand":[],"product_cat":[1215],"product_tag":[],"class_list":{"0":"post-280310","1":"product","2":"type-product","3":"status-publish","4":"has-post-thumbnail","6":"product_cat-handschuh-socken-und-kopfbedeckung","8":"first","9":"instock","10":"taxable","11":"shipping-taxable","12":"purchasable","13":"product-type-variable"},"composite_virtual":false,"composite_layout":"","composite_add_to_cart_form_location":"","composite_editable_in_cart":false,"composite_sold_individually_context":"","composite_shop_price_calc":"","composite_components":[],"composite_scenarios":[],"group_of_quantity":0,"min_quantity":0,"max_quantity":"","exclude_order_quantity_value_rules":"no","exclude_category_quantity_rules":"no","combine_variations":"no","exclude_global_add_ons":[],"addons":[],"_links":{"self":[{"href":"https:\/\/www.huntersfriend.eu\/de\/wp-json\/wp\/v2\/product\/280310","targetHints":{"allow":["GET"]}}],"collection":[{"href":"https:\/\/www.huntersfriend.eu\/de\/wp-json\/wp\/v2\/product"}],"about":[{"href":"https:\/\/www.huntersfriend.eu\/de\/wp-json\/wp\/v2\/types\/product"}],"replies":[{"embeddable":true,"href":"https:\/\/www.huntersfriend.eu\/de\/wp-json\/wp\/v2\/comments?post=280310"}],"wp:featuredmedia":[{"embeddable":true,"href":"https:\/\/www.huntersfriend.eu\/de\/wp-json\/wp\/v2\/media\/271314"}],"wp:attachment":[{"href":"https:\/\/www.huntersfriend.eu\/de\/wp-json\/wp\/v2\/media?parent=280310"}],"wp:term":[{"taxonomy":"product_brand","embeddable":true,"href":"https:\/\/www.huntersfriend.eu\/de\/wp-json\/wp\/v2\/product_brand?post=280310"},{"taxonomy":"product_cat","embeddable":true,"href":"https:\/\/www.huntersfriend.eu\/de\/wp-json\/wp\/v2\/product_cat?post=280310"},{"taxonomy":"product_tag","embeddable":true,"href":"https:\/\/www.huntersfriend.eu\/de\/wp-json\/wp\/v2\/product_tag?post=280310"}],"curies":[{"name":"wp","href":"https:\/\/api.w.org\/{rel}","templated":true}]}}