{"id":280309,"date":"2024-07-23T00:04:09","date_gmt":"2025-06-23T07:45:32","guid":{"rendered":"https:\/\/www.huntersfriend.eu\/product\/darton-consequence-2-massanfertigungsbogen\/"},"modified":"2025-10-30T11:51:39","modified_gmt":"2025-10-30T09:51:39","slug":"darton-consequence-2-massanfertigungsbogen","status":"publish","type":"product","link":"https:\/\/www.huntersfriend.eu\/de\/produkt\/darton-consequence-2-massanfertigungsbogen\/","title":{"rendered":"Darton Consequence 2 Ma\u00dfanfertigungsbogen"},"content":{"rendered":"<p><span data-text-color=\"alert\"><strong>Bitte \u00fcberpr\u00fcfen Sie unsere Darton Consequence 2 Lagerbestandsseite, um zu sehen, ob wir den Bogen vorr\u00e4tig haben, bevor Sie hier bestellen. Sie k\u00f6nnen uns auch direkt kontaktieren, um weitere Informationen \u00fcber Verf\u00fcgbarkeit und Lieferzeiten zu erhalten. <\/strong><\/span><\/p>\n<p><span data-fontfamily=\"Oswald\">Erleben Sie die Evolution im Bogenschie\u00dfen mit dem neuesten Angebot von Darton Archery &#8211; dem Consequence 2. Dieser neue Compound-Bogen baut auf dem Erfolg seines Vorg\u00e4ngers auf und bietet fortschrittliche Funktionen f\u00fcr eine noch bessere Leistung. <\/span><\/p>\n<p><span data-fontfamily=\"Oswald\">Mit einem v\u00f6llig neuen Mittelst\u00fcck-Design und aus geschmiedetem Aluminium gefertigt, ist der Consequence 2 nicht nur robust, sondern auch leicht. Er verf\u00fcgt \u00fcber BBS Dual Sync Nockrollen, 1\/4-Zoll-Achsen und .870 Wurfarm und Wurfarmtaschen f\u00fcr erh\u00f6hte Stabilit\u00e4t. Der Darton-Griff gew\u00e4hrleistet einen komfortablen und festen Halt, w\u00e4hrend die Hamskea C.O.R-Halterung und der Seilf\u00fchrungsroller das \u00fcberlegene Design erg\u00e4nzen.  <\/span><\/p>\n<p><span data-fontfamily=\"Oswald\">Doch das ist noch nicht alles. Der Consequence 2 wird mit 2 S\u00e4tzen rotierender MODs geliefert &#8211; einem Standardsatz und einem Leistungssatz, so dass Sie Ihren Bogen nach Ihren Bed\u00fcrfnissen anpassen k\u00f6nnen. Er ist mit pr\u00e4zisen Spezifikationen konzipiert und gew\u00e4hrleistet Genauigkeit bei jedem Schuss. Mit einer Geschwindigkeit von 325 FPS mit dem Standard-Mod und 331 FPS mit dem Leistungs-Mod sorgt dieser Bogen daf\u00fcr, dass Ihre Pfeile ihr Ziel schnell treffen.   <\/span><\/p>\n<p><span data-fontfamily=\"Oswald\">Der Consequence 2 ist wahrlich ein Meilenstein in der Welt des Bogenschie\u00dfens. Ob erfahrener Bogensch\u00fctze oder Anf\u00e4nger, dieser Bogen wurde entwickelt, um Ihr Bogenschie\u00dferlebnis zu verbessern. <\/span><\/p>\n<p>Neu &#8211; Mossy Oak Bottomland Tarnmuster ist jetzt gegen einen geringen Aufpreis erh\u00e4ltlich.<\/p>\n<div id=\"s-af8de722-f346-48b5-aa00-6b93820e1e65\" class=\"shg-c \">\n<div class=\"shg-rich-text shg-theme-text-content\">\n<p>V\u00d6LLIG NEUES MITTELST\u00dcCK-DESIGN<\/p>\n<p>7075 T6 Aluminium BBS Dual Sync Nockrollen<\/p>\n<p>1\/4-Zoll-Achsen<\/p>\n<p>5\/8&#8243; Lager<\/p>\n<p>.870 Wurfarme und Wurfarmtaschen (Erh\u00f6hen die Stabilit\u00e4t)<\/p>\n<p>DER Darton-Griff<\/p>\n<p>Rollenf\u00fchrung<\/p>\n<p>Hamskea C.O.R-Halterung (Pfeilauflage nicht im Lieferumfang enthalten)<\/p>\n<p>2 S\u00e4tze rotierender MODs<\/p>\n<p>1 Standardsatz und 1 Leistungssatz<\/p>\n<\/div>\n<\/div>\n<div id=\"s-e726ad1c-9aff-460d-9420-854302020b8a\" class=\"shg-c \">\n<div class=\"shg-rich-text shg-theme-text-content\">\n<p>&nbsp;<\/p>\n<p><span data-fontweight=\"300\">PR\u00c4ZISIONSSPEZIFIKATIONEN<\/span><\/p>\n<p>GESCHWINDIGKEIT: 325 FPS Standard-Mod | 331 FPS Leistungs-Mod<\/p>\n<p>ACHSABSTAND: 29,5 \u201e<\/p>\n<p>STANDH\u00d6HE: 7,5\u201c<\/p>\n<p>GEWICHT: 4,3 LBS.<\/p>\n<p>ZUGL\u00c4NGEN: 26 \u201e-31,5\u201c<\/p>\n<p>ZUGGEWICHTE: 50, 60, 70<\/p>\n<p>LET-OFF: 84-78% (Einstellbar mit Auszugsbegrenzern)<\/p>\n<\/div>\n<\/div>\n","protected":false},"excerpt":{"rendered":"<p>Bitte \u00fcberpr\u00fcfen Sie unsere Darton Consequence 2 Lagerbestandsseite, um zu sehen, ob wir den Bogen vorr\u00e4tig haben, bevor Sie hier bestellen. Sie k\u00f6nnen uns auch direkt kontaktieren, um weitere Informationen \u00fcber Verf\u00fcgbarkeit und Lieferzeiten zu erhalten. Erleben Sie die Evolution im Bogenschie\u00dfen mit dem neuesten Angebot von Darton Archery &#8211; dem Consequence 2. Dieser neue [&#8230;]\n","protected":false},"featured_media":271098,"comment_status":"open","ping_status":"closed","template":"","meta":[],"product_brand":[],"product_cat":[1125],"product_tag":[],"class_list":{"0":"post-280309","1":"product","2":"type-product","3":"status-publish","4":"has-post-thumbnail","6":"product_cat-compoundbogen-blank","7":"product_shipping_class-big-de","9":"first","10":"onbackorder","11":"taxable","12":"shipping-taxable","13":"purchasable","14":"product-type-simple"},"composite_virtual":false,"composite_layout":"","composite_add_to_cart_form_location":"","composite_editable_in_cart":false,"composite_sold_individually_context":"","composite_shop_price_calc":"","composite_components":[],"composite_scenarios":[],"group_of_quantity":0,"min_quantity":0,"max_quantity":"","exclude_order_quantity_value_rules":"no","exclude_category_quantity_rules":"no","combine_variations":"no","exclude_global_add_ons":false,"addons":[{"name":"Bogenhand","type":"multiple_choice","position":0,"required":true,"title_format":"label","default":"","description_enable":false,"description":null,"placeholder_enable":false,"placeholder":null,"display":"select","restrictions_type":"any_text","adjust_price":false,"price":"","price_type":"flat_fee","restrictions":false,"min":"0","max":"0","options":[{"label":"Rechte Hand","price":"","price_type":"flat_fee","image":0,"visibility":true},{"label":"Linke Hand","price":"","price_type":"flat_fee","image":0,"visibility":true}],"id":1722250194},{"name":"Farbe","type":"multiple_choice","position":1,"required":true,"title_format":"label","default":"","description_enable":false,"description":null,"placeholder_enable":false,"placeholder":null,"display":"select","restrictions_type":"any_text","adjust_price":false,"price":"","price_type":"flat_fee","restrictions":false,"min":"0","max":"0","options":[{"label":"Schwarz mit schwarzen Wurfarmen","price":"","price_type":"flat_fee","image":0,"visibility":true},{"label":"Flaches Dunkelerdfarben mit schwarzen Wurfarmen","price":"","price_type":"flat_fee","image":0,"visibility":true},{"label":"OD Green mit schwarzen Wurfarmen","price":"","price_type":"flat_fee","image":0,"visibility":true},{"label":"Steingrau mit schwarzen Wurfarmen","price":"","price_type":"flat_fee","image":0,"visibility":true},{"label":"Mossy Oak Bottomland","price":"0","price_type":"flat_fee","image":0,"visibility":true}],"id":1722250195},{"name":"Zuggewicht","type":"multiple_choice","position":2,"required":true,"title_format":"label","default":"","description_enable":false,"description":null,"placeholder_enable":false,"placeholder":null,"display":"select","restrictions_type":"any_text","adjust_price":false,"price":"","price_type":"flat_fee","restrictions":false,"min":"0","max":"0","options":[{"label":"40-50#","price":"","price_type":"flat_fee","image":0,"visibility":true},{"label":"50-60#","price":"","price_type":"flat_fee","image":0,"visibility":true},{"label":"60-70#","price":"","price_type":"flat_fee","image":0,"visibility":true}],"id":1722250196}],"_links":{"self":[{"href":"https:\/\/www.huntersfriend.eu\/de\/wp-json\/wp\/v2\/product\/280309","targetHints":{"allow":["GET"]}}],"collection":[{"href":"https:\/\/www.huntersfriend.eu\/de\/wp-json\/wp\/v2\/product"}],"about":[{"href":"https:\/\/www.huntersfriend.eu\/de\/wp-json\/wp\/v2\/types\/product"}],"replies":[{"embeddable":true,"href":"https:\/\/www.huntersfriend.eu\/de\/wp-json\/wp\/v2\/comments?post=280309"}],"wp:featuredmedia":[{"embeddable":true,"href":"https:\/\/www.huntersfriend.eu\/de\/wp-json\/wp\/v2\/media\/271098"}],"wp:attachment":[{"href":"https:\/\/www.huntersfriend.eu\/de\/wp-json\/wp\/v2\/media?parent=280309"}],"wp:term":[{"taxonomy":"product_brand","embeddable":true,"href":"https:\/\/www.huntersfriend.eu\/de\/wp-json\/wp\/v2\/product_brand?post=280309"},{"taxonomy":"product_cat","embeddable":true,"href":"https:\/\/www.huntersfriend.eu\/de\/wp-json\/wp\/v2\/product_cat?post=280309"},{"taxonomy":"product_tag","embeddable":true,"href":"https:\/\/www.huntersfriend.eu\/de\/wp-json\/wp\/v2\/product_tag?post=280309"}],"curies":[{"name":"wp","href":"https:\/\/api.w.org\/{rel}","templated":true}]}}