{"id":280308,"date":"2024-07-29T10:50:37","date_gmt":"2024-07-29T08:50:37","guid":{"rendered":"https:\/\/www.huntersfriend.eu\/product\/buck-gardner-canada-hammer-2\/"},"modified":"2025-09-17T13:10:44","modified_gmt":"2025-09-17T11:10:44","slug":"buck-gardner-canada-hammer-2","status":"publish","type":"product","link":"https:\/\/www.huntersfriend.eu\/de\/produkt\/buck-gardner-canada-hammer-2\/","title":{"rendered":"Buck Gardner Canada Hammer"},"content":{"rendered":"<div class=\" product__images three-fifths columns medium-down--one-whole \">\n<div class=\"gallery-wrap gallery-arrows--true gallery-thumbnails--bottom\">\n<div class=\" product_gallery_nav product_gallery_nav--slider-enabled product-gallery__thumbnails product_gallery_nav-- product-1665967849546-gallery-nav \">\n<div class=\"gallery-cell product-gallery__thumbnail\" data-title=\"Canada Hammer Poly Goose Call - Buck Gardner Calls\">\n<div class=\"image-element__wrap\">Buck Gardners  <span style=\"color: #555555\">Der urspr\u00fcngliche Kurzrohr-Kanadagansruf von Buck Gardner ist nach wie vor der am einfachsten zu bedienende G\u00e4nseruf, der je hergestellt wurde. Dieser Ruf bietet eine schnelle Zungenansprache und Reaktionsf\u00e4higkeit und ist handgestimmt, um eine Leistung zu gew\u00e4hrleisten, die den Preis bei weitem \u00fcbertrifft. Das Quick-Tune\u2122-Innenleben und Zungensystem erm\u00f6glichen eine einfache Reinigung, Neustimmung und Wiedermontage. Der doppelte O-Ring-Einsatz bildet eine luftdichte Abdichtung mit dem Lauf, um die Klangqualit\u00e4t zu verbessern.   <\/span><\/div>\n<\/div>\n<\/div>\n<\/div>\n<\/div>\n","protected":false},"excerpt":{"rendered":"<p>Buck Gardners Der urspr\u00fcngliche Kurzrohr-Kanadagansruf von Buck Gardner ist nach wie vor der am einfachsten zu bedienende G\u00e4nseruf, der je hergestellt wurde. Dieser Ruf bietet eine schnelle Zungenansprache und Reaktionsf\u00e4higkeit und ist handgestimmt, um eine Leistung zu gew\u00e4hrleisten, die den Preis bei weitem \u00fcbertrifft. Das Quick-Tune\u2122-Innenleben und Zungensystem erm\u00f6glichen eine einfache Reinigung, Neustimmung und Wiedermontage. [&#8230;]\n","protected":false},"featured_media":271131,"comment_status":"open","ping_status":"closed","template":"","meta":[],"product_brand":[],"product_cat":[1402],"product_tag":[],"class_list":{"0":"post-280308","1":"product","2":"type-product","3":"status-publish","4":"has-post-thumbnail","6":"product_cat-ganselocker","8":"first","9":"instock","10":"taxable","11":"shipping-taxable","12":"purchasable","13":"product-type-simple"},"composite_virtual":false,"composite_layout":"","composite_add_to_cart_form_location":"","composite_editable_in_cart":false,"composite_sold_individually_context":"","composite_shop_price_calc":"","composite_components":[],"composite_scenarios":[],"group_of_quantity":0,"min_quantity":0,"max_quantity":"","exclude_order_quantity_value_rules":"no","exclude_category_quantity_rules":"no","combine_variations":"no","exclude_global_add_ons":[],"addons":[],"_links":{"self":[{"href":"https:\/\/www.huntersfriend.eu\/de\/wp-json\/wp\/v2\/product\/280308","targetHints":{"allow":["GET"]}}],"collection":[{"href":"https:\/\/www.huntersfriend.eu\/de\/wp-json\/wp\/v2\/product"}],"about":[{"href":"https:\/\/www.huntersfriend.eu\/de\/wp-json\/wp\/v2\/types\/product"}],"replies":[{"embeddable":true,"href":"https:\/\/www.huntersfriend.eu\/de\/wp-json\/wp\/v2\/comments?post=280308"}],"wp:featuredmedia":[{"embeddable":true,"href":"https:\/\/www.huntersfriend.eu\/de\/wp-json\/wp\/v2\/media\/271131"}],"wp:attachment":[{"href":"https:\/\/www.huntersfriend.eu\/de\/wp-json\/wp\/v2\/media?parent=280308"}],"wp:term":[{"taxonomy":"product_brand","embeddable":true,"href":"https:\/\/www.huntersfriend.eu\/de\/wp-json\/wp\/v2\/product_brand?post=280308"},{"taxonomy":"product_cat","embeddable":true,"href":"https:\/\/www.huntersfriend.eu\/de\/wp-json\/wp\/v2\/product_cat?post=280308"},{"taxonomy":"product_tag","embeddable":true,"href":"https:\/\/www.huntersfriend.eu\/de\/wp-json\/wp\/v2\/product_tag?post=280308"}],"curies":[{"name":"wp","href":"https:\/\/api.w.org\/{rel}","templated":true}]}}