{"id":280306,"date":"2024-07-29T10:50:31","date_gmt":"2024-07-29T08:50:31","guid":{"rendered":"https:\/\/www.huntersfriend.eu\/product\/buck-gardner-grey-ghost-gaensepfeife\/"},"modified":"2025-09-17T13:10:40","modified_gmt":"2025-09-17T11:10:40","slug":"buck-gardner-grey-ghost-gaensepfeife","status":"publish","type":"product","link":"https:\/\/www.huntersfriend.eu\/de\/produkt\/buck-gardner-grey-ghost-gaensepfeife\/","title":{"rendered":"Buck Gardner Grey Ghost G\u00e4nsepfeife"},"content":{"rendered":"<p>Basierend auf Buck Gardners bew\u00e4hrter Grey Ghost Acryl-G\u00e4nsepfeife ist dieses Modell mit einem k\u00fcrzeren Lauf und einem Einsatz konzipiert, der f\u00fcr blitzschnelle Doppelgackerer und einen h\u00f6heren Ton f\u00fcr laute, klingende Rufe ausgelegt ist, die sich von der Masse abheben.<\/p>\n<p>Der Grey Ghost ist jetzt in Mossy Oak&#8217;s neuestem Wasserwildmuster, Habitat, erh\u00e4ltlich. Wir haben mit einem der besten hydrographischen Dekorateure in den Vereinigten Staaten zusammengearbeitet, um dieser Pfeife eine hochwertige, langlebige Tarnbeschichtung zu verleihen. <\/p>\n","protected":false},"excerpt":{"rendered":"<p>Basierend auf Buck Gardners bew\u00e4hrter Grey Ghost Acryl-G\u00e4nsepfeife ist dieses Modell mit einem k\u00fcrzeren Lauf und einem Einsatz konzipiert, der f\u00fcr blitzschnelle Doppelgackerer und einen h\u00f6heren Ton f\u00fcr laute, klingende Rufe ausgelegt ist, die sich von der Masse abheben. Der Grey Ghost ist jetzt in Mossy Oak&#8217;s neuestem Wasserwildmuster, Habitat, erh\u00e4ltlich. Wir haben mit einem [&#8230;]\n","protected":false},"featured_media":271137,"comment_status":"open","ping_status":"closed","template":"","meta":[],"product_brand":[],"product_cat":[1402],"product_tag":[],"class_list":{"0":"post-280306","1":"product","2":"type-product","3":"status-publish","4":"has-post-thumbnail","6":"product_cat-ganselocker","8":"first","9":"instock","10":"taxable","11":"shipping-taxable","12":"purchasable","13":"product-type-simple"},"composite_virtual":false,"composite_layout":"","composite_add_to_cart_form_location":"","composite_editable_in_cart":false,"composite_sold_individually_context":"","composite_shop_price_calc":"","composite_components":[],"composite_scenarios":[],"group_of_quantity":0,"min_quantity":0,"max_quantity":"","exclude_order_quantity_value_rules":"no","exclude_category_quantity_rules":"no","combine_variations":"no","exclude_global_add_ons":[],"addons":[],"_links":{"self":[{"href":"https:\/\/www.huntersfriend.eu\/de\/wp-json\/wp\/v2\/product\/280306","targetHints":{"allow":["GET"]}}],"collection":[{"href":"https:\/\/www.huntersfriend.eu\/de\/wp-json\/wp\/v2\/product"}],"about":[{"href":"https:\/\/www.huntersfriend.eu\/de\/wp-json\/wp\/v2\/types\/product"}],"replies":[{"embeddable":true,"href":"https:\/\/www.huntersfriend.eu\/de\/wp-json\/wp\/v2\/comments?post=280306"}],"wp:featuredmedia":[{"embeddable":true,"href":"https:\/\/www.huntersfriend.eu\/de\/wp-json\/wp\/v2\/media\/271137"}],"wp:attachment":[{"href":"https:\/\/www.huntersfriend.eu\/de\/wp-json\/wp\/v2\/media?parent=280306"}],"wp:term":[{"taxonomy":"product_brand","embeddable":true,"href":"https:\/\/www.huntersfriend.eu\/de\/wp-json\/wp\/v2\/product_brand?post=280306"},{"taxonomy":"product_cat","embeddable":true,"href":"https:\/\/www.huntersfriend.eu\/de\/wp-json\/wp\/v2\/product_cat?post=280306"},{"taxonomy":"product_tag","embeddable":true,"href":"https:\/\/www.huntersfriend.eu\/de\/wp-json\/wp\/v2\/product_tag?post=280306"}],"curies":[{"name":"wp","href":"https:\/\/api.w.org\/{rel}","templated":true}]}}