{"id":280305,"date":"2024-07-19T00:14:09","date_gmt":"2024-07-18T22:14:09","guid":{"rendered":"https:\/\/www.huntersfriend.eu\/product\/meopta-meopro-optika-6-45-27x50-rd-sfp-bdc-3\/"},"modified":"2025-06-23T09:45:31","modified_gmt":"2025-06-23T07:45:31","slug":"meopta-meopro-optika-6-45-27x50-rd-sfp-bdc-3","status":"publish","type":"product","link":"https:\/\/www.huntersfriend.eu\/de\/produkt\/meopta-meopro-optika-6-45-27x50-rd-sfp-bdc-3\/","title":{"rendered":"Meopta MeoPro optika 6 4,5-27X50 RD SFP BDC-3"},"content":{"rendered":"<p>Die Zielfernrohre der Optika6-Serie bieten die Leistung, die Sie von Meopta mit einem 6-fachen Vergr\u00f6\u00dferungsbereich erwarten. Diese Zielfernrohre wurden entwickelt, um J\u00e4gern und Sch\u00fctzen die gew\u00fcnschten Funktionen und die verdiente Qualit\u00e4t in einer hochspezialisierten, erschwinglichen Optik zu bieten. Alle Optika6-Zielfernrohre sind mit patentierten DichroTech-Absehen erh\u00e4ltlich, die die Zielerfassung insbesondere bei schlechten Lichtverh\u00e4ltnissen verbessern. 30-mm-Hauptrohre sind Standard f\u00fcr ultimative Haltbarkeit und Einstellbereich.   <\/p>\n<ul>\n<li>30-mm-Hauptrohre (34 mm bei 5-30x)<\/li>\n<li>MeoBright-Beschichtungen<\/li>\n<li>MeoShield-Beschichtungen<\/li>\n<li>Hydrophobe Beschichtung<\/li>\n<li>MOA- oder MIL-Einstellungen<\/li>\n<li>Nullr\u00fcckstellung f\u00fcr Seiten- und H\u00f6henverstellung<\/li>\n<li>Nullanschlag bei ausgew\u00e4hlten Modellen<\/li>\n<li>Absehen in der ersten und zweiten Bildebene (FFP und SFP)<\/li>\n<li>Verf\u00fcgbare Verriegelungseinstellungen<\/li>\n<li>Inklusive einstellbarem und abnehmbarem Vergr\u00f6\u00dferungshebel<\/li>\n<\/ul>\n<div class=\"product__description_header\">SPEZIFIKATIONEN<\/div>\n<table>\n<tbody>\n<tr class=\"row1\">\n<td class=\"col1\">Vergr\u00f6\u00dferung<\/td>\n<td class=\"col2\"> 4,5-27x<\/td>\n<\/tr>\n<tr class=\"row2\">\n<td class=\"col1\">Objektivdurchmesser<\/td>\n<td class=\"col2\">50 mm<\/td>\n<\/tr>\n<tr class=\"row3\">\n<td class=\"col1\">Objektivgewinde<\/td>\n<td class=\"col2\">M55x0,75<\/td>\n<\/tr>\n<tr class=\"row4\">\n<td class=\"col1\">Tubus<\/td>\n<td class=\"col2\">1,18 Zoll<\/td>\n<\/tr>\n<tr class=\"row5\">\n<td class=\"col1\">Sehfeld<\/td>\n<td class=\"col2\"> 4,2-1,1\u00b0<\/td>\n<\/tr>\n<tr class=\"row6\">\n<td class=\"col1\">Sehfeld<\/td>\n<td class=\"col2\"> 6,7-1,8 m\/100m<\/td>\n<\/tr>\n<tr class=\"row7\">\n<td class=\"col1\">Augenabstand<\/td>\n<td class=\"col2\">3,9-3,9 Zoll<\/td>\n<\/tr>\n<tr class=\"row8\">\n<td class=\"col1\">Bildebene<\/td>\n<td class=\"col2\"> 2<\/td>\n<\/tr>\n<tr class=\"row9\">\n<td class=\"col1\">Dioptrienausgleich<\/td>\n<td class=\"col2\">-2,0\/+2,0 dpt<\/td>\n<\/tr>\n<tr class=\"row10\">\n<td class=\"col1\">Lichtdurchl\u00e4ssigkeit<\/td>\n<td class=\"col2\">91 %<\/td>\n<\/tr>\n<tr class=\"row11\">\n<td class=\"col1\">Verstellwert pro Klick<\/td>\n<td class=\"col2\">9,14 mm\/100m<\/td>\n<\/tr>\n<tr class=\"row12\">\n<td class=\"col1\">Verstellwert pro Klick<\/td>\n<td class=\"col2\">0,34 MOA<\/td>\n<\/tr>\n<tr class=\"row13\">\n<td class=\"col1\">Gesamtverstellbereich H\u00f6he<\/td>\n<td class=\"col2\"> 2235 mm\/100m<\/td>\n<\/tr>\n<tr class=\"row14\">\n<td class=\"col1\">Gesamtverstellbereich H\u00f6he<\/td>\n<td class=\"col2\"> 84 MOA<\/td>\n<\/tr>\n<tr class=\"row15\">\n<td class=\"col1\">Gesamtverstellbereich Seite<\/td>\n<td class=\"col2\"> 2235 mm\/100m<\/td>\n<\/tr>\n<tr class=\"row16\">\n<td class=\"col1\">Gesamtverstellbereich Seite<\/td>\n<td class=\"col2\"> 84 MOA<\/td>\n<\/tr>\n<tr class=\"row17\">\n<td class=\"col1\">Parallaxenausgleich<\/td>\n<td class=\"col2\"> 22,86 m &#8211; unendlich<\/td>\n<\/tr>\n<tr class=\"row18\">\n<td class=\"col1\">L\u00e4nge<\/td>\n<td class=\"col2\">360,7 mm<\/td>\n<\/tr>\n<tr class=\"row19\">\n<td class=\"col1\">Gewicht<\/td>\n<td class=\"col2\"> 881 g<\/td>\n<\/tr>\n<tr class=\"row20\">\n<td class=\"col1\">Verf\u00fcgbare Absehen<\/td>\n<td class=\"col2\"> 4D Dichro, BDC<\/td>\n<\/tr>\n<\/tbody>\n<\/table>\n","protected":false},"excerpt":{"rendered":"<p>Die Zielfernrohre der Optika6-Serie bieten die Leistung, die Sie von Meopta mit einem 6-fachen Vergr\u00f6\u00dferungsbereich erwarten. Diese Zielfernrohre wurden entwickelt, um J\u00e4gern und Sch\u00fctzen die gew\u00fcnschten Funktionen und die verdiente Qualit\u00e4t in einer hochspezialisierten, erschwinglichen Optik zu bieten. Alle Optika6-Zielfernrohre sind mit patentierten DichroTech-Absehen erh\u00e4ltlich, die die Zielerfassung insbesondere bei schlechten Lichtverh\u00e4ltnissen verbessern. 30-mm-Hauptrohre sind [&#8230;]\n","protected":false},"featured_media":270978,"comment_status":"open","ping_status":"closed","template":"","meta":[],"product_brand":[],"product_cat":[1132],"product_tag":[],"class_list":{"0":"post-280305","1":"product","2":"type-product","3":"status-publish","4":"has-post-thumbnail","6":"product_cat-zielfernrohre","8":"first","9":"outofstock","10":"taxable","11":"shipping-taxable","12":"purchasable","13":"product-type-simple"},"composite_virtual":false,"composite_layout":"","composite_add_to_cart_form_location":"","composite_editable_in_cart":false,"composite_sold_individually_context":"","composite_shop_price_calc":"","composite_components":[],"composite_scenarios":[],"group_of_quantity":0,"min_quantity":0,"max_quantity":"","exclude_order_quantity_value_rules":"no","exclude_category_quantity_rules":"no","combine_variations":"no","exclude_global_add_ons":[],"addons":[],"_links":{"self":[{"href":"https:\/\/www.huntersfriend.eu\/de\/wp-json\/wp\/v2\/product\/280305","targetHints":{"allow":["GET"]}}],"collection":[{"href":"https:\/\/www.huntersfriend.eu\/de\/wp-json\/wp\/v2\/product"}],"about":[{"href":"https:\/\/www.huntersfriend.eu\/de\/wp-json\/wp\/v2\/types\/product"}],"replies":[{"embeddable":true,"href":"https:\/\/www.huntersfriend.eu\/de\/wp-json\/wp\/v2\/comments?post=280305"}],"wp:featuredmedia":[{"embeddable":true,"href":"https:\/\/www.huntersfriend.eu\/de\/wp-json\/wp\/v2\/media\/270978"}],"wp:attachment":[{"href":"https:\/\/www.huntersfriend.eu\/de\/wp-json\/wp\/v2\/media?parent=280305"}],"wp:term":[{"taxonomy":"product_brand","embeddable":true,"href":"https:\/\/www.huntersfriend.eu\/de\/wp-json\/wp\/v2\/product_brand?post=280305"},{"taxonomy":"product_cat","embeddable":true,"href":"https:\/\/www.huntersfriend.eu\/de\/wp-json\/wp\/v2\/product_cat?post=280305"},{"taxonomy":"product_tag","embeddable":true,"href":"https:\/\/www.huntersfriend.eu\/de\/wp-json\/wp\/v2\/product_tag?post=280305"}],"curies":[{"name":"wp","href":"https:\/\/api.w.org\/{rel}","templated":true}]}}