{"id":280293,"date":"2024-06-21T00:18:09","date_gmt":"2025-06-23T07:45:24","guid":{"rendered":"https:\/\/www.huntersfriend.eu\/product\/avian-x-freiwasser-stockenten\/"},"modified":"2025-08-07T11:19:20","modified_gmt":"2025-08-07T09:19:20","slug":"avian-x-freiwasser-stockenten","status":"publish","type":"product","link":"https:\/\/www.huntersfriend.eu\/de\/produkt\/avian-x-freiwasser-stockenten\/","title":{"rendered":"Avian-x Freiwasser-Stockenten"},"content":{"rendered":"<div class=\"productView-description\" data-event-type=\"product\" data-analytics-sent=\"{\"product_id\":\"117\",\"name\":\"Topflight Open Water Pack\",\"category\":\"\\n Duck, \\n Duck\/Topflight Floating Decoys\\n \",\"price\":\"\\n 99.99\\n\",\"sku\":null,\"variant\":\"single-product-option\",\"properties\":{\"channel\":{\"id\":1,\"name\":\"default\",\"type\":\"default\"}},\"currency\":\"USD\"}\">\n<p>Brutale Freiwasserbedingungen stellen f\u00fcr diese Stockenten kein Problem dar. Eine Kombination aus hochk\u00f6pfigen und niedrigk\u00f6pfigen Haltungen repliziert authentisch das nat\u00fcrliche Verhalten aktiver Stockenten. Ultrarealistisches Farbdesign kombiniert mit h\u00f6chster Farbhaftung und Haltbarkeit f\u00fcr das letzte Wort in schwimmenden Stockentenlockv\u00f6geln. Alle Topflight-Lockv\u00f6gel verf\u00fcgen \u00fcber einen innovativen gewichtsverlagerten Schwimmkiel. Schnappen Sie die Leine einfach durch den Schwimmclip, um den Lockv\u00f6geln eine nat\u00fcrliche Bewegung im Wasser zu verleihen.    <\/p>\n<ul>\n<li>Perfekte Nachbildung ausgewachsener Stockenten<\/li>\n<li>Gewichtsverlagerter Schwimmkiel f\u00fcr realistische Bewegungen<\/li>\n<li>Un\u00fcbertroffene Farbgebung und Detailgenauigkeit<\/li>\n<li>Robuste Haltbarkeit<\/li>\n<li>Abplatzfeste Farbe f\u00fcr langanhaltende Oberfl\u00e4che<\/li>\n<li>K\u00f6rper: Schwimmer<\/li>\n<li>Gr\u00f6\u00dfe: Lebensgr\u00f6\u00dfe<\/li>\n<li>4 naturgetreue Posituren:\n<ul>\n<li>Niedrigk\u00f6pfige Erpel (2)<\/li>\n<li>Hochk\u00f6pfige Erpel (2)<\/li>\n<li>Schwimmende Henne<\/li>\n<li>Hochk\u00f6pfige Ente<\/li>\n<\/ul>\n<\/li>\n<\/ul>\n<\/div>\n<div class=\"title-hr-dark\"><span class=\"font-bold\">Spezies:<\/span> Stockente<\/div>\n<div class=\"custom-fields-wrap\">\n<div class=\"productView-info-name\"><span class=\"font-bold\">Oberfl\u00e4che:<\/span> bemalt<\/div>\n<div class=\"productView-info-name\"><span class=\"font-bold\">K\u00f6rper:<\/span> schwimmf\u00e4hig<\/p>\n<\/div>\n<\/div>\n<div><strong>Bestellungen sind aufgrund der Gr\u00f6\u00dfe auf einen Karton begrenzt. Wenn Sie an einer gr\u00f6\u00dferen Menge interessiert sind, kontaktieren Sie uns bitte direkt, um die Versandkosten zu besprechen. <\/strong><\/div>\n","protected":false},"excerpt":{"rendered":"<p>6er-Set<\/p>\n","protected":false},"featured_media":270070,"comment_status":"open","ping_status":"closed","template":"","meta":[],"product_brand":[],"product_cat":[1368],"product_tag":[],"class_list":{"0":"post-280293","1":"product","2":"type-product","3":"status-publish","4":"has-post-thumbnail","6":"product_cat-enten-lockvogel","7":"product_shipping_class-big-de","9":"first","10":"outofstock","11":"taxable","12":"shipping-taxable","13":"purchasable","14":"product-type-simple"},"composite_virtual":false,"composite_layout":"","composite_add_to_cart_form_location":"","composite_editable_in_cart":false,"composite_sold_individually_context":"","composite_shop_price_calc":"","composite_components":[],"composite_scenarios":[],"group_of_quantity":0,"min_quantity":0,"max_quantity":"","exclude_order_quantity_value_rules":"no","exclude_category_quantity_rules":"no","combine_variations":"no","exclude_global_add_ons":[],"addons":[],"_links":{"self":[{"href":"https:\/\/www.huntersfriend.eu\/de\/wp-json\/wp\/v2\/product\/280293","targetHints":{"allow":["GET"]}}],"collection":[{"href":"https:\/\/www.huntersfriend.eu\/de\/wp-json\/wp\/v2\/product"}],"about":[{"href":"https:\/\/www.huntersfriend.eu\/de\/wp-json\/wp\/v2\/types\/product"}],"replies":[{"embeddable":true,"href":"https:\/\/www.huntersfriend.eu\/de\/wp-json\/wp\/v2\/comments?post=280293"}],"wp:featuredmedia":[{"embeddable":true,"href":"https:\/\/www.huntersfriend.eu\/de\/wp-json\/wp\/v2\/media\/270070"}],"wp:attachment":[{"href":"https:\/\/www.huntersfriend.eu\/de\/wp-json\/wp\/v2\/media?parent=280293"}],"wp:term":[{"taxonomy":"product_brand","embeddable":true,"href":"https:\/\/www.huntersfriend.eu\/de\/wp-json\/wp\/v2\/product_brand?post=280293"},{"taxonomy":"product_cat","embeddable":true,"href":"https:\/\/www.huntersfriend.eu\/de\/wp-json\/wp\/v2\/product_cat?post=280293"},{"taxonomy":"product_tag","embeddable":true,"href":"https:\/\/www.huntersfriend.eu\/de\/wp-json\/wp\/v2\/product_tag?post=280293"}],"curies":[{"name":"wp","href":"https:\/\/api.w.org\/{rel}","templated":true}]}}