{"id":280291,"date":"2024-06-06T00:18:13","date_gmt":"2024-06-05T22:18:13","guid":{"rendered":"https:\/\/www.huntersfriend.eu\/product\/zubehoerstaender-fuer-lucky-duck-robo-ente\/"},"modified":"2025-06-23T09:45:21","modified_gmt":"2025-06-23T07:45:21","slug":"zubehoerstaender-fuer-lucky-duck-robo-ente","status":"publish","type":"product","link":"https:\/\/www.huntersfriend.eu\/de\/produkt\/zubehoerstaender-fuer-lucky-duck-robo-ente\/","title":{"rendered":"Zubeh\u00f6rst\u00e4nder f\u00fcr Lucky Duck Robo-Ente"},"content":{"rendered":"<p><span class=\"jCAhz ChMk0b\"><span class=\"ryNqvb\">Der Lucky Duck Zubeh\u00f6rst\u00e4nder ist in etwa so lang wie der St\u00e4nder, der mit der Robo-Ente mitgeliefert wird.<\/span><\/span> <span class=\"jCAhz ChMk0b\"><span class=\"ryNqvb\">Wenn Sie einen l\u00e4ngeren, stabileren St\u00e4nder f\u00fcr Ihre Lucky Duck Robo-Ente ben\u00f6tigen, ist dies Ihre Wahl. <\/span><\/span><\/p>\n<p><span class=\"jCAhz ChMk0b\"><span class=\"ryNqvb\">L\u00e4nge circa 1,5 Meter.<\/span><\/span><\/p>\n","protected":false},"excerpt":{"rendered":"<p>Der Lucky Duck Zubeh\u00f6rst\u00e4nder ist in etwa so lang wie der St\u00e4nder, der mit der Robo-Ente mitgeliefert wird. Wenn Sie einen l\u00e4ngeren, stabileren St\u00e4nder f\u00fcr Ihre Lucky Duck Robo-Ente ben\u00f6tigen, ist dies Ihre Wahl. L\u00e4nge circa 1,5 Meter.<\/p>\n","protected":false},"featured_media":272774,"comment_status":"open","ping_status":"closed","template":"","meta":[],"product_brand":[],"product_cat":[1213],"product_tag":[],"class_list":{"0":"post-280291","1":"product","2":"type-product","3":"status-publish","4":"has-post-thumbnail","6":"product_cat-locktier-zubehoer","8":"first","9":"instock","10":"taxable","11":"shipping-taxable","12":"purchasable","13":"product-type-simple"},"composite_virtual":false,"composite_layout":"","composite_add_to_cart_form_location":"","composite_editable_in_cart":false,"composite_sold_individually_context":"","composite_shop_price_calc":"","composite_components":[],"composite_scenarios":[],"group_of_quantity":0,"min_quantity":0,"max_quantity":"","exclude_order_quantity_value_rules":"no","exclude_category_quantity_rules":"no","combine_variations":"no","exclude_global_add_ons":[],"addons":[],"_links":{"self":[{"href":"https:\/\/www.huntersfriend.eu\/de\/wp-json\/wp\/v2\/product\/280291","targetHints":{"allow":["GET"]}}],"collection":[{"href":"https:\/\/www.huntersfriend.eu\/de\/wp-json\/wp\/v2\/product"}],"about":[{"href":"https:\/\/www.huntersfriend.eu\/de\/wp-json\/wp\/v2\/types\/product"}],"replies":[{"embeddable":true,"href":"https:\/\/www.huntersfriend.eu\/de\/wp-json\/wp\/v2\/comments?post=280291"}],"wp:featuredmedia":[{"embeddable":true,"href":"https:\/\/www.huntersfriend.eu\/de\/wp-json\/wp\/v2\/media\/272774"}],"wp:attachment":[{"href":"https:\/\/www.huntersfriend.eu\/de\/wp-json\/wp\/v2\/media?parent=280291"}],"wp:term":[{"taxonomy":"product_brand","embeddable":true,"href":"https:\/\/www.huntersfriend.eu\/de\/wp-json\/wp\/v2\/product_brand?post=280291"},{"taxonomy":"product_cat","embeddable":true,"href":"https:\/\/www.huntersfriend.eu\/de\/wp-json\/wp\/v2\/product_cat?post=280291"},{"taxonomy":"product_tag","embeddable":true,"href":"https:\/\/www.huntersfriend.eu\/de\/wp-json\/wp\/v2\/product_tag?post=280291"}],"curies":[{"name":"wp","href":"https:\/\/api.w.org\/{rel}","templated":true}]}}