{"id":280290,"date":"2024-06-17T12:42:09","date_gmt":"2025-06-23T07:45:21","guid":{"rendered":"https:\/\/www.huntersfriend.eu\/product\/stan-onnex-hinge-echo-grau-medium\/"},"modified":"2025-06-23T09:45:21","modified_gmt":"2025-06-23T07:45:21","slug":"stan-onnex-hinge-echo-grau-medium","status":"publish","type":"product","link":"https:\/\/www.huntersfriend.eu\/de\/produkt\/stan-onnex-hinge-echo-grau-medium\/","title":{"rendered":"Stan OnneX Hinge Echo Grau Medium"},"content":{"rendered":"<p>Die OnneX Hinge war mit gro\u00dfer Spannung erwartet worden, was bedeutet, dass unsere Ingenieure sie der Wartezeit w\u00fcrdig gemacht haben.<\/p>\n<p>Mit neuen und fortschrittlichen Ausl\u00f6semechanismen, die dennoch Mikro-Einstellungen erm\u00f6glichen, unserem Zugkontrollsystem, das durch den Daumenknopf aktiviert wird und bei der Erzielung eines fl\u00fcssigen und konsistenten Schusses unterst\u00fctzt, einem selbstr\u00fcckstellenden Haken, der ein schnelles Zur\u00fccksetzen erm\u00f6glicht, sowie verstellbarem Fingerb\u00fcgel und Daumenknopf, die Markenzeichen der OnneX-Reihe sind.<\/p>\n<p>Ihre Hinge wird mit einer ger\u00e4uschlosen Klinke ausgeliefert, w\u00e4hrend eine Klinke mit mittlerem Klick der Verpackung beiliegt.<\/p>\n<p>Unsere neue OnneX-Plattform ist das Ergebnis von \u00fcber 50 Jahren Wachstum und Erfahrung. Die Plattform besteht aus Daumen-, Scharnier- und Widerstandsausl\u00f6sern. Jeder Ausl\u00f6ser teilt denselben Griff, die gleiche Hakenposition und den gleichen Auftreffpunkt. Diese Plattform erm\u00f6glicht Ihnen das gleiche konsistente, komfortable Gef\u00fchl bei jedem Ausl\u00f6sertyp.   <\/p>\n<p>Technischer Leitfaden:<\/p>\n<p><a href=\"https:\/\/stanoutdoors.com\/wp-content\/uploads\/OnneX-Hinge.pdf\">https:\/\/stanoutdoors.com\/wp-content\/uploads\/OnneX-Hinge.pdf<\/a><\/p>\n<p><strong>Bitte kontaktieren Sie uns direkt bez\u00fcglich anderer Stan-Produkte<\/strong><\/p>\n","protected":false},"excerpt":{"rendered":"<p>Echo Grau &#8211; Medium<\/p>\n","protected":false},"featured_media":269791,"comment_status":"open","ping_status":"closed","template":"","meta":[],"product_brand":[],"product_cat":[1094],"product_tag":[],"class_list":{"0":"post-280290","1":"product","2":"type-product","3":"status-publish","4":"has-post-thumbnail","6":"product_cat-hand-release","8":"first","9":"instock","10":"taxable","11":"shipping-taxable","12":"purchasable","13":"product-type-simple"},"composite_virtual":false,"composite_layout":"","composite_add_to_cart_form_location":"","composite_editable_in_cart":false,"composite_sold_individually_context":"","composite_shop_price_calc":"","composite_components":[],"composite_scenarios":[],"group_of_quantity":0,"min_quantity":0,"max_quantity":"","exclude_order_quantity_value_rules":"no","exclude_category_quantity_rules":"no","combine_variations":"no","exclude_global_add_ons":[],"addons":[],"_links":{"self":[{"href":"https:\/\/www.huntersfriend.eu\/de\/wp-json\/wp\/v2\/product\/280290","targetHints":{"allow":["GET"]}}],"collection":[{"href":"https:\/\/www.huntersfriend.eu\/de\/wp-json\/wp\/v2\/product"}],"about":[{"href":"https:\/\/www.huntersfriend.eu\/de\/wp-json\/wp\/v2\/types\/product"}],"replies":[{"embeddable":true,"href":"https:\/\/www.huntersfriend.eu\/de\/wp-json\/wp\/v2\/comments?post=280290"}],"wp:featuredmedia":[{"embeddable":true,"href":"https:\/\/www.huntersfriend.eu\/de\/wp-json\/wp\/v2\/media\/269791"}],"wp:attachment":[{"href":"https:\/\/www.huntersfriend.eu\/de\/wp-json\/wp\/v2\/media?parent=280290"}],"wp:term":[{"taxonomy":"product_brand","embeddable":true,"href":"https:\/\/www.huntersfriend.eu\/de\/wp-json\/wp\/v2\/product_brand?post=280290"},{"taxonomy":"product_cat","embeddable":true,"href":"https:\/\/www.huntersfriend.eu\/de\/wp-json\/wp\/v2\/product_cat?post=280290"},{"taxonomy":"product_tag","embeddable":true,"href":"https:\/\/www.huntersfriend.eu\/de\/wp-json\/wp\/v2\/product_tag?post=280290"}],"curies":[{"name":"wp","href":"https:\/\/api.w.org\/{rel}","templated":true}]}}