{"id":280289,"date":"2024-06-06T00:18:13","date_gmt":"2025-06-23T07:45:20","guid":{"rendered":"https:\/\/www.huntersfriend.eu\/product\/lil-critter-beutetier-attrappe\/"},"modified":"2025-06-23T09:45:20","modified_gmt":"2025-06-23T07:45:20","slug":"lil-critter-beutetier-attrappe","status":"publish","type":"product","link":"https:\/\/www.huntersfriend.eu\/de\/produkt\/lil-critter-beutetier-attrappe\/","title":{"rendered":"Lil&#8216; Critter Beutetier-Attrappe"},"content":{"rendered":"<p><span class=\"jCAhz JxVs2d ChMk0b\"><span class=\"ryNqvb\">Lil&#8216; Critter leichte und schnell einsetzbare Beutetier-Attrappe.<\/span><\/span> Sie<span class=\"jCAhz JxVs2d\"><span class=\"ryNqvb\"> imitiert ein verletztes Kleintier.<\/span><\/span> <span class=\"jCAhz JxVs2d ChMk0b\"><span class=\"ryNqvb\">Die H\u00f6he der Attrappe l\u00e4sst sich zwischen 25-45 cm einstellen, sodass die Bewegung auch in h\u00f6herer Vegetation leicht zu erkennen ist.<\/span><\/span><\/p>\n<p><span class=\"jCAhz JxVs2d ChMk0b\"><span class=\"ryNqvb\">Funktioniert mit AA-Batterien (4 St\u00fcck).<\/span><\/span><\/p>\n","protected":false},"excerpt":{"rendered":"<p>Lil&#8216; Critter leichte und schnell einsetzbare Beutetier-Attrappe. Sie imitiert ein verletztes Kleintier. Die H\u00f6he der Attrappe l\u00e4sst sich zwischen 25-45 cm einstellen, sodass die Bewegung auch in h\u00f6herer Vegetation leicht zu erkennen ist. Funktioniert mit AA-Batterien (4 St\u00fcck).<\/p>\n","protected":false},"featured_media":269749,"comment_status":"open","ping_status":"closed","template":"","meta":[],"product_brand":[],"product_cat":[1181],"product_tag":[],"class_list":{"0":"post-280289","1":"product","2":"type-product","3":"status-publish","4":"has-post-thumbnail","6":"product_cat-raubwild-locker","8":"first","9":"outofstock","10":"taxable","11":"shipping-taxable","12":"purchasable","13":"product-type-simple"},"composite_virtual":false,"composite_layout":"","composite_add_to_cart_form_location":"","composite_editable_in_cart":false,"composite_sold_individually_context":"","composite_shop_price_calc":"","composite_components":[],"composite_scenarios":[],"group_of_quantity":0,"min_quantity":0,"max_quantity":"","exclude_order_quantity_value_rules":"no","exclude_category_quantity_rules":"no","combine_variations":"no","exclude_global_add_ons":[],"addons":[],"_links":{"self":[{"href":"https:\/\/www.huntersfriend.eu\/de\/wp-json\/wp\/v2\/product\/280289","targetHints":{"allow":["GET"]}}],"collection":[{"href":"https:\/\/www.huntersfriend.eu\/de\/wp-json\/wp\/v2\/product"}],"about":[{"href":"https:\/\/www.huntersfriend.eu\/de\/wp-json\/wp\/v2\/types\/product"}],"replies":[{"embeddable":true,"href":"https:\/\/www.huntersfriend.eu\/de\/wp-json\/wp\/v2\/comments?post=280289"}],"wp:featuredmedia":[{"embeddable":true,"href":"https:\/\/www.huntersfriend.eu\/de\/wp-json\/wp\/v2\/media\/269749"}],"wp:attachment":[{"href":"https:\/\/www.huntersfriend.eu\/de\/wp-json\/wp\/v2\/media?parent=280289"}],"wp:term":[{"taxonomy":"product_brand","embeddable":true,"href":"https:\/\/www.huntersfriend.eu\/de\/wp-json\/wp\/v2\/product_brand?post=280289"},{"taxonomy":"product_cat","embeddable":true,"href":"https:\/\/www.huntersfriend.eu\/de\/wp-json\/wp\/v2\/product_cat?post=280289"},{"taxonomy":"product_tag","embeddable":true,"href":"https:\/\/www.huntersfriend.eu\/de\/wp-json\/wp\/v2\/product_tag?post=280289"}],"curies":[{"name":"wp","href":"https:\/\/api.w.org\/{rel}","templated":true}]}}