{"id":280285,"date":"2024-06-17T12:41:48","date_gmt":"2025-06-23T07:45:20","guid":{"rendered":"https:\/\/www.huntersfriend.eu\/product\/nordforest-jagd-merinosocken-fuer-den-taeglichen-gebrauch-2-paar\/"},"modified":"2025-08-06T05:38:53","modified_gmt":"2025-08-06T03:38:53","slug":"nordforest-jagd-merinosocken-fuer-den-taeglichen-gebrauch-2-paar","status":"publish","type":"product","link":"https:\/\/www.huntersfriend.eu\/de\/produkt\/nordforest-jagd-merinosocken-fuer-den-taeglichen-gebrauch-2-paar\/","title":{"rendered":"Nordforest Jagd-Merinosocken f\u00fcr den t\u00e4glichen Gebrauch &#8211; 2 Paar"},"content":{"rendered":"<p><span class=\"jCAhz JxVs2d ChMk0b\"><span class=\"ryNqvb\">Die Nordforest Jagd-Merinosocken f\u00fcr den t\u00e4glichen Gebrauch sorgen f\u00fcr anhaltenden Fu\u00dfkomfort, sowohl im Alltag als auch bei Naturausfl\u00fcgen und Wanderungen.<\/span><\/span> <span class=\"jCAhz JxVs2d ChMk0b\"><span class=\"ryNqvb\">Gefertigt aus hochwertiger Merinowolle garantieren diese Socken ein optimales Wohlbefinden f\u00fcr die F\u00fc\u00dfe.<\/span><\/span> <span class=\"jCAhz JxVs2d ChMk0b\"><span class=\"ryNqvb\">Flache N\u00e4hte gew\u00e4hrleisten zus\u00e4tzlichen Tragekomfort.<\/span><\/span> <span class=\"jCAhz JxVs2d ChMk0b\"><span class=\"ryNqvb\">Ein doppeltes Elastikband h\u00e4lt die Merino-Alltagssocken angenehm an Ort und Stelle, w\u00e4hrend Verst\u00e4rkungen an Zehen und Ferse f\u00fcr Haltbarkeit und Schutz sorgen. <\/span><\/span><\/p>\n<p><span class=\"jCAhz JxVs2d ChMk0b\"><span class=\"ryNqvb\">Die Nordforest Jagd-Merinosocken f\u00fcr den t\u00e4glichen Gebrauch eignen sich ideal f\u00fcr den Alltag und f\u00fcr Ausfl\u00fcge in die Natur. Die Packung enth\u00e4lt zwei Paar Socken.  <\/span><\/span><\/p>\n<p><span class=\"jCAhz JxVs2d\"><span class=\"ryNqvb\">Alltags- und Wandersocken <\/span><\/span><\/p>\n<p><span class=\"jCAhz JxVs2d ChMk0b\"><span class=\"ryNqvb\">Hochwertig und funktional dank der hochwertigen Merinowolle. <\/span><\/span><\/p>\n<p><span class=\"jCAhz JxVs2d ChMk0b\"><span class=\"ryNqvb\">Atmungsaktiv und mit guter Feuchtigkeitsableitung. <\/span><\/span><\/p>\n<p><span class=\"jCAhz JxVs2d\"><span class=\"ryNqvb\">Glatte N\u00e4hte <\/span><\/span><span class=\"jCAhz JxVs2d\"><span class=\"ryNqvb\">Doppeltes Elastikband am oberen Rand. <\/span><\/span> <\/p>\n<p><span class=\"jCAhz JxVs2d ChMk0b\"><span class=\"ryNqvb\">Verst\u00e4rkungen im Bereich der Zehen und der Ferse. <\/span><\/span><\/p>\n<p><span class=\"jCAhz JxVs2d ChMk0b\"><span class=\"ryNqvb\">Gepolsterte, anatomisch geformte L\/R-Einlegesohle, hergestellt in Italien. <\/span><\/span><\/p>\n<p><span class=\"jCAhz JxVs2d ChMk0b\"><span class=\"ryNqvb\">Zwei Paar pro Packung. <\/span><\/span><\/p>\n<p><span class=\"jCAhz JxVs2d\"><span class=\"ryNqvb\">Unisex-Modell. <\/span><\/span><\/p>\n<p><span class=\"jCAhz JxVs2d ChMk0b\"><span class=\"ryNqvb\">Gr\u00f6\u00dfen: 39-41, 42-44 &amp; 45-47.<\/span><\/span><\/p>\n","protected":false},"excerpt":{"rendered":"<p>Die Nordforest Jagd-Merinosocken f\u00fcr den t\u00e4glichen Gebrauch sorgen f\u00fcr anhaltenden Fu\u00dfkomfort, sowohl im Alltag als auch bei Naturausfl\u00fcgen und Wanderungen. Gefertigt aus hochwertiger Merinowolle garantieren diese Socken ein optimales Wohlbefinden f\u00fcr die F\u00fc\u00dfe. Flache N\u00e4hte gew\u00e4hrleisten zus\u00e4tzlichen Tragekomfort. Ein doppeltes Elastikband h\u00e4lt die Merino-Alltagssocken angenehm an Ort und Stelle, w\u00e4hrend Verst\u00e4rkungen an Zehen und Ferse [&#8230;]\n","protected":false},"featured_media":270013,"comment_status":"open","ping_status":"closed","template":"","meta":[],"product_brand":[],"product_cat":[1380],"product_tag":[],"class_list":{"0":"post-280285","1":"product","2":"type-product","3":"status-publish","4":"has-post-thumbnail","6":"product_cat-zubehor","8":"first","9":"instock","10":"taxable","11":"shipping-taxable","12":"purchasable","13":"product-type-variable"},"composite_virtual":false,"composite_layout":"","composite_add_to_cart_form_location":"","composite_editable_in_cart":false,"composite_sold_individually_context":"","composite_shop_price_calc":"","composite_components":[],"composite_scenarios":[],"group_of_quantity":0,"min_quantity":0,"max_quantity":"","exclude_order_quantity_value_rules":"no","exclude_category_quantity_rules":"no","combine_variations":"no","exclude_global_add_ons":[],"addons":[],"_links":{"self":[{"href":"https:\/\/www.huntersfriend.eu\/de\/wp-json\/wp\/v2\/product\/280285","targetHints":{"allow":["GET"]}}],"collection":[{"href":"https:\/\/www.huntersfriend.eu\/de\/wp-json\/wp\/v2\/product"}],"about":[{"href":"https:\/\/www.huntersfriend.eu\/de\/wp-json\/wp\/v2\/types\/product"}],"replies":[{"embeddable":true,"href":"https:\/\/www.huntersfriend.eu\/de\/wp-json\/wp\/v2\/comments?post=280285"}],"wp:featuredmedia":[{"embeddable":true,"href":"https:\/\/www.huntersfriend.eu\/de\/wp-json\/wp\/v2\/media\/270013"}],"wp:attachment":[{"href":"https:\/\/www.huntersfriend.eu\/de\/wp-json\/wp\/v2\/media?parent=280285"}],"wp:term":[{"taxonomy":"product_brand","embeddable":true,"href":"https:\/\/www.huntersfriend.eu\/de\/wp-json\/wp\/v2\/product_brand?post=280285"},{"taxonomy":"product_cat","embeddable":true,"href":"https:\/\/www.huntersfriend.eu\/de\/wp-json\/wp\/v2\/product_cat?post=280285"},{"taxonomy":"product_tag","embeddable":true,"href":"https:\/\/www.huntersfriend.eu\/de\/wp-json\/wp\/v2\/product_tag?post=280285"}],"curies":[{"name":"wp","href":"https:\/\/api.w.org\/{rel}","templated":true}]}}