{"id":280284,"date":"2024-06-06T00:18:11","date_gmt":"2025-06-23T07:45:20","guid":{"rendered":"https:\/\/www.huntersfriend.eu\/product\/sitka-jetstream-isolierte-ws-muetze\/"},"modified":"2026-02-25T10:37:01","modified_gmt":"2026-02-25T08:37:01","slug":"sitka-jetstream-isolierte-ws-muetze","status":"publish","type":"product","link":"https:\/\/www.huntersfriend.eu\/de\/produkt\/sitka-jetstream-isolierte-ws-muetze\/","title":{"rendered":"SITKA Jetstream isolierte WS M\u00fctze"},"content":{"rendered":"<p>Die Jetstream WINDSTOPPER\u00ae M\u00fctze, gefertigt aus demselben Material wie die Jetstream Jacke, ist ideal f\u00fcr den Aufstieg steiler H\u00e4nge bei bitterer K\u00e4lte oder das bewegungslose Sitzen auf einem windigen Grat. Ein aufgerautes Mikrogitter-Fleece-Futter spendet W\u00e4rme, w\u00e4hrend die GORE-TEX INFINIUM mit WINDSTOPPER\u00ae Membran frostige Windb\u00f6en abh\u00e4lt. Eine \u00d6ffnung f\u00fcr einen Pferdeschwanz sorgt f\u00fcr Stromlinienf\u00f6rmigkeit, und ein vierfach dehnbares, luftdurchl\u00e4ssiges Band w\u00e4rmt den Nacken und die Ohren, ohne das H\u00f6rverm\u00f6gen zu beeintr\u00e4chtigen.  <\/p>\n<p>GORE\u2122 OPTIFADE\u2122 Concealment Subalpine wurde f\u00fcr das Anpirschen und Auflauern von Huftieren auf Bodenh\u00f6he in baumbewachsenem und bewachsenem Gel\u00e4nde konzipiert.<\/p>\n<p>Gewicht: 17 g<\/p>\n<p>Material: GORE-TEX INFINIUM\u2122 mit WINDSTOPPER\u2122 Technologie, Polyester-Strick-Softshell-Au\u00dfenseite, Mikrogitter-Polyester-Fleece-Strick-Innenseite.<\/p>\n<p>Die wasserabweisende Ausr\u00fcstung widersteht leichtem Niederschlag und verhindert das Durchn\u00e4ssen des Oberfl\u00e4chenmaterials.<\/p>\n","protected":false},"excerpt":{"rendered":"<p>Die Jetstream WINDSTOPPER\u00ae M\u00fctze, gefertigt aus demselben Material wie die Jetstream Jacke, ist ideal f\u00fcr den Aufstieg steiler H\u00e4nge bei bitterer K\u00e4lte oder das bewegungslose Sitzen auf einem windigen Grat. Ein aufgerautes Mikrogitter-Fleece-Futter spendet W\u00e4rme, w\u00e4hrend die GORE-TEX INFINIUM mit WINDSTOPPER\u00ae Membran frostige Windb\u00f6en abh\u00e4lt. Eine \u00d6ffnung f\u00fcr einen Pferdeschwanz sorgt f\u00fcr Stromlinienf\u00f6rmigkeit, und ein [&#8230;]\n","protected":false},"featured_media":275349,"comment_status":"open","ping_status":"closed","template":"","meta":[],"product_brand":[],"product_cat":[2716],"product_tag":[],"class_list":{"0":"post-280284","1":"product","2":"type-product","3":"status-publish","4":"has-post-thumbnail","6":"product_cat-hattar-och-huvudbonader","8":"first","9":"instock","10":"taxable","11":"shipping-taxable","12":"purchasable","13":"product-type-simple"},"composite_virtual":false,"composite_layout":"","composite_add_to_cart_form_location":"","composite_editable_in_cart":false,"composite_sold_individually_context":"","composite_shop_price_calc":"","composite_components":[],"composite_scenarios":[],"group_of_quantity":0,"min_quantity":0,"max_quantity":"","exclude_order_quantity_value_rules":"no","exclude_category_quantity_rules":"no","combine_variations":"no","exclude_global_add_ons":[],"addons":[],"_links":{"self":[{"href":"https:\/\/www.huntersfriend.eu\/de\/wp-json\/wp\/v2\/product\/280284","targetHints":{"allow":["GET"]}}],"collection":[{"href":"https:\/\/www.huntersfriend.eu\/de\/wp-json\/wp\/v2\/product"}],"about":[{"href":"https:\/\/www.huntersfriend.eu\/de\/wp-json\/wp\/v2\/types\/product"}],"replies":[{"embeddable":true,"href":"https:\/\/www.huntersfriend.eu\/de\/wp-json\/wp\/v2\/comments?post=280284"}],"wp:featuredmedia":[{"embeddable":true,"href":"https:\/\/www.huntersfriend.eu\/de\/wp-json\/wp\/v2\/media\/275349"}],"wp:attachment":[{"href":"https:\/\/www.huntersfriend.eu\/de\/wp-json\/wp\/v2\/media?parent=280284"}],"wp:term":[{"taxonomy":"product_brand","embeddable":true,"href":"https:\/\/www.huntersfriend.eu\/de\/wp-json\/wp\/v2\/product_brand?post=280284"},{"taxonomy":"product_cat","embeddable":true,"href":"https:\/\/www.huntersfriend.eu\/de\/wp-json\/wp\/v2\/product_cat?post=280284"},{"taxonomy":"product_tag","embeddable":true,"href":"https:\/\/www.huntersfriend.eu\/de\/wp-json\/wp\/v2\/product_tag?post=280284"}],"curies":[{"name":"wp","href":"https:\/\/api.w.org\/{rel}","templated":true}]}}