{"id":280277,"date":"2024-06-06T00:18:10","date_gmt":"2025-06-23T07:45:19","guid":{"rendered":"https:\/\/www.huntersfriend.eu\/product\/lucky-duck-hd-holztaube\/"},"modified":"2025-08-09T05:42:16","modified_gmt":"2025-08-09T03:42:16","slug":"lucky-duck-hd-holztaube","status":"publish","type":"product","link":"https:\/\/www.huntersfriend.eu\/de\/produkt\/lucky-duck-hd-holztaube\/","title":{"rendered":"Lucky Duck HD Holztaube"},"content":{"rendered":"<p><span class=\"jCAhz ChMk0b\"><span class=\"ryNqvb\">Die Lucky Duck HD Taube ist eine motorisierte Lockattrappe, deren Fl\u00fcgel sich drehen, um den Eindruck einer flatternden Taube zu erzeugen.<\/span><\/span> <span class=\"jCAhz ChMk0b\"><span class=\"ryNqvb\">Tauben werden stark von der durch die Lockattrappe erzeugten Bewegung angezogen.<\/span><\/span> <span class=\"jCAhz ChMk0b\"><span class=\"ryNqvb\">Dieses Ger\u00e4t wird mit vier AA-Batterien betrieben, sodass keine Sorgen bez\u00fcglich des Aufladens des Akkus bestehen.<\/span><\/span><\/p>\n<p><span class=\"jCAhz\"><span class=\"ryNqvb\">Die Lockattrappe wird mit einem St\u00fctzfu\u00df geliefert. <\/span><\/span><\/p>\n<p><span class=\"jCAhz ChMk0b\"><span class=\"ryNqvb\">Zusammenfassung <\/span><\/span><span class=\"jCAhz ChMk0b\"><span class=\"ryNqvb\">Spezies: Taube. <\/span><\/span> <\/p>\n<p><span class=\"jCAhz ChMk0b\"><span class=\"ryNqvb\">Energiequelle: 4 St\u00fcck AA-Batterien. <\/span><\/span><\/p>\n<p><span class=\"jCAhz ChMk0b\"><span class=\"ryNqvb\">St\u00fctzfu\u00df: 106,68 cm, abnehmbar. <\/span><\/span><\/p>\n<p><span class=\"jCAhz ChMk0b\"><span class=\"ryNqvb\">Fernbedienung: Steuerbar mit dem Lucky Duck HD 2.0 Fernbedienungs-Kit (separat erh\u00e4ltlich).<\/span><\/span><\/p>\n","protected":false},"excerpt":{"rendered":"<p>Die Lucky Duck HD Taube ist eine motorisierte Lockattrappe, deren Fl\u00fcgel sich drehen, um den Eindruck einer flatternden Taube zu erzeugen. Tauben werden stark von der durch die Lockattrappe erzeugten Bewegung angezogen. Dieses Ger\u00e4t wird mit vier AA-Batterien betrieben, sodass keine Sorgen bez\u00fcglich des Aufladens des Akkus bestehen. Die Lockattrappe wird mit einem St\u00fctzfu\u00df geliefert. [&#8230;]\n","protected":false},"featured_media":272767,"comment_status":"open","ping_status":"closed","template":"","meta":[],"product_brand":[],"product_cat":[1395,1367],"product_tag":[],"class_list":{"0":"post-280277","1":"product","2":"type-product","3":"status-publish","4":"has-post-thumbnail","6":"product_cat-lockvogel-mit-bewegung","7":"product_cat-andere-lockvogel","8":"product_shipping_class-medium-de","10":"first","11":"instock","12":"taxable","13":"shipping-taxable","14":"purchasable","15":"product-type-simple"},"composite_virtual":false,"composite_layout":"","composite_add_to_cart_form_location":"","composite_editable_in_cart":false,"composite_sold_individually_context":"","composite_shop_price_calc":"","composite_components":[],"composite_scenarios":[],"group_of_quantity":0,"min_quantity":0,"max_quantity":"","exclude_order_quantity_value_rules":"no","exclude_category_quantity_rules":"no","combine_variations":"no","exclude_global_add_ons":[],"addons":[],"_links":{"self":[{"href":"https:\/\/www.huntersfriend.eu\/de\/wp-json\/wp\/v2\/product\/280277","targetHints":{"allow":["GET"]}}],"collection":[{"href":"https:\/\/www.huntersfriend.eu\/de\/wp-json\/wp\/v2\/product"}],"about":[{"href":"https:\/\/www.huntersfriend.eu\/de\/wp-json\/wp\/v2\/types\/product"}],"replies":[{"embeddable":true,"href":"https:\/\/www.huntersfriend.eu\/de\/wp-json\/wp\/v2\/comments?post=280277"}],"wp:featuredmedia":[{"embeddable":true,"href":"https:\/\/www.huntersfriend.eu\/de\/wp-json\/wp\/v2\/media\/272767"}],"wp:attachment":[{"href":"https:\/\/www.huntersfriend.eu\/de\/wp-json\/wp\/v2\/media?parent=280277"}],"wp:term":[{"taxonomy":"product_brand","embeddable":true,"href":"https:\/\/www.huntersfriend.eu\/de\/wp-json\/wp\/v2\/product_brand?post=280277"},{"taxonomy":"product_cat","embeddable":true,"href":"https:\/\/www.huntersfriend.eu\/de\/wp-json\/wp\/v2\/product_cat?post=280277"},{"taxonomy":"product_tag","embeddable":true,"href":"https:\/\/www.huntersfriend.eu\/de\/wp-json\/wp\/v2\/product_tag?post=280277"}],"curies":[{"name":"wp","href":"https:\/\/api.w.org\/{rel}","templated":true}]}}