{"id":280276,"date":"2024-06-17T10:17:27","date_gmt":"2025-06-23T07:45:19","guid":{"rendered":"https:\/\/www.huntersfriend.eu\/product\/eberlestock-bandit-pack\/"},"modified":"2025-06-23T09:45:19","modified_gmt":"2025-06-23T07:45:19","slug":"eberlestock-bandit-pack","status":"publish","type":"product","link":"https:\/\/www.huntersfriend.eu\/de\/produkt\/eberlestock-bandit-pack\/","title":{"rendered":"Eberlestock bandit pack"},"content":{"rendered":"<p>Als der leichteste Rucksack in unserer Produktlinie f\u00fcr den t\u00e4glichen Gebrauch ist der Bandit speziell f\u00fcr ganzt\u00e4gige Jagd- und Wanderausfl\u00fcge konzipiert. Das \u00e4u\u00dfere Nutzfl\u00e4chenpanel verf\u00fcgt \u00fcber lasergeschnittene MOLLE-Webschlaufen, die die Befestigung kompatibler Zubeh\u00f6rteile und Taschen erm\u00f6glichen und das schnelle Verstauen einer Jacke oder Ausr\u00fcstung erlauben. Die seitlichen Wasserflaschentaschen k\u00f6nnen ein Stativ oder ein Spektiv aufnehmen, wobei die Gurte des Nutzfl\u00e4chenpanels diese sicher fixieren. Im Inneren des oberen Deckels finden Sie Organizer f\u00fcr Kleinteile wie eine Rei\u00dfverschlussnetzstasche und eine Magazintasche.   <\/p>\n<div>\n<p>TECHNISCHE<strong> SPEZIFIKATIONEN<\/strong><\/p>\n<ul>\n<li>Volumen: 835 c.i. \/ 13,68 L<\/li>\n<li>Gewicht: 2,50 lbs<\/li>\n<li>Abmessungen: 18,25H x 7B x 6,5T<\/li>\n<\/ul>\n<\/div>\n<div>\n<p>RUCKSACK<strong> MERKMALE<\/strong><\/p>\n<ul>\n<li>Lasergeschnittenes MOLLE-Panel an der Vorderseite zur Befestigung externer Ausr\u00fcstung<\/li>\n<li>Organisationsdeckel mit Netztasche f\u00fcr Zubeh\u00f6r<\/li>\n<li>Verstellbare Schultergurte<\/li>\n<li>Schlitz f\u00fcr einen verstellbaren H\u00fcftgurt zur Aufnahme zus\u00e4tzlichen Gewichts<\/li>\n<li>Das Hauptfach l\u00e4sst sich von oben nach unten \u00f6ffnen, um vollen Zugang zu erm\u00f6glichen<\/li>\n<li>Interne Befestigungsm\u00f6glichkeit f\u00fcr 2L oder 3L Source\u00ae Hydrationssysteme<\/li>\n<li>Verwenden Sie unsere<a href=\"https:\/\/eberlestock.com\/products\/g2rc-small-reversible-rain-cover\"> <strong>Small Reversible Rain Cover<\/strong><\/a> f\u00fcr Wetterschutz<\/li>\n<\/ul>\n<\/div>\n","protected":false},"excerpt":{"rendered":"<p>Als der leichteste Rucksack in unserer Produktlinie f\u00fcr den t\u00e4glichen Gebrauch ist der Bandit speziell f\u00fcr ganzt\u00e4gige Jagd- und Wanderausfl\u00fcge konzipiert. Das \u00e4u\u00dfere Nutzfl\u00e4chenpanel verf\u00fcgt \u00fcber lasergeschnittene MOLLE-Webschlaufen, die die Befestigung kompatibler Zubeh\u00f6rteile und Taschen erm\u00f6glichen und das schnelle Verstauen einer Jacke oder Ausr\u00fcstung erlauben. Die seitlichen Wasserflaschentaschen k\u00f6nnen ein Stativ oder ein Spektiv aufnehmen, [&#8230;]\n","protected":false},"featured_media":269734,"comment_status":"open","ping_status":"closed","template":"","meta":[],"product_brand":[],"product_cat":[1407],"product_tag":[],"class_list":{"0":"post-280276","1":"product","2":"type-product","3":"status-publish","4":"has-post-thumbnail","6":"product_cat-jagdrucksacke","7":"product_shipping_class-medium-de","9":"first","10":"instock","11":"taxable","12":"shipping-taxable","13":"purchasable","14":"product-type-variable"},"composite_virtual":false,"composite_layout":"","composite_add_to_cart_form_location":"","composite_editable_in_cart":false,"composite_sold_individually_context":"","composite_shop_price_calc":"","composite_components":[],"composite_scenarios":[],"group_of_quantity":0,"min_quantity":0,"max_quantity":"","exclude_order_quantity_value_rules":"no","exclude_category_quantity_rules":"no","combine_variations":"no","exclude_global_add_ons":[],"addons":[],"_links":{"self":[{"href":"https:\/\/www.huntersfriend.eu\/de\/wp-json\/wp\/v2\/product\/280276","targetHints":{"allow":["GET"]}}],"collection":[{"href":"https:\/\/www.huntersfriend.eu\/de\/wp-json\/wp\/v2\/product"}],"about":[{"href":"https:\/\/www.huntersfriend.eu\/de\/wp-json\/wp\/v2\/types\/product"}],"replies":[{"embeddable":true,"href":"https:\/\/www.huntersfriend.eu\/de\/wp-json\/wp\/v2\/comments?post=280276"}],"wp:featuredmedia":[{"embeddable":true,"href":"https:\/\/www.huntersfriend.eu\/de\/wp-json\/wp\/v2\/media\/269734"}],"wp:attachment":[{"href":"https:\/\/www.huntersfriend.eu\/de\/wp-json\/wp\/v2\/media?parent=280276"}],"wp:term":[{"taxonomy":"product_brand","embeddable":true,"href":"https:\/\/www.huntersfriend.eu\/de\/wp-json\/wp\/v2\/product_brand?post=280276"},{"taxonomy":"product_cat","embeddable":true,"href":"https:\/\/www.huntersfriend.eu\/de\/wp-json\/wp\/v2\/product_cat?post=280276"},{"taxonomy":"product_tag","embeddable":true,"href":"https:\/\/www.huntersfriend.eu\/de\/wp-json\/wp\/v2\/product_tag?post=280276"}],"curies":[{"name":"wp","href":"https:\/\/api.w.org\/{rel}","templated":true}]}}