{"id":280273,"date":"2024-06-03T23:46:06","date_gmt":"2025-06-23T07:45:15","guid":{"rendered":"https:\/\/www.huntersfriend.eu\/product\/osuma-zielfernrohrhalterungen-niedrig-picatinny\/"},"modified":"2025-06-23T09:45:15","modified_gmt":"2025-06-23T07:45:15","slug":"osuma-zielfernrohrhalterungen-niedrig-picatinny","status":"publish","type":"product","link":"https:\/\/www.huntersfriend.eu\/de\/produkt\/osuma-zielfernrohrhalterungen-niedrig-picatinny\/","title":{"rendered":"Osuma Zielfernrohrhalterungen, niedrig, Picatinny"},"content":{"rendered":"<article class=\"w-full text-token-text-primary\" dir=\"auto\" data-testid=\"conversation-turn-44\" data-scroll-anchor=\"true\">\n<div class=\"text-base my-auto mx-auto py-5 px-6\">\n<div class=\"mx-auto flex flex-1 text-base gap-4 md:gap-5 lg:gap-6 md:max-w-3xl group\/turn-messages focus-visible:outline-none\" tabindex=\"-1\">\n<div class=\"group\/conversation-turn relative flex w-full min-w-0 flex-col agent-turn @xs\/thread:px-0 @sm\/thread:px-1.5 @md\/thread:px-4\">\n<div class=\"relative flex-col gap-1 md:gap-3\">\n<div class=\"flex max-w-full flex-col flex-grow\">\n<div class=\"min-h-8 text-message relative flex w-full flex-col items-end gap-2 whitespace-normal break-words text-start [.text-message+&amp;]:mt-5\" dir=\"auto\" data-message-author-role=\"assistant\" data-message-id=\"65832e69-3678-44be-8ebe-596e05d049b4\" data-message-model-slug=\"gpt-4o-mini\">\n<div class=\"flex w-full flex-col gap-1 empty:hidden first:pt-[3px]\">\n<div class=\"markdown prose w-full break-words dark:prose-invert light\">\n<p class=\"\" data-start=\"0\" data-end=\"64\"><strong data-start=\"0\" data-end=\"64\">Osuma Zweibein-Zielfernrohrmontage f\u00fcr Picatinny-Schiene \u2013 Hergestellt in Finnland<\/strong><\/p>\n<p class=\"\" data-start=\"66\" data-end=\"234\">Diese <strong data-start=\"71\" data-end=\"92\">Osuma Zweibein-Montage<\/strong> ist f\u00fcr <strong data-start=\"109\" data-end=\"128\">Picatinny-Schienen<\/strong> konzipiert und beinhaltet zwei Montagen und Ringe, die es Ihnen erm\u00f6glichen, ein Zielfernrohr mit einem 30-mm-Tubus problemlos an Ihrem Gewehr zu befestigen.<\/p>\n<p class=\"\" data-start=\"236\" data-end=\"354\">Die Installation ist unkompliziert und kann von Ihnen selbst vorgenommen werden. Das Paket enth\u00e4lt alle erforderlichen Schrauben f\u00fcr die Montage. <\/p>\n<p class=\"\" data-start=\"356\" data-end=\"369\"><strong data-start=\"356\" data-end=\"369\">Zusammengefasst:<\/strong><\/p>\n<ul data-start=\"370\" data-end=\"576\">\n<li class=\"\" data-start=\"370\" data-end=\"400\">\n<p class=\"\" data-start=\"372\" data-end=\"400\"><strong data-start=\"372\" data-end=\"385\">Befestigung:<\/strong> Picatinny-Schiene<\/p>\n<\/li>\n<li class=\"\" data-start=\"401\" data-end=\"432\">\n<p class=\"\" data-start=\"403\" data-end=\"432\"><strong data-start=\"403\" data-end=\"427\">Zielfernrohrtubus-Durchmesser:<\/strong> 30 mm<\/p>\n<\/li>\n<li class=\"\" data-start=\"433\" data-end=\"458\">\n<p class=\"\" data-start=\"435\" data-end=\"458\"><strong data-start=\"435\" data-end=\"446\">H\u00f6he:<\/strong> Niedriges Profil<\/p>\n<\/li>\n<li class=\"\" data-start=\"459\" data-end=\"489\">\n<p class=\"\" data-start=\"461\" data-end=\"489\"><strong data-start=\"461\" data-end=\"474\">Material:<\/strong> Aluminium\/Stahl<\/p>\n<\/li>\n<li class=\"\" data-start=\"490\" data-end=\"515\">\n<p class=\"\" data-start=\"492\" data-end=\"515\"><strong data-start=\"492\" data-end=\"505\">Garantie:<\/strong> 24 Monate<\/p>\n<\/li>\n<li class=\"\" data-start=\"516\" data-end=\"576\">\n<p class=\"\" data-start=\"518\" data-end=\"576\"><strong data-start=\"518\" data-end=\"539\">Lieferumfang:<\/strong> Zwei Montagen, Ringe &amp; Befestigungsschrauben<\/p>\n<\/li>\n<\/ul>\n<p class=\"\" data-start=\"578\" data-end=\"744\">Dieses Produkt bietet eine einfache und zuverl\u00e4ssige L\u00f6sung zur Befestigung Ihres Zielfernrohrs an einer Picatinny-Schiene, ideal f\u00fcr J\u00e4ger und Sch\u00fctzen, die ein sicheres Montagesystem suchen.<\/p>\n<\/div>\n<\/div>\n<\/div>\n<\/div>\n<\/div>\n<\/div>\n<\/div>\n<\/div>\n<\/article>\n","protected":false},"excerpt":{"rendered":"<p>Osuma Zweibein-Zielfernrohrmontage f\u00fcr Picatinny-Schiene \u2013 Hergestellt in Finnland Diese Osuma Zweibein-Montage ist f\u00fcr Picatinny-Schienen konzipiert und beinhaltet zwei Montagen und Ringe, die es Ihnen erm\u00f6glichen, ein Zielfernrohr mit einem 30-mm-Tubus problemlos an Ihrem Gewehr zu befestigen. Die Installation ist unkompliziert und kann von Ihnen selbst vorgenommen werden. Das Paket enth\u00e4lt alle erforderlichen Schrauben f\u00fcr die [&#8230;]\n","protected":false},"featured_media":277567,"comment_status":"open","ping_status":"closed","template":"","meta":[],"product_brand":[],"product_cat":[1413],"product_tag":[],"class_list":{"0":"post-280273","1":"product","2":"type-product","3":"status-publish","4":"has-post-thumbnail","6":"product_cat-zielfernrohrringe-montagen","8":"first","9":"outofstock","10":"taxable","11":"shipping-taxable","12":"purchasable","13":"product-type-simple"},"composite_virtual":false,"composite_layout":"","composite_add_to_cart_form_location":"","composite_editable_in_cart":false,"composite_sold_individually_context":"","composite_shop_price_calc":"","composite_components":[],"composite_scenarios":[],"group_of_quantity":0,"min_quantity":0,"max_quantity":"","exclude_order_quantity_value_rules":"no","exclude_category_quantity_rules":"no","combine_variations":"no","exclude_global_add_ons":[],"addons":[],"_links":{"self":[{"href":"https:\/\/www.huntersfriend.eu\/de\/wp-json\/wp\/v2\/product\/280273","targetHints":{"allow":["GET"]}}],"collection":[{"href":"https:\/\/www.huntersfriend.eu\/de\/wp-json\/wp\/v2\/product"}],"about":[{"href":"https:\/\/www.huntersfriend.eu\/de\/wp-json\/wp\/v2\/types\/product"}],"replies":[{"embeddable":true,"href":"https:\/\/www.huntersfriend.eu\/de\/wp-json\/wp\/v2\/comments?post=280273"}],"wp:featuredmedia":[{"embeddable":true,"href":"https:\/\/www.huntersfriend.eu\/de\/wp-json\/wp\/v2\/media\/277567"}],"wp:attachment":[{"href":"https:\/\/www.huntersfriend.eu\/de\/wp-json\/wp\/v2\/media?parent=280273"}],"wp:term":[{"taxonomy":"product_brand","embeddable":true,"href":"https:\/\/www.huntersfriend.eu\/de\/wp-json\/wp\/v2\/product_brand?post=280273"},{"taxonomy":"product_cat","embeddable":true,"href":"https:\/\/www.huntersfriend.eu\/de\/wp-json\/wp\/v2\/product_cat?post=280273"},{"taxonomy":"product_tag","embeddable":true,"href":"https:\/\/www.huntersfriend.eu\/de\/wp-json\/wp\/v2\/product_tag?post=280273"}],"curies":[{"name":"wp","href":"https:\/\/api.w.org\/{rel}","templated":true}]}}