{"id":280271,"date":"2024-06-03T23:46:10","date_gmt":"2025-06-23T07:45:13","guid":{"rendered":"https:\/\/www.huntersfriend.eu\/product\/osuma-picatinny-schiene-tikka-t1x\/"},"modified":"2025-12-17T12:31:32","modified_gmt":"2025-12-17T10:31:32","slug":"osuma-picatinny-schiene-tikka-t1x","status":"publish","type":"product","link":"https:\/\/www.huntersfriend.eu\/de\/produkt\/osuma-picatinny-schiene-tikka-t1x\/","title":{"rendered":"Osuma Picatinny-Schiene, Tikka T1x"},"content":{"rendered":"<p class=\"\" data-start=\"0\" data-end=\"79\"><strong data-start=\"0\" data-end=\"44\">Osuma Picatinny-Schiene f\u00fcr Tikka T1x Gewehr<\/strong> \u2013 Hergestellt in Finnland, einfach zu installieren<\/p>\n<p class=\"\" data-start=\"81\" data-end=\"317\">Die <strong data-start=\"85\" data-end=\"109\">Osuma Picatinny-Schiene<\/strong>, hergestellt in Finnland, ist speziell f\u00fcr das <strong data-start=\"148\" data-end=\"161\">Tikka T1x<\/strong> Gewehr konzipiert. Diese flache Schiene l\u00e4sst sich schnell und unkompliziert montieren. Reinigen Sie lediglich die Oberseite des Gewehrverschlusses, schieben Sie die Schiene in Position und ziehen Sie die Schrauben fest.  <\/p>\n<p class=\"\" data-start=\"319\" data-end=\"332\"><strong data-start=\"319\" data-end=\"332\">Zusammengefasst:<\/strong><\/p>\n<ul data-start=\"333\" data-end=\"499\">\n<li class=\"\" data-start=\"333\" data-end=\"369\">\n<p class=\"\" data-start=\"335\" data-end=\"369\"><strong data-start=\"335\" data-end=\"353\">Kompatibilit\u00e4t:<\/strong> Tikka T1x Gewehr<\/p>\n<\/li>\n<li class=\"\" data-start=\"370\" data-end=\"399\">\n<p class=\"\" data-start=\"372\" data-end=\"399\"><strong data-start=\"372\" data-end=\"384\">Merkmal:<\/strong> Picatinny-Schiene<\/p>\n<\/li>\n<li class=\"\" data-start=\"400\" data-end=\"433\">\n<p class=\"\" data-start=\"402\" data-end=\"433\"><strong data-start=\"402\" data-end=\"415\">Material:<\/strong> Eloxiertes Aluminium<\/p>\n<\/li>\n<li class=\"\" data-start=\"434\" data-end=\"452\">\n<p class=\"\" data-start=\"436\" data-end=\"452\"><strong data-start=\"436\" data-end=\"446\">Farbe:<\/strong> schwarz<\/p>\n<\/li>\n<li class=\"\" data-start=\"453\" data-end=\"499\">\n<p class=\"\" data-start=\"455\" data-end=\"499\"><strong data-start=\"455\" data-end=\"476\">Lieferumfang:<\/strong> Schiene &amp; Befestigungsschrauben<\/p>\n<\/li>\n<\/ul>\n<p class=\"\" data-start=\"501\" data-end=\"606\">Diese Schiene bietet eine stabile und zuverl\u00e4ssige Plattform f\u00fcr die Montage von Optiken oder anderen Zubeh\u00f6rteilen auf Ihrem Gewehr.<\/p>\n","protected":false},"excerpt":{"rendered":"<p>Osuma Picatinny-Schiene f\u00fcr Tikka T1x Gewehr \u2013 Hergestellt in Finnland, einfach zu installieren Die Osuma Picatinny-Schiene, hergestellt in Finnland, ist speziell f\u00fcr das Tikka T1x Gewehr konzipiert. Diese flache Schiene l\u00e4sst sich schnell und unkompliziert montieren. Reinigen Sie lediglich die Oberseite des Gewehrverschlusses, schieben Sie die Schiene in Position und ziehen Sie die Schrauben fest. [&#8230;]\n","protected":false},"featured_media":277559,"comment_status":"open","ping_status":"closed","template":"","meta":[],"product_brand":[],"product_cat":[1413],"product_tag":[],"class_list":{"0":"post-280271","1":"product","2":"type-product","3":"status-publish","4":"has-post-thumbnail","6":"product_cat-zielfernrohrringe-montagen","8":"first","9":"instock","10":"taxable","11":"shipping-taxable","12":"purchasable","13":"product-type-simple"},"composite_virtual":false,"composite_layout":"","composite_add_to_cart_form_location":"","composite_editable_in_cart":false,"composite_sold_individually_context":"","composite_shop_price_calc":"","composite_components":[],"composite_scenarios":[],"group_of_quantity":0,"min_quantity":0,"max_quantity":"","exclude_order_quantity_value_rules":"no","exclude_category_quantity_rules":"no","combine_variations":"no","exclude_global_add_ons":[],"addons":[],"_links":{"self":[{"href":"https:\/\/www.huntersfriend.eu\/de\/wp-json\/wp\/v2\/product\/280271","targetHints":{"allow":["GET"]}}],"collection":[{"href":"https:\/\/www.huntersfriend.eu\/de\/wp-json\/wp\/v2\/product"}],"about":[{"href":"https:\/\/www.huntersfriend.eu\/de\/wp-json\/wp\/v2\/types\/product"}],"replies":[{"embeddable":true,"href":"https:\/\/www.huntersfriend.eu\/de\/wp-json\/wp\/v2\/comments?post=280271"}],"wp:featuredmedia":[{"embeddable":true,"href":"https:\/\/www.huntersfriend.eu\/de\/wp-json\/wp\/v2\/media\/277559"}],"wp:attachment":[{"href":"https:\/\/www.huntersfriend.eu\/de\/wp-json\/wp\/v2\/media?parent=280271"}],"wp:term":[{"taxonomy":"product_brand","embeddable":true,"href":"https:\/\/www.huntersfriend.eu\/de\/wp-json\/wp\/v2\/product_brand?post=280271"},{"taxonomy":"product_cat","embeddable":true,"href":"https:\/\/www.huntersfriend.eu\/de\/wp-json\/wp\/v2\/product_cat?post=280271"},{"taxonomy":"product_tag","embeddable":true,"href":"https:\/\/www.huntersfriend.eu\/de\/wp-json\/wp\/v2\/product_tag?post=280271"}],"curies":[{"name":"wp","href":"https:\/\/api.w.org\/{rel}","templated":true}]}}