{"id":280267,"date":"2024-05-31T07:53:13","date_gmt":"2024-05-31T05:53:13","guid":{"rendered":"https:\/\/www.huntersfriend.eu\/product\/feldlogik-hurricane-tasche-zielscheibe\/"},"modified":"2026-04-22T20:10:17","modified_gmt":"2026-04-22T18:10:17","slug":"feldlogik-hurricane-tasche-zielscheibe","status":"publish","type":"product","link":"https:\/\/www.huntersfriend.eu\/de\/produkt\/feldlogik-hurricane-tasche-zielscheibe\/","title":{"rendered":"Feldlogik Hurricane-Tasche Zielscheibe"},"content":{"rendered":"<p>Hurricane-Zielscheiben zeichnen sich durch hochgradig sichtbare Zielpunkte aus, die selbst auf gr\u00f6\u00dfere Entfernungen leicht gegen den kontrastierenden Hintergrund zu erkennen sind. \u00dcben Sie die Jagd mit den Vitalzonen des Wildes auf der R\u00fcckseite der Hurricane-Taschenzielscheiben. F\u00fcr eine l\u00e4ngere Lebensdauer der Zielscheibe sind die Vitalzonen au\u00dfermittig positioniert, sodass sie nicht mit den Zielpunkten auf der Vorderseite der Zielscheibe \u00fcbereinstimmen. Das propriet\u00e4re Design von Hurricane bietet Ihnen eine herausragende Zielscheibenleistung. Ein Tragegriff erleichtert den Transport der Hurricane-Zielscheibe.    <\/p>\n<ul>\n<li>Hochsichtbare Zielpunkte<\/li>\n<li>Au\u00dfermittig positionierte Wildvitalzonen<\/li>\n<li>Tri-Core-Technologie<\/li>\n<li>Robuster Tragegriff<\/li>\n<li>Stoppt Pfeile mit Standarddurchmesser bis zu 425 FPS<\/li>\n<\/ul>\n<p><strong>Hurricane H-20<\/strong><br \/>\nGr\u00f6\u00dfe: 50,8 cm B x 25,4 cm T x 50,8 cm H<\/p>\n<p><strong>Hurricane H-28<br \/>\n<\/strong>Gr\u00f6\u00dfe: 71,1 cm B x 30,5 cm T x 71,1 cm H<\/p>\n<p>Wir empfehlen, ausschlie\u00dflich \u00dcbungsspitzen zu verwenden, um einen vorzeitigen Verschlei\u00df der Tasche zu vermeiden. Diese Tasche sollte nicht mit Armbr\u00fcsten verwendet werden. <\/p>\n<p><strong>Achtung: Online-Bestellungen sind auf eine Packung pro Bestellung begrenzt. F\u00fcr gr\u00f6\u00dfere Mengen kontaktieren Sie bitte direkt den Kundenservice, um Informationen zu den Lieferkosten zu erhalten. <\/strong><\/p>\n","protected":false},"excerpt":{"rendered":"<p>Hurricane-Zielscheiben zeichnen sich durch hochgradig sichtbare Zielpunkte aus, die selbst auf gr\u00f6\u00dfere Entfernungen leicht gegen den kontrastierenden Hintergrund zu erkennen sind. \u00dcben Sie die Jagd mit den Vitalzonen des Wildes auf der R\u00fcckseite der Hurricane-Taschenzielscheiben. F\u00fcr eine l\u00e4ngere Lebensdauer der Zielscheibe sind die Vitalzonen au\u00dfermittig positioniert, sodass sie nicht mit den Zielpunkten auf der Vorderseite [&#8230;]\n","protected":false},"featured_media":221651,"comment_status":"open","ping_status":"closed","template":"","meta":[],"product_brand":[],"product_cat":[1164,1222],"product_tag":[],"class_list":{"0":"post-280267","1":"product","2":"type-product","3":"status-publish","4":"has-post-thumbnail","6":"product_cat-sack-ziel","7":"product_cat-sonderangebote","8":"product_shipping_class-big-de","10":"first","11":"instock","12":"sale","13":"taxable","14":"shipping-taxable","15":"purchasable","16":"product-type-variable"},"composite_virtual":false,"composite_layout":"","composite_add_to_cart_form_location":"","composite_editable_in_cart":false,"composite_sold_individually_context":"","composite_shop_price_calc":"","composite_components":[],"composite_scenarios":[],"group_of_quantity":0,"min_quantity":0,"max_quantity":"","exclude_order_quantity_value_rules":"no","exclude_category_quantity_rules":"no","combine_variations":"no","exclude_global_add_ons":[],"addons":[],"_links":{"self":[{"href":"https:\/\/www.huntersfriend.eu\/de\/wp-json\/wp\/v2\/product\/280267","targetHints":{"allow":["GET"]}}],"collection":[{"href":"https:\/\/www.huntersfriend.eu\/de\/wp-json\/wp\/v2\/product"}],"about":[{"href":"https:\/\/www.huntersfriend.eu\/de\/wp-json\/wp\/v2\/types\/product"}],"replies":[{"embeddable":true,"href":"https:\/\/www.huntersfriend.eu\/de\/wp-json\/wp\/v2\/comments?post=280267"}],"wp:featuredmedia":[{"embeddable":true,"href":"https:\/\/www.huntersfriend.eu\/de\/wp-json\/wp\/v2\/media\/221651"}],"wp:attachment":[{"href":"https:\/\/www.huntersfriend.eu\/de\/wp-json\/wp\/v2\/media?parent=280267"}],"wp:term":[{"taxonomy":"product_brand","embeddable":true,"href":"https:\/\/www.huntersfriend.eu\/de\/wp-json\/wp\/v2\/product_brand?post=280267"},{"taxonomy":"product_cat","embeddable":true,"href":"https:\/\/www.huntersfriend.eu\/de\/wp-json\/wp\/v2\/product_cat?post=280267"},{"taxonomy":"product_tag","embeddable":true,"href":"https:\/\/www.huntersfriend.eu\/de\/wp-json\/wp\/v2\/product_tag?post=280267"}],"curies":[{"name":"wp","href":"https:\/\/api.w.org\/{rel}","templated":true}]}}