{"id":280264,"date":"2024-05-30T12:25:25","date_gmt":"2025-06-23T07:45:10","guid":{"rendered":"https:\/\/www.huntersfriend.eu\/product\/alps-outdoorz-trail-blazer\/"},"modified":"2026-02-25T10:37:05","modified_gmt":"2026-02-25T08:37:05","slug":"alps-outdoorz-trail-blazer","status":"publish","type":"product","link":"https:\/\/www.huntersfriend.eu\/de\/produkt\/alps-outdoorz-trail-blazer\/","title":{"rendered":"Alps outdoorz Trail blazer"},"content":{"rendered":"<p>Wenn es an der Zeit ist, Ihren Rucksack zu packen und die freie Natur zu erkunden, stellen Sie sicher, dass Sie den Trail Blazer in Ihre Abenteuer einbeziehen. Er hat ein Volumen von 2500 Kubikzoll und ist vollgepackt mit Funktionen &#8211; einschlie\u00dflich einer erweiterbaren Tasche, die Ihren Compound-Bogen oder Ihre Waffe sicher aufnehmen kann, einer Hydrationstasche mit Anschluss und mehreren F\u00e4chern. Das gro\u00dfe Hauptfach eignet sich hervorragend f\u00fcr gr\u00f6\u00dfere Gegenst\u00e4nde, und die unteren seitlichen Netztaschen k\u00f6nnen Wasserflaschen oder Stativst\u00e4nder aufnehmen. Sollten Sie noch mehr Platz f\u00fcr Ihre Ausr\u00fcstung ben\u00f6tigen, verf\u00fcgt der Trail Blazer zus\u00e4tzlich \u00fcber ein frontales Befestigungssystem. Der Rucksack enth\u00e4lt auch eine signalfarbene Regenabdeckung im unteren Rei\u00dfverschlussfach. Das attraktive Realtree Edge-Gewebe sorgt daf\u00fcr, dass Sie unentdeckt bleiben, w\u00e4hrend Sie vom Feld zum Stand wandern oder beim Erkunden unterwegs sind.     <\/p>\n<p>\u2022 Erweiterbare Tasche zur sicheren Aufbewahrung Ihrer Waffe oder Ihres Bogens<\/p>\n<p>\u2022 PE-Rahmenplatte bietet zus\u00e4tzliche Unterst\u00fctzung<\/p>\n<p>\u2022 Gro\u00dfes Hauptfach<\/p>\n<p>\u2022 Rei\u00dfverschlusstasche vorne und untere seitliche Netztaschen<\/p>\n<p>\u2022 Die Regenabdeckung ist ordentlich in einer Rei\u00dfverschlusstasche am Boden des Rucksacks verstaut, bis sie ben\u00f6tigt wird<\/p>\n<p>\u2022 Hydrationssystem-kompatibel<\/p>\n<p>\u2022 Bartack-verst\u00e4rktes Gurtband bietet mehrere Befestigungspunkte<\/p>\n<p>\u2022 Frontales Befestigungssystem<\/p>\n<table border=\"3\">\n<tbody>\n<tr align=\"CENTER\">\n<td><b>Kapazit\u00e4t<\/b><\/td>\n<td>41L \/ 2500 in\u00b3<\/td>\n<\/tr>\n<tr align=\"CENTER\">\n<td><b>Hauptfach-Abmessungen<\/b><\/td>\n<td>19,5&#8243; H x 11,5&#8243; B x 6,25&#8243; T<\/td>\n<\/tr>\n<tr align=\"CENTER\">\n<td><b>Gewicht<\/b><\/td>\n<td>3 lbs.<\/td>\n<\/tr>\n<\/tbody>\n<\/table>\n","protected":false},"excerpt":{"rendered":"<p>Realtree edge oder Mossy Oak Country DNA<\/p>\n","protected":false},"featured_media":269108,"comment_status":"open","ping_status":"closed","template":"","meta":[],"product_brand":[],"product_cat":[1407],"product_tag":[],"class_list":{"0":"post-280264","1":"product","2":"type-product","3":"status-publish","4":"has-post-thumbnail","6":"product_cat-jagdrucksacke","8":"first","9":"instock","10":"taxable","11":"shipping-taxable","12":"purchasable","13":"product-type-variable"},"composite_virtual":false,"composite_layout":"","composite_add_to_cart_form_location":"","composite_editable_in_cart":false,"composite_sold_individually_context":"","composite_shop_price_calc":"","composite_components":[],"composite_scenarios":[],"group_of_quantity":0,"min_quantity":0,"max_quantity":"","exclude_order_quantity_value_rules":"no","exclude_category_quantity_rules":"no","combine_variations":"no","exclude_global_add_ons":[],"addons":[],"_links":{"self":[{"href":"https:\/\/www.huntersfriend.eu\/de\/wp-json\/wp\/v2\/product\/280264","targetHints":{"allow":["GET"]}}],"collection":[{"href":"https:\/\/www.huntersfriend.eu\/de\/wp-json\/wp\/v2\/product"}],"about":[{"href":"https:\/\/www.huntersfriend.eu\/de\/wp-json\/wp\/v2\/types\/product"}],"replies":[{"embeddable":true,"href":"https:\/\/www.huntersfriend.eu\/de\/wp-json\/wp\/v2\/comments?post=280264"}],"wp:featuredmedia":[{"embeddable":true,"href":"https:\/\/www.huntersfriend.eu\/de\/wp-json\/wp\/v2\/media\/269108"}],"wp:attachment":[{"href":"https:\/\/www.huntersfriend.eu\/de\/wp-json\/wp\/v2\/media?parent=280264"}],"wp:term":[{"taxonomy":"product_brand","embeddable":true,"href":"https:\/\/www.huntersfriend.eu\/de\/wp-json\/wp\/v2\/product_brand?post=280264"},{"taxonomy":"product_cat","embeddable":true,"href":"https:\/\/www.huntersfriend.eu\/de\/wp-json\/wp\/v2\/product_cat?post=280264"},{"taxonomy":"product_tag","embeddable":true,"href":"https:\/\/www.huntersfriend.eu\/de\/wp-json\/wp\/v2\/product_tag?post=280264"}],"curies":[{"name":"wp","href":"https:\/\/api.w.org\/{rel}","templated":true}]}}