{"id":280263,"date":"2024-06-03T23:46:09","date_gmt":"2025-06-23T07:45:10","guid":{"rendered":"https:\/\/www.huntersfriend.eu\/product\/osuma-picatinny-schiene-cz-457\/"},"modified":"2025-07-24T05:53:50","modified_gmt":"2025-07-24T03:53:50","slug":"osuma-picatinny-schiene-cz-457","status":"publish","type":"product","link":"https:\/\/www.huntersfriend.eu\/de\/produkt\/osuma-picatinny-schiene-cz-457\/","title":{"rendered":"Osuma Picatinny-Schiene, CZ 457"},"content":{"rendered":"<p class=\"\" data-start=\"0\" data-end=\"76\"><strong data-start=\"0\" data-end=\"41\">Osuma Picatinny-Schiene f\u00fcr CZ 457 Gewehr<\/strong> \u2013 hochwertig und einfach zu montieren<\/p>\n<p class=\"\" data-start=\"78\" data-end=\"391\">Die in Finnland hergestellte <strong data-start=\"82\" data-end=\"106\">Osuma Picatinny-Schiene<\/strong> ist speziell f\u00fcr das <strong data-start=\"158\" data-end=\"168\">CZ 457<\/strong> Gewehr konzipiert. Diese Schiene bietet eine pr\u00e4zise und langlebige Montagel\u00f6sung und l\u00e4sst sich einfach selbst installieren. Die Montage erfolgt z\u00fcgig: Reinigen Sie lediglich die Oberseite des Gewehrverschlusses, schieben Sie die Schiene an ihren Platz und ziehen Sie die Schrauben fest.  <\/p>\n<p class=\"\" data-start=\"393\" data-end=\"406\"><strong data-start=\"393\" data-end=\"406\">Zusammengefasst:<\/strong><\/p>\n<ul data-start=\"407\" data-end=\"570\">\n<li class=\"\" data-start=\"407\" data-end=\"440\">\n<p class=\"\" data-start=\"409\" data-end=\"440\"><strong data-start=\"409\" data-end=\"427\">Kompatibilit\u00e4t:<\/strong> CZ 457 Gewehr<\/p>\n<\/li>\n<li class=\"\" data-start=\"441\" data-end=\"470\">\n<p class=\"\" data-start=\"443\" data-end=\"470\"><strong data-start=\"443\" data-end=\"455\">Merkmal:<\/strong> Picatinny-Schiene<\/p>\n<\/li>\n<li class=\"\" data-start=\"471\" data-end=\"504\">\n<p class=\"\" data-start=\"473\" data-end=\"504\"><strong data-start=\"473\" data-end=\"486\">Material:<\/strong> Eloxiertes Aluminium<\/p>\n<\/li>\n<li class=\"\" data-start=\"505\" data-end=\"523\">\n<p class=\"\" data-start=\"507\" data-end=\"523\"><strong data-start=\"507\" data-end=\"517\">Farbe:<\/strong> schwarz<\/p>\n<\/li>\n<li class=\"\" data-start=\"524\" data-end=\"570\">\n<p class=\"\" data-start=\"526\" data-end=\"570\"><strong data-start=\"526\" data-end=\"547\">Lieferumfang:<\/strong> Schiene &amp; Befestigungsschrauben<\/p>\n<\/li>\n<\/ul>\n<p class=\"\" data-start=\"572\" data-end=\"684\">Diese Schiene bietet eine zuverl\u00e4ssige und stabile Plattform f\u00fcr Optiken oder andere Zubeh\u00f6rteile, die Sie an Ihrem Gewehr montieren m\u00f6chten.<\/p>\n","protected":false},"excerpt":{"rendered":"<p>Osuma Picatinny-Schiene f\u00fcr CZ 457 Gewehr \u2013 hochwertig und einfach zu montieren Die in Finnland hergestellte Osuma Picatinny-Schiene ist speziell f\u00fcr das CZ 457 Gewehr konzipiert. Diese Schiene bietet eine pr\u00e4zise und langlebige Montagel\u00f6sung und l\u00e4sst sich einfach selbst installieren. Die Montage erfolgt z\u00fcgig: Reinigen Sie lediglich die Oberseite des Gewehrverschlusses, schieben Sie die Schiene [&#8230;]\n","protected":false},"featured_media":277554,"comment_status":"open","ping_status":"closed","template":"","meta":[],"product_brand":[],"product_cat":[1413],"product_tag":[],"class_list":{"0":"post-280263","1":"product","2":"type-product","3":"status-publish","4":"has-post-thumbnail","6":"product_cat-zielfernrohrringe-montagen","8":"first","9":"instock","10":"taxable","11":"shipping-taxable","12":"purchasable","13":"product-type-simple"},"composite_virtual":false,"composite_layout":"","composite_add_to_cart_form_location":"","composite_editable_in_cart":false,"composite_sold_individually_context":"","composite_shop_price_calc":"","composite_components":[],"composite_scenarios":[],"group_of_quantity":0,"min_quantity":0,"max_quantity":"","exclude_order_quantity_value_rules":"no","exclude_category_quantity_rules":"no","combine_variations":"no","exclude_global_add_ons":[],"addons":[],"_links":{"self":[{"href":"https:\/\/www.huntersfriend.eu\/de\/wp-json\/wp\/v2\/product\/280263","targetHints":{"allow":["GET"]}}],"collection":[{"href":"https:\/\/www.huntersfriend.eu\/de\/wp-json\/wp\/v2\/product"}],"about":[{"href":"https:\/\/www.huntersfriend.eu\/de\/wp-json\/wp\/v2\/types\/product"}],"replies":[{"embeddable":true,"href":"https:\/\/www.huntersfriend.eu\/de\/wp-json\/wp\/v2\/comments?post=280263"}],"wp:featuredmedia":[{"embeddable":true,"href":"https:\/\/www.huntersfriend.eu\/de\/wp-json\/wp\/v2\/media\/277554"}],"wp:attachment":[{"href":"https:\/\/www.huntersfriend.eu\/de\/wp-json\/wp\/v2\/media?parent=280263"}],"wp:term":[{"taxonomy":"product_brand","embeddable":true,"href":"https:\/\/www.huntersfriend.eu\/de\/wp-json\/wp\/v2\/product_brand?post=280263"},{"taxonomy":"product_cat","embeddable":true,"href":"https:\/\/www.huntersfriend.eu\/de\/wp-json\/wp\/v2\/product_cat?post=280263"},{"taxonomy":"product_tag","embeddable":true,"href":"https:\/\/www.huntersfriend.eu\/de\/wp-json\/wp\/v2\/product_tag?post=280263"}],"curies":[{"name":"wp","href":"https:\/\/api.w.org\/{rel}","templated":true}]}}