{"id":280260,"date":"2024-05-30T11:50:39","date_gmt":"2025-06-23T07:45:09","guid":{"rendered":"https:\/\/www.huntersfriend.eu\/product\/alps-outdoorz-hybrid-x-pack\/"},"modified":"2025-06-23T09:45:09","modified_gmt":"2025-06-23T07:45:09","slug":"alps-outdoorz-hybrid-x-pack","status":"publish","type":"product","link":"https:\/\/www.huntersfriend.eu\/de\/produkt\/alps-outdoorz-hybrid-x-pack\/","title":{"rendered":"Alps outdoorz hybrid x pack"},"content":{"rendered":"<p>Unabh\u00e4ngig davon, ob Sie lediglich einen Befestigungsrahmen ben\u00f6tigen oder eine Kombination aus Rucksack und Rahmen w\u00fcnschen, erf\u00fcllt das einzigartig konzipierte Hybrid X Ihre Anforderungen. Das \u00e4u\u00dferst vielseitige Hybrid X ist ein vom Western-Stil inspirierter Rucksack, der alle Annehmlichkeiten eines Tagesrucksacks bietet und gleichzeitig die Funktion eines Wildtransporters erf\u00fcllt. Diese Kombination aus einem internen Rahmen f\u00fcr den Wildtransport mit einem abnehmbaren 2.750-Kubikzoll-Rucksack mit Oberlader-\u00d6ffnung erm\u00f6glicht es, sowohl essenzielle Ausr\u00fcstung f\u00fcr die Jagd mitzuf\u00fchren als auch erlegtes Wild nach erfolgreicher Jagd zu transportieren. Der Rucksack l\u00e4sst sich mittels einer Reihe von Kompressionsriemen einfach am Rahmen befestigen, oder die Rucksacktasche kann vom Doppel-Aluminiumrahmen entfernt werden, um bessere interne Rahmen-Transportm\u00f6glichkeiten f\u00fcr Wild zu bieten. Der Rahmen verf\u00fcgt zudem \u00fcber eine Ablage und komprimierte fl\u00fcgelartige Taschen, die kleine oder gro\u00dfe Lasten aufnehmen k\u00f6nnen. Das Hybrid X, gefertigt aus strapazierf\u00e4higen Stoffen mit Hypalon-Verst\u00e4rkung, bietet un\u00fcbertroffene Robustheit und Haltbarkeit im Gel\u00e4nde. Ein formgegossenes Schaumstoff-Tragesystem und Lycra-Schultergurte sorgen f\u00fcr Komfort und Stabilit\u00e4t auf Wanderungen durch das anspruchsvollste Terrain. Der Rucksack verf\u00fcgt \u00fcber eine herunterklappbare Waffentasche, ideal f\u00fcr das freih\u00e4ndige Tragen Ihres Gewehrs oder Bogens, w\u00e4hrend der H\u00fcftgurt zus\u00e4tzliche Taschen bietet und die Befestigung eines Clip-Holsters erm\u00f6glicht. Die vordere Tasche f\u00fchrt direkt in das Hauptfach, was einen einfachen Zugriff auf Ausr\u00fcstung und Utensilien erlaubt. Ein Hydratationsfach und -anschluss sind in das Design integriert, ebenso wie eine Regenh\u00fclle f\u00fcr weniger g\u00fcnstige Wetterbedingungen. Ob Sie f\u00fcr einen kurzen Ausflug oder den ganzen Tag unterwegs sind, das Hybrid X bietet jede Funktion, die Sie f\u00fcr eine erfolgreiche Jagd ben\u00f6tigen.          <\/p>\n<p>\u2022 Formgegossene Schaumstoffaufh\u00e4ngung<\/p>\n<p>\u2022 Mit Lycra\u00ae ausgekleidete Schultergurte f\u00fcr erh\u00f6hten Komfort mit Lastenhebern<\/p>\n<p>\u2022 Durchg\u00e4ngig verwendete strapazierf\u00e4hige Stoffe<\/p>\n<p>\u2022 Hypalon an Belastungspunkten<\/p>\n<p>\u2022 Rucksacktasche wird mittels einer Reihe von Kompressionsriemen am Rahmen befestigt<\/p>\n<p>\u2022 Doppelte Aluminiumst\u00e4be mit gerilltem Rahmen aus hochdichtem ABS<\/p>\n<p>\u2022 Rahmen verf\u00fcgt \u00fcber eine Ablage und komprimierte fl\u00fcgelartige Taschen, die den Transport kleiner oder gro\u00dfer Lasten erm\u00f6glichen<\/p>\n<p>\u2022 Herunterklappbare Tasche f\u00fcr Gewehr und Bogen<\/p>\n<p>\u2022 Vollst\u00e4ndig abnehmbarer H\u00fcftgurt, einschlie\u00dflich Taschen, Anti-Schwank-Riemen und Aufnahme f\u00fcr Clip-Holster<\/p>\n<p>\u2022 Rucksack mit Oberlader-\u00d6ffnung<\/p>\n<p>\u2022 Vordertasche bietet direkten Zugang zum Hauptfach<\/p>\n<p>\u2022 Hydratationskompatibel mit zwei Anschl\u00fcssen<\/p>\n<p>\u2022 Die Regenabdeckung ist ordentlich in einer Rei\u00dfverschlusstasche am Boden des Rucksacks verstaut, bis sie ben\u00f6tigt wird<\/p>\n<table border=\"3\">\n<tbody>\n<tr align=\"CENTER\">\n<td><b>Kapazit\u00e4t<\/b><\/td>\n<td>45L \/ 2750 in\u00b3<\/td>\n<\/tr>\n<tr align=\"CENTER\">\n<td><b>Abmessungen des Hauptfachs<\/b><\/td>\n<td>19&#8243; H x 11,5&#8243; B x 7,5&#8243; T<\/td>\n<\/tr>\n<tr align=\"CENTER\">\n<td><b>H\u00fcftgurtbereich<\/b><\/td>\n<td>31 &#8211; 54&#8243;<\/td>\n<\/tr>\n<tr align=\"CENTER\">\n<td><b>Gewicht der Rucksacktasche<\/b><\/td>\n<td>2 lbs.<\/td>\n<\/tr>\n<tr align=\"CENTER\">\n<td><b>Rahmengewicht<\/b><\/td>\n<td>4 lbs. 12 oz. <\/td>\n<\/tr>\n<tr align=\"CENTER\">\n<td><b>Gesamtgewicht<\/b><\/td>\n<td>6 lbs. 12 oz. <\/td>\n<\/tr>\n<\/tbody>\n<\/table>\n","protected":false},"excerpt":{"rendered":"<p>Realtree excape oder Kojoten-Braun<\/p>\n","protected":false},"featured_media":269059,"comment_status":"open","ping_status":"closed","template":"","meta":[],"product_brand":[],"product_cat":[1407],"product_tag":[],"class_list":{"0":"post-280260","1":"product","2":"type-product","3":"status-publish","4":"has-post-thumbnail","6":"product_cat-jagdrucksacke","7":"product_shipping_class-medium-de","9":"first","10":"instock","11":"taxable","12":"shipping-taxable","13":"purchasable","14":"product-type-variable"},"composite_virtual":false,"composite_layout":"","composite_add_to_cart_form_location":"","composite_editable_in_cart":false,"composite_sold_individually_context":"","composite_shop_price_calc":"","composite_components":[],"composite_scenarios":[],"group_of_quantity":0,"min_quantity":0,"max_quantity":"","exclude_order_quantity_value_rules":"no","exclude_category_quantity_rules":"no","combine_variations":"no","exclude_global_add_ons":[],"addons":[],"_links":{"self":[{"href":"https:\/\/www.huntersfriend.eu\/de\/wp-json\/wp\/v2\/product\/280260","targetHints":{"allow":["GET"]}}],"collection":[{"href":"https:\/\/www.huntersfriend.eu\/de\/wp-json\/wp\/v2\/product"}],"about":[{"href":"https:\/\/www.huntersfriend.eu\/de\/wp-json\/wp\/v2\/types\/product"}],"replies":[{"embeddable":true,"href":"https:\/\/www.huntersfriend.eu\/de\/wp-json\/wp\/v2\/comments?post=280260"}],"wp:featuredmedia":[{"embeddable":true,"href":"https:\/\/www.huntersfriend.eu\/de\/wp-json\/wp\/v2\/media\/269059"}],"wp:attachment":[{"href":"https:\/\/www.huntersfriend.eu\/de\/wp-json\/wp\/v2\/media?parent=280260"}],"wp:term":[{"taxonomy":"product_brand","embeddable":true,"href":"https:\/\/www.huntersfriend.eu\/de\/wp-json\/wp\/v2\/product_brand?post=280260"},{"taxonomy":"product_cat","embeddable":true,"href":"https:\/\/www.huntersfriend.eu\/de\/wp-json\/wp\/v2\/product_cat?post=280260"},{"taxonomy":"product_tag","embeddable":true,"href":"https:\/\/www.huntersfriend.eu\/de\/wp-json\/wp\/v2\/product_tag?post=280260"}],"curies":[{"name":"wp","href":"https:\/\/api.w.org\/{rel}","templated":true}]}}