{"id":280259,"date":"2024-06-03T23:46:07","date_gmt":"2025-06-23T07:45:09","guid":{"rendered":"https:\/\/www.huntersfriend.eu\/product\/osuma-zielfernrohrhalterungen-picatinny-mittel\/"},"modified":"2025-06-23T09:45:09","modified_gmt":"2025-06-23T07:45:09","slug":"osuma-zielfernrohrhalterungen-picatinny-mittel","status":"publish","type":"product","link":"https:\/\/www.huntersfriend.eu\/de\/produkt\/osuma-zielfernrohrhalterungen-picatinny-mittel\/","title":{"rendered":"Osuma Zielfernrohrhalterungen, Picatinny, Mittel"},"content":{"rendered":"<p class=\"\" data-start=\"0\" data-end=\"64\"><strong data-start=\"0\" data-end=\"64\">Osuma Zweibein-Zielfernrohrmontage f\u00fcr Picatinny-Schiene \u2013 Hergestellt in Finnland<\/strong><\/p>\n<p class=\"\" data-start=\"66\" data-end=\"229\">Diese <strong data-start=\"71\" data-end=\"92\">Osuma Zweibeinmontage<\/strong> ist f\u00fcr <strong data-start=\"109\" data-end=\"128\">Picatinny-Schienen<\/strong> konzipiert und wird mit zwei Montagen und Ringen geliefert, die es Ihnen erm\u00f6glichen, ein Zielfernrohr mit 30-mm-Tubus m\u00fchelos an Ihrem Gewehr zu befestigen.<\/p>\n<p class=\"\" data-start=\"231\" data-end=\"353\">Die Installation ist unkompliziert und kann von Ihnen selbst vorgenommen werden. Das Paket beinhaltet alle f\u00fcr die Montage erforderlichen Schrauben. <\/p>\n<p class=\"\" data-start=\"355\" data-end=\"368\"><strong data-start=\"355\" data-end=\"368\">Zusammengefasst:<\/strong><\/p>\n<ul data-start=\"369\" data-end=\"577\">\n<li class=\"\" data-start=\"369\" data-end=\"399\">\n<p class=\"\" data-start=\"371\" data-end=\"399\"><strong data-start=\"371\" data-end=\"384\">Befestigung:<\/strong> Picatinny-Schiene<\/p>\n<\/li>\n<li class=\"\" data-start=\"400\" data-end=\"431\">\n<p class=\"\" data-start=\"402\" data-end=\"431\"><strong data-start=\"402\" data-end=\"426\">Zielfernrohrtubus-Durchmesser:<\/strong> 30 mm<\/p>\n<\/li>\n<li class=\"\" data-start=\"432\" data-end=\"459\">\n<p class=\"\" data-start=\"434\" data-end=\"459\"><strong data-start=\"434\" data-end=\"445\">H\u00f6he:<\/strong> Mittlere H\u00f6he<\/p>\n<\/li>\n<li class=\"\" data-start=\"460\" data-end=\"490\">\n<p class=\"\" data-start=\"462\" data-end=\"490\"><strong data-start=\"462\" data-end=\"475\">Material:<\/strong> Aluminium\/Stahl<\/p>\n<\/li>\n<li class=\"\" data-start=\"491\" data-end=\"516\">\n<p class=\"\" data-start=\"493\" data-end=\"516\"><strong data-start=\"493\" data-end=\"506\">Garantie:<\/strong> 24 Monate<\/p>\n<\/li>\n<li class=\"\" data-start=\"517\" data-end=\"577\">\n<p class=\"\" data-start=\"519\" data-end=\"577\"><strong data-start=\"519\" data-end=\"540\">Lieferumfang:<\/strong> Zwei Montagen, Ringe &amp; Befestigungsschrauben<\/p>\n<\/li>\n<\/ul>\n<p class=\"\" data-start=\"579\" data-end=\"709\">Diese vielseitige Montage bietet eine stabile Plattform f\u00fcr Ihr Zielfernrohr und ist ideal f\u00fcr diejenigen, die Picatinny-Montagesysteme bevorzugen.<\/p>\n","protected":false},"excerpt":{"rendered":"<p>Osuma Zweibein-Zielfernrohrmontage f\u00fcr Picatinny-Schiene \u2013 Hergestellt in Finnland Diese Osuma Zweibeinmontage ist f\u00fcr Picatinny-Schienen konzipiert und wird mit zwei Montagen und Ringen geliefert, die es Ihnen erm\u00f6glichen, ein Zielfernrohr mit 30-mm-Tubus m\u00fchelos an Ihrem Gewehr zu befestigen. Die Installation ist unkompliziert und kann von Ihnen selbst vorgenommen werden. Das Paket beinhaltet alle f\u00fcr die Montage [&#8230;]\n","protected":false},"featured_media":277562,"comment_status":"open","ping_status":"closed","template":"","meta":[],"product_brand":[],"product_cat":[1413],"product_tag":[],"class_list":{"0":"post-280259","1":"product","2":"type-product","3":"status-publish","4":"has-post-thumbnail","6":"product_cat-zielfernrohrringe-montagen","8":"first","9":"outofstock","10":"taxable","11":"shipping-taxable","12":"purchasable","13":"product-type-simple"},"composite_virtual":false,"composite_layout":"","composite_add_to_cart_form_location":"","composite_editable_in_cart":false,"composite_sold_individually_context":"","composite_shop_price_calc":"","composite_components":[],"composite_scenarios":[],"group_of_quantity":0,"min_quantity":0,"max_quantity":"","exclude_order_quantity_value_rules":"no","exclude_category_quantity_rules":"no","combine_variations":"no","exclude_global_add_ons":[],"addons":[],"_links":{"self":[{"href":"https:\/\/www.huntersfriend.eu\/de\/wp-json\/wp\/v2\/product\/280259","targetHints":{"allow":["GET"]}}],"collection":[{"href":"https:\/\/www.huntersfriend.eu\/de\/wp-json\/wp\/v2\/product"}],"about":[{"href":"https:\/\/www.huntersfriend.eu\/de\/wp-json\/wp\/v2\/types\/product"}],"replies":[{"embeddable":true,"href":"https:\/\/www.huntersfriend.eu\/de\/wp-json\/wp\/v2\/comments?post=280259"}],"wp:featuredmedia":[{"embeddable":true,"href":"https:\/\/www.huntersfriend.eu\/de\/wp-json\/wp\/v2\/media\/277562"}],"wp:attachment":[{"href":"https:\/\/www.huntersfriend.eu\/de\/wp-json\/wp\/v2\/media?parent=280259"}],"wp:term":[{"taxonomy":"product_brand","embeddable":true,"href":"https:\/\/www.huntersfriend.eu\/de\/wp-json\/wp\/v2\/product_brand?post=280259"},{"taxonomy":"product_cat","embeddable":true,"href":"https:\/\/www.huntersfriend.eu\/de\/wp-json\/wp\/v2\/product_cat?post=280259"},{"taxonomy":"product_tag","embeddable":true,"href":"https:\/\/www.huntersfriend.eu\/de\/wp-json\/wp\/v2\/product_tag?post=280259"}],"curies":[{"name":"wp","href":"https:\/\/api.w.org\/{rel}","templated":true}]}}