{"id":280255,"date":"2024-05-30T11:28:34","date_gmt":"2024-05-30T09:28:34","guid":{"rendered":"https:\/\/www.huntersfriend.eu\/product\/alps-outdoorz-pursuit\/"},"modified":"2026-03-19T08:29:24","modified_gmt":"2026-03-19T06:29:24","slug":"alps-outdoorz-pursuit","status":"publish","type":"product","link":"https:\/\/www.huntersfriend.eu\/de\/produkt\/alps-outdoorz-pursuit\/","title":{"rendered":"Alps outdoorz pursuit"},"content":{"rendered":"<p>Der Pursuit Bow Pack ist perfekt geeignet, um Ihren Bogen sicher und verstaut zu halten, w\u00e4hrend Sie durch Felder und unwegsames Gel\u00e4nde wandern. Die Befestigungsriemen in Kombination mit der erweiterbaren Bogentasche bieten eine hervorragende M\u00f6glichkeit, Ihren Bogen sicher an Ort und Stelle zu halten. Ein Rucksack, der Ihren Bogen aufnehmen kann, ist praktisch, da Sie so Ihre H\u00e4nde frei haben. Es gibt eine gro\u00dfe Haupttasche, eine gro\u00dfe Vordertasche und untere Seitentaschen aus Netzstoff, um Ihre Ausr\u00fcstung zu organisieren. Der H\u00fcftgurt ist gepolstert, sodass der Tragekomfort auch bei etwas mehr Gewicht erstklassig bleibt. Eine signalorange Regenh\u00fclle ist enthalten, falls Sie sich bei Regen im Freien aufhalten.     <\/p>\n<p>\u2022 <a href=\"https:\/\/alpsoutdoorz.com\/media\/wysiwyg\/Pursuit_-_Outdoor_Life.pdf\">outdoor life &#8211; Insgesamt am besten<\/a><\/p>\n<p>\u2022 Organisationsfach h\u00e4lt Ausr\u00fcstung griffbereit<\/p>\n<p>\u2022 Eignet sich hervorragend zum Aufh\u00e4ngen am Baum mit D-Ring-Clip<\/p>\n<p>\u2022 Herunterklappbare Tasche zur sicheren Aufbewahrung von Gewehr oder Bogen<\/p>\n<p>\u2022 Gro\u00dfe Vorder- und Haupttasche<\/p>\n<p>\u2022 K\u00f6cherhalterung an jeder Seite des Rucksacks<\/p>\n<p>\u2022 Frontales Befestigungssystem<\/p>\n<p>\u2022 Gepolsterter H\u00fcftgurt mit zwei Taschen<\/p>\n<p>\u2022 Zentraler Aluminiumstab<\/p>\n<p>\u2022 Die Regenabdeckung ist ordentlich in einer Rei\u00dfverschlusstasche am Boden des Rucksacks verstaut, bis sie ben\u00f6tigt wird<\/p>\n<p>\u2022 Hydrationssystem-kompatibel<\/p>\n<p>\u2022 Untere Seitentaschen aus Netzstoff<\/p>\n<p>\u2022 Gurtschlaufen zur Befestigung<\/p>\n<table border=\"3\">\n<tbody>\n<tr align=\"CENTER\">\n<td><b>Kapazit\u00e4t<\/b><\/td>\n<td>44L \/ 2700 in\u00b3<\/td>\n<\/tr>\n<tr align=\"CENTER\">\n<td><b>Hauptfachabmessungen<\/b><\/td>\n<td>19&#8243; H x 11&#8243; B x 7&#8243; T<\/td>\n<\/tr>\n<tr align=\"CENTER\">\n<td><b>H\u00fcftgurtbereich<\/b><\/td>\n<td>33 &#8211; 63&#8243;<\/td>\n<\/tr>\n<tr align=\"CENTER\">\n<td><b>Gewicht<\/b><\/td>\n<td>2,01 kg <\/td>\n<\/tr>\n<\/tbody>\n<\/table>\n","protected":false},"excerpt":{"rendered":"<p>Realtree edge oder Kojote Braun<\/p>\n","protected":false},"featured_media":269038,"comment_status":"open","ping_status":"closed","template":"","meta":[],"product_brand":[],"product_cat":[1407],"product_tag":[],"class_list":{"0":"post-280255","1":"product","2":"type-product","3":"status-publish","4":"has-post-thumbnail","6":"product_cat-jagdrucksacke","7":"product_shipping_class-medium-de","9":"first","10":"instock","11":"taxable","12":"shipping-taxable","13":"purchasable","14":"product-type-variable"},"composite_virtual":false,"composite_layout":"","composite_add_to_cart_form_location":"","composite_editable_in_cart":false,"composite_sold_individually_context":"","composite_shop_price_calc":"","composite_components":[],"composite_scenarios":[],"group_of_quantity":0,"min_quantity":0,"max_quantity":"","exclude_order_quantity_value_rules":"no","exclude_category_quantity_rules":"no","combine_variations":"no","exclude_global_add_ons":[],"addons":[],"_links":{"self":[{"href":"https:\/\/www.huntersfriend.eu\/de\/wp-json\/wp\/v2\/product\/280255","targetHints":{"allow":["GET"]}}],"collection":[{"href":"https:\/\/www.huntersfriend.eu\/de\/wp-json\/wp\/v2\/product"}],"about":[{"href":"https:\/\/www.huntersfriend.eu\/de\/wp-json\/wp\/v2\/types\/product"}],"replies":[{"embeddable":true,"href":"https:\/\/www.huntersfriend.eu\/de\/wp-json\/wp\/v2\/comments?post=280255"}],"wp:featuredmedia":[{"embeddable":true,"href":"https:\/\/www.huntersfriend.eu\/de\/wp-json\/wp\/v2\/media\/269038"}],"wp:attachment":[{"href":"https:\/\/www.huntersfriend.eu\/de\/wp-json\/wp\/v2\/media?parent=280255"}],"wp:term":[{"taxonomy":"product_brand","embeddable":true,"href":"https:\/\/www.huntersfriend.eu\/de\/wp-json\/wp\/v2\/product_brand?post=280255"},{"taxonomy":"product_cat","embeddable":true,"href":"https:\/\/www.huntersfriend.eu\/de\/wp-json\/wp\/v2\/product_cat?post=280255"},{"taxonomy":"product_tag","embeddable":true,"href":"https:\/\/www.huntersfriend.eu\/de\/wp-json\/wp\/v2\/product_tag?post=280255"}],"curies":[{"name":"wp","href":"https:\/\/api.w.org\/{rel}","templated":true}]}}