{"id":280252,"date":"2024-05-22T00:24:09","date_gmt":"2025-06-23T07:45:04","guid":{"rendered":"https:\/\/www.huntersfriend.eu\/product\/bridger-selbstverriegelnde-stellzangen\/"},"modified":"2025-08-26T11:26:12","modified_gmt":"2025-08-26T09:26:12","slug":"bridger-selbstverriegelnde-stellzangen","status":"publish","type":"product","link":"https:\/\/www.huntersfriend.eu\/de\/produkt\/bridger-selbstverriegelnde-stellzangen\/","title":{"rendered":"Bridger selbstverriegelnde Stellzangen"},"content":{"rendered":"<p><span class=\"jCAhz ChMk0b\"><span class=\"ryNqvb\">Die Bridger selbstverriegelnden Einstellzangen erm\u00f6glichen es Ihnen, sowohl gro\u00dfe als auch kleine Conibear-K\u00f6rperfallen auf einfache und sichere Weise einzustellen.<\/span><\/span> <span class=\"jCAhz ChMk0b\"><span class=\"ryNqvb\">Diese Einstellzange ist \u00e4u\u00dferst robust konstruiert und verf\u00fcgt \u00fcber einen automatischen Verriegelungsmechanismus in den Backen, der gleichzeitig als Sicherheitsvorrichtung beim Einstellen dient.<\/span><\/span> <span class=\"jCAhz ChMk0b\"><span class=\"ryNqvb\">Die Oberfl\u00e4che der Einstellzange ist beschichtet und rostet daher nicht.<\/span><\/span> <span class=\"jCAhz ChMk0b\"><span class=\"ryNqvb\">Gesamtl\u00e4nge 60,96 cm.<\/span><\/span><\/p>\n<p style=\"font-weight: 400;\">Geeignet f\u00fcr alle Gr\u00f6\u00dfen von K\u00f6rpergriff-Fallen. Gesamtl\u00e4nge 61 cm. Umweltfreundlich schwarz beschichtet.  <\/p>\n<p style=\"font-weight: 400;\">Neu und verbessert! Ein ausgezeichnetes Werkzeug! <\/p>\n","protected":false},"excerpt":{"rendered":"<p>Die Bridger selbstverriegelnden Einstellzangen erm\u00f6glichen es Ihnen, sowohl gro\u00dfe als auch kleine Conibear-K\u00f6rperfallen auf einfache und sichere Weise einzustellen. Diese Einstellzange ist \u00e4u\u00dferst robust konstruiert und verf\u00fcgt \u00fcber einen automatischen Verriegelungsmechanismus in den Backen, der gleichzeitig als Sicherheitsvorrichtung beim Einstellen dient. Die Oberfl\u00e4che der Einstellzange ist beschichtet und rostet daher nicht. Gesamtl\u00e4nge 60,96 cm. Geeignet [&#8230;]\n","protected":false},"featured_media":268706,"comment_status":"open","ping_status":"closed","template":"","meta":[],"product_brand":[],"product_cat":[1410],"product_tag":[],"class_list":{"0":"post-280252","1":"product","2":"type-product","3":"status-publish","4":"has-post-thumbnail","6":"product_cat-fallen-und-fallenzubehor","8":"first","9":"outofstock","10":"taxable","11":"shipping-taxable","12":"purchasable","13":"product-type-simple"},"composite_virtual":false,"composite_layout":"","composite_add_to_cart_form_location":"","composite_editable_in_cart":false,"composite_sold_individually_context":"","composite_shop_price_calc":"","composite_components":[],"composite_scenarios":[],"group_of_quantity":0,"min_quantity":0,"max_quantity":"","exclude_order_quantity_value_rules":"no","exclude_category_quantity_rules":"no","combine_variations":"no","exclude_global_add_ons":[],"addons":[],"_links":{"self":[{"href":"https:\/\/www.huntersfriend.eu\/de\/wp-json\/wp\/v2\/product\/280252","targetHints":{"allow":["GET"]}}],"collection":[{"href":"https:\/\/www.huntersfriend.eu\/de\/wp-json\/wp\/v2\/product"}],"about":[{"href":"https:\/\/www.huntersfriend.eu\/de\/wp-json\/wp\/v2\/types\/product"}],"replies":[{"embeddable":true,"href":"https:\/\/www.huntersfriend.eu\/de\/wp-json\/wp\/v2\/comments?post=280252"}],"wp:featuredmedia":[{"embeddable":true,"href":"https:\/\/www.huntersfriend.eu\/de\/wp-json\/wp\/v2\/media\/268706"}],"wp:attachment":[{"href":"https:\/\/www.huntersfriend.eu\/de\/wp-json\/wp\/v2\/media?parent=280252"}],"wp:term":[{"taxonomy":"product_brand","embeddable":true,"href":"https:\/\/www.huntersfriend.eu\/de\/wp-json\/wp\/v2\/product_brand?post=280252"},{"taxonomy":"product_cat","embeddable":true,"href":"https:\/\/www.huntersfriend.eu\/de\/wp-json\/wp\/v2\/product_cat?post=280252"},{"taxonomy":"product_tag","embeddable":true,"href":"https:\/\/www.huntersfriend.eu\/de\/wp-json\/wp\/v2\/product_tag?post=280252"}],"curies":[{"name":"wp","href":"https:\/\/api.w.org\/{rel}","templated":true}]}}