{"id":280251,"date":"2024-05-30T11:18:29","date_gmt":"2024-05-30T09:18:29","guid":{"rendered":"https:\/\/www.huntersfriend.eu\/product\/alps-outdoorz-ranger-youth-pack\/"},"modified":"2026-05-01T22:44:32","modified_gmt":"2026-05-01T20:44:32","slug":"alps-outdoorz-ranger-youth-pack","status":"publish","type":"product","link":"https:\/\/www.huntersfriend.eu\/de\/produkt\/alps-outdoorz-ranger-youth-pack\/","title":{"rendered":"Alps outdoorz ranger youth pack"},"content":{"rendered":"<p>Der Ranger ist ein ausgezeichneter Einstiegsrucksack f\u00fcr kleinere Exkursionen. Mit einem Volumen von 1450 Kubikzoll bietet er ausreichend Platz, um die essenzielle Ausr\u00fcstung f\u00fcr den Tag zu verstauen. Die vordere Tasche erm\u00f6glicht eine separate Aufbewahrung Ihrer Utensilien, und die Daisy Chain an der Vorderseite bietet eine M\u00f6glichkeit, einige gr\u00f6\u00dfere Gegenst\u00e4nde zu befestigen, die Sie nicht im Inneren des Rucksacks unterbringen m\u00f6chten.  <\/p>\n<p>\u2022 Gro\u00dfes Hauptfach und vorderes Organisationsfach<\/p>\n<p>\u2022 Gepolsterte Schultergurte<\/p>\n<p>\u2022 Gurtgriff f\u00fcr bequemes Tragen<\/p>\n<p>\u2022 Bartack-verst\u00e4rktes Gurtband bietet mehrere Befestigungspunkte<\/p>\n<table border=\"3\">\n<tbody>\n<tr align=\"CENTER\">\n<td><b>Kapazit\u00e4t<\/b><\/td>\n<td>23L \/ 1450 in\u00b3<\/td>\n<\/tr>\n<tr align=\"CENTER\">\n<td><b>Abmessungen des Hauptfachs<\/b><\/td>\n<td>16,5&#8243; H x 11,5&#8243; B x 6&#8243; T<\/td>\n<\/tr>\n<tr align=\"CENTER\">\n<td><b>Gewicht<\/b><\/td>\n<td>0,6 kg <\/td>\n<\/tr>\n<\/tbody>\n<\/table>\n","protected":false},"excerpt":{"rendered":"<p>Realtree edge oder Country DNA<\/p>\n","protected":false},"featured_media":269016,"comment_status":"open","ping_status":"closed","template":"","meta":[],"product_brand":[],"product_cat":[1407],"product_tag":[],"class_list":{"0":"post-280251","1":"product","2":"type-product","3":"status-publish","4":"has-post-thumbnail","6":"product_cat-jagdrucksacke","7":"product_shipping_class-medium-de","9":"first","10":"instock","11":"taxable","12":"shipping-taxable","13":"purchasable","14":"product-type-variable"},"composite_virtual":false,"composite_layout":"","composite_add_to_cart_form_location":"","composite_editable_in_cart":false,"composite_sold_individually_context":"","composite_shop_price_calc":"","composite_components":[],"composite_scenarios":[],"group_of_quantity":0,"min_quantity":0,"max_quantity":"","exclude_order_quantity_value_rules":"no","exclude_category_quantity_rules":"no","combine_variations":"no","exclude_global_add_ons":[],"addons":[],"_links":{"self":[{"href":"https:\/\/www.huntersfriend.eu\/de\/wp-json\/wp\/v2\/product\/280251","targetHints":{"allow":["GET"]}}],"collection":[{"href":"https:\/\/www.huntersfriend.eu\/de\/wp-json\/wp\/v2\/product"}],"about":[{"href":"https:\/\/www.huntersfriend.eu\/de\/wp-json\/wp\/v2\/types\/product"}],"replies":[{"embeddable":true,"href":"https:\/\/www.huntersfriend.eu\/de\/wp-json\/wp\/v2\/comments?post=280251"}],"wp:featuredmedia":[{"embeddable":true,"href":"https:\/\/www.huntersfriend.eu\/de\/wp-json\/wp\/v2\/media\/269016"}],"wp:attachment":[{"href":"https:\/\/www.huntersfriend.eu\/de\/wp-json\/wp\/v2\/media?parent=280251"}],"wp:term":[{"taxonomy":"product_brand","embeddable":true,"href":"https:\/\/www.huntersfriend.eu\/de\/wp-json\/wp\/v2\/product_brand?post=280251"},{"taxonomy":"product_cat","embeddable":true,"href":"https:\/\/www.huntersfriend.eu\/de\/wp-json\/wp\/v2\/product_cat?post=280251"},{"taxonomy":"product_tag","embeddable":true,"href":"https:\/\/www.huntersfriend.eu\/de\/wp-json\/wp\/v2\/product_tag?post=280251"}],"curies":[{"name":"wp","href":"https:\/\/api.w.org\/{rel}","templated":true}]}}