{"id":280248,"date":"2024-05-22T00:18:22","date_gmt":"2025-06-23T07:45:03","guid":{"rendered":"https:\/\/www.huntersfriend.eu\/product\/fallenetiketthaken-100-stueck-beutel\/"},"modified":"2025-12-18T09:25:22","modified_gmt":"2025-12-18T07:25:22","slug":"fallenetiketthaken-100-stueck-beutel","status":"publish","type":"product","link":"https:\/\/www.huntersfriend.eu\/de\/produkt\/fallenetiketthaken-100-stueck-beutel\/","title":{"rendered":"Fallenetiketthaken 100 St\u00fcck Beutel"},"content":{"rendered":"<p>Die Etiketthaken k\u00f6nnen anstelle des Umwickelns des Etiketts um den Wirbel oder die Kette verwendet werden. Sie k\u00f6nnen leicht mit einer Zange geschlossen werden. Sie sind einfacher zu handhaben und halten l\u00e4nger als Draht.  <\/p>\n","protected":false},"excerpt":{"rendered":"<p>Die Etiketthaken k\u00f6nnen anstelle des Umwickelns des Etiketts um den Wirbel oder die Kette verwendet werden. Sie k\u00f6nnen leicht mit einer Zange geschlossen werden. Sie sind einfacher zu handhaben und halten l\u00e4nger als Draht.<\/p>\n","protected":false},"featured_media":268762,"comment_status":"open","ping_status":"closed","template":"","meta":[],"product_brand":[],"product_cat":[1410],"product_tag":[],"class_list":{"0":"post-280248","1":"product","2":"type-product","3":"status-publish","4":"has-post-thumbnail","6":"product_cat-fallen-und-fallenzubehor","8":"first","9":"instock","10":"taxable","11":"shipping-taxable","12":"purchasable","13":"product-type-simple"},"composite_virtual":false,"composite_layout":"","composite_add_to_cart_form_location":"","composite_editable_in_cart":false,"composite_sold_individually_context":"","composite_shop_price_calc":"","composite_components":[],"composite_scenarios":[],"group_of_quantity":0,"min_quantity":0,"max_quantity":"","exclude_order_quantity_value_rules":"no","exclude_category_quantity_rules":"no","combine_variations":"no","exclude_global_add_ons":[],"addons":[],"_links":{"self":[{"href":"https:\/\/www.huntersfriend.eu\/de\/wp-json\/wp\/v2\/product\/280248","targetHints":{"allow":["GET"]}}],"collection":[{"href":"https:\/\/www.huntersfriend.eu\/de\/wp-json\/wp\/v2\/product"}],"about":[{"href":"https:\/\/www.huntersfriend.eu\/de\/wp-json\/wp\/v2\/types\/product"}],"replies":[{"embeddable":true,"href":"https:\/\/www.huntersfriend.eu\/de\/wp-json\/wp\/v2\/comments?post=280248"}],"wp:featuredmedia":[{"embeddable":true,"href":"https:\/\/www.huntersfriend.eu\/de\/wp-json\/wp\/v2\/media\/268762"}],"wp:attachment":[{"href":"https:\/\/www.huntersfriend.eu\/de\/wp-json\/wp\/v2\/media?parent=280248"}],"wp:term":[{"taxonomy":"product_brand","embeddable":true,"href":"https:\/\/www.huntersfriend.eu\/de\/wp-json\/wp\/v2\/product_brand?post=280248"},{"taxonomy":"product_cat","embeddable":true,"href":"https:\/\/www.huntersfriend.eu\/de\/wp-json\/wp\/v2\/product_cat?post=280248"},{"taxonomy":"product_tag","embeddable":true,"href":"https:\/\/www.huntersfriend.eu\/de\/wp-json\/wp\/v2\/product_tag?post=280248"}],"curies":[{"name":"wp","href":"https:\/\/api.w.org\/{rel}","templated":true}]}}