{"id":280246,"date":"2024-05-22T00:18:21","date_gmt":"2025-06-23T07:45:02","guid":{"rendered":"https:\/\/www.huntersfriend.eu\/product\/bridger-220-koerperfalle\/"},"modified":"2026-02-24T15:45:00","modified_gmt":"2026-02-24T13:45:00","slug":"bridger-220-koerperfalle","status":"publish","type":"product","link":"https:\/\/www.huntersfriend.eu\/de\/produkt\/bridger-220-koerperfalle\/","title":{"rendered":"Bridger #220 K\u00f6rperfalle"},"content":{"rendered":"<p><span class=\"jCAhz ChMk0b\"><span class=\"ryNqvb\">Die Bridger #220 Magnum K\u00f6rperfalle ist eine kosteng\u00fcnstige Falle, die nach den Qualit\u00e4tsstandards ihres amerikanischen Herstellers gefertigt wird, welcher auf dem amerikanischen Kontinent einen exzellenten Ruf genie\u00dft.<\/span><\/span> <span class=\"jCAhz ChMk0b\"><span class=\"ryNqvb\">Die Federn dieser Stahlfallen sind w\u00e4rmebehandelt, um eine lange Lebensdauer zu gew\u00e4hrleisten.<\/span><\/span> <span class=\"jCAhz ChMk0b\"><span class=\"ryNqvb\">Der Ausl\u00f6ser dieses Modells, das besonders f\u00fcr Marder und Waschb\u00e4ren geeignet ist, ist breit und bleibt sehr gut in Position.<\/span><\/span> <span class=\"jCAhz ChMk0b\"><span class=\"ryNqvb\">Diese Durchlauffalle von Bridger ist eine sogenannte<\/span><\/span> <span class=\"jCAhz ChMk0b\"><span class=\"ryNqvb\">sofort t\u00f6tende Falle, die den unmittelbaren Tod des Tieres verursacht, das bei Ausl\u00f6sung hineinger\u00e4t.<\/span><\/span> <span class=\"jCAhz ChMk0b\"><span class=\"ryNqvb\">An Land oder im Wasser sind Bridger #220 Fallen, die in einem Schutzgeh\u00e4use platziert sind, f\u00fcr den Fang von Nerz, Marder, Otter, Iltis, Wiesel und Eichh\u00f6rnchen zugelassen.<\/span><\/span> <span class=\"jCAhz ChMk0b\"><span class=\"ryNqvb\">Fallen, die am Boden, in einem Baum oder beispielsweise im Wasser platziert werden, sollten so aufgestellt werden, dass sie keine Gefahr f\u00fcr Menschen oder andere Tiere als die zu fangenden darstellen.<\/span><\/span> <span class=\"jCAhz ChMk0b\"><span class=\"ryNqvb\">Gem\u00e4\u00df dem Gesetz m\u00fcssen die Fallen innerhalb einer Schutzvorrichtung platziert werden.<\/span><\/span> <span class=\"jCAhz ChMk0b\"><span class=\"ryNqvb\">Der Durchmesser der Eingangs\u00f6ffnung der Schutzvorrichtung darf 8 Zentimeter nicht \u00fcberschreiten.<\/span><\/span> <span class=\"jCAhz ChMk0b\"><span class=\"ryNqvb\">Laut Gesetz m\u00fcssen die Fallen regelm\u00e4\u00dfig gewartet werden.<\/span><\/span> <span class=\"jCAhz ChMk0b\"><span class=\"ryNqvb\">Beim Aufstellen der Fallen empfehlen wir zu Ihrer eigenen Sicherheit die Verwendung von Stellzangen oder Greifern.<\/span><\/span> <span class=\"jCAhz ChMk0b\"><span class=\"ryNqvb\">Die Gr\u00f6\u00dfe der Bridger #220 Magnum betr\u00e4gt 17,78 cm x 17,78 cm und das Gewicht der Falle liegt bei 1,02 kg.<\/span><\/span><\/p>\n","protected":false},"excerpt":{"rendered":"<p>Die Bridger #220 Magnum K\u00f6rperfalle ist eine kosteng\u00fcnstige Falle, die nach den Qualit\u00e4tsstandards ihres amerikanischen Herstellers gefertigt wird, welcher auf dem amerikanischen Kontinent einen exzellenten Ruf genie\u00dft. Die Federn dieser Stahlfallen sind w\u00e4rmebehandelt, um eine lange Lebensdauer zu gew\u00e4hrleisten. Der Ausl\u00f6ser dieses Modells, das besonders f\u00fcr Marder und Waschb\u00e4ren geeignet ist, ist breit und bleibt [&#8230;]\n","protected":false},"featured_media":268710,"comment_status":"open","ping_status":"closed","template":"","meta":[],"product_brand":[],"product_cat":[1410],"product_tag":[],"class_list":{"0":"post-280246","1":"product","2":"type-product","3":"status-publish","4":"has-post-thumbnail","6":"product_cat-fallen-und-fallenzubehor","8":"first","9":"outofstock","10":"taxable","11":"shipping-taxable","12":"purchasable","13":"product-type-simple"},"composite_virtual":false,"composite_layout":"","composite_add_to_cart_form_location":"","composite_editable_in_cart":false,"composite_sold_individually_context":"","composite_shop_price_calc":"","composite_components":[],"composite_scenarios":[],"group_of_quantity":0,"min_quantity":0,"max_quantity":"","exclude_order_quantity_value_rules":"no","exclude_category_quantity_rules":"no","combine_variations":"no","exclude_global_add_ons":[],"addons":[],"_links":{"self":[{"href":"https:\/\/www.huntersfriend.eu\/de\/wp-json\/wp\/v2\/product\/280246","targetHints":{"allow":["GET"]}}],"collection":[{"href":"https:\/\/www.huntersfriend.eu\/de\/wp-json\/wp\/v2\/product"}],"about":[{"href":"https:\/\/www.huntersfriend.eu\/de\/wp-json\/wp\/v2\/types\/product"}],"replies":[{"embeddable":true,"href":"https:\/\/www.huntersfriend.eu\/de\/wp-json\/wp\/v2\/comments?post=280246"}],"wp:featuredmedia":[{"embeddable":true,"href":"https:\/\/www.huntersfriend.eu\/de\/wp-json\/wp\/v2\/media\/268710"}],"wp:attachment":[{"href":"https:\/\/www.huntersfriend.eu\/de\/wp-json\/wp\/v2\/media?parent=280246"}],"wp:term":[{"taxonomy":"product_brand","embeddable":true,"href":"https:\/\/www.huntersfriend.eu\/de\/wp-json\/wp\/v2\/product_brand?post=280246"},{"taxonomy":"product_cat","embeddable":true,"href":"https:\/\/www.huntersfriend.eu\/de\/wp-json\/wp\/v2\/product_cat?post=280246"},{"taxonomy":"product_tag","embeddable":true,"href":"https:\/\/www.huntersfriend.eu\/de\/wp-json\/wp\/v2\/product_tag?post=280246"}],"curies":[{"name":"wp","href":"https:\/\/api.w.org\/{rel}","templated":true}]}}