{"id":280244,"date":"2024-05-22T00:18:20","date_gmt":"2025-06-23T07:45:00","guid":{"rendered":"https:\/\/www.huntersfriend.eu\/product\/bridger-330-magnum-koerperfalle\/"},"modified":"2025-07-17T05:35:45","modified_gmt":"2025-07-17T03:35:45","slug":"bridger-330-magnum-koerperfalle","status":"publish","type":"product","link":"https:\/\/www.huntersfriend.eu\/de\/produkt\/bridger-330-magnum-koerperfalle\/","title":{"rendered":"Bridger #330 Magnum-K\u00f6rperfalle"},"content":{"rendered":"<p><span class=\"jCAhz ChMk0b\"><span class=\"ryNqvb\">Die Bridger #330 Magnum-K\u00f6rperfalle ist eine kosteng\u00fcnstige Falle, die nach den Qualit\u00e4tsstandards ihres amerikanischen Herstellers gefertigt wird, welcher auf dem amerikanischen Kontinent einen ausgezeichneten Ruf genie\u00dft.<\/span><\/span> <span class=\"jCAhz ChMk0b\"><span class=\"ryNqvb\">Die Federn dieser Stahlfallen sind w\u00e4rmebehandelt, um eine lange Lebensdauer zu gew\u00e4hrleisten.<\/span><\/span> <span class=\"jCAhz ChMk0b\"><span class=\"ryNqvb\">Die Ausl\u00f6ser dieses Modells, das besonders f\u00fcr Biber geeignet ist, sind breit und verbleiben sehr gut in Position.<\/span><\/span> <span class=\"jCAhz ChMk0b\"><span class=\"ryNqvb\">Bei der Befestigungskette wurde die nicht arretierende Rotation der Kette in den Gelenkwirbeln ber\u00fccksichtigt.<\/span><\/span> <span class=\"jCAhz ChMk0b\"><span class=\"ryNqvb\">Diese Durchlauffalle von Bridger ist eine sogenannte<\/span><\/span> <span class=\"jCAhz ChMk0b\"><span class=\"ryNqvb\">sofort t\u00f6tende Falle, die den unmittelbaren Tod des Tieres verursacht, das bei Ausl\u00f6sung hineinger\u00e4t.<\/span><\/span> <span class=\"jCAhz ChMk0b\"><span class=\"ryNqvb\">Bridger #330 Fallen k\u00f6nnen unter Wasser f\u00fcr die Jagd auf Europ\u00e4ische Biber und Kanadische Biber eingesetzt werden.<\/span><\/span> <span class=\"jCAhz ChMk0b\"><span class=\"ryNqvb\">In diesem Fall darf der Durchmesser der Fallen 30 Zentimeter nicht \u00fcberschreiten.<\/span><\/span> <span class=\"jCAhz ChMk0b\"><span class=\"ryNqvb\">Gem\u00e4\u00df den gesetzlichen Bestimmungen m\u00fcssen die Fallen regelm\u00e4\u00dfig gewartet und so platziert werden, dass sie keine Gefahr f\u00fcr Menschen oder andere Tiere als die zu fangenden darstellen.<\/span><\/span> <span class=\"jCAhz ChMk0b\"><span class=\"ryNqvb\">Beim Aufstellen der Fallen empfehlen wir zu Ihrer eigenen Sicherheit die Verwendung von Stellzangen oder Greifern.<\/span><\/span> <span class=\"jCAhz ChMk0b\"><span class=\"ryNqvb\">Die Gr\u00f6\u00dfe der Bridger #330 Magnum betr\u00e4gt 26,67 cm x 25,40 cm und das Gewicht der Falle liegt bei 2,19 kg.<\/span><\/span><\/p>\n","protected":false},"excerpt":{"rendered":"<p>Die Bridger #330 Magnum-K\u00f6rperfalle ist eine kosteng\u00fcnstige Falle, die nach den Qualit\u00e4tsstandards ihres amerikanischen Herstellers gefertigt wird, welcher auf dem amerikanischen Kontinent einen ausgezeichneten Ruf genie\u00dft. Die Federn dieser Stahlfallen sind w\u00e4rmebehandelt, um eine lange Lebensdauer zu gew\u00e4hrleisten. Die Ausl\u00f6ser dieses Modells, das besonders f\u00fcr Biber geeignet ist, sind breit und verbleiben sehr gut in [&#8230;]\n","protected":false},"featured_media":268713,"comment_status":"open","ping_status":"closed","template":"","meta":[],"product_brand":[],"product_cat":[1410],"product_tag":[],"class_list":{"0":"post-280244","1":"product","2":"type-product","3":"status-publish","4":"has-post-thumbnail","6":"product_cat-fallen-und-fallenzubehor","8":"first","9":"outofstock","10":"taxable","11":"shipping-taxable","12":"purchasable","13":"product-type-simple"},"composite_virtual":false,"composite_layout":"","composite_add_to_cart_form_location":"","composite_editable_in_cart":false,"composite_sold_individually_context":"","composite_shop_price_calc":"","composite_components":[],"composite_scenarios":[],"group_of_quantity":0,"min_quantity":0,"max_quantity":"","exclude_order_quantity_value_rules":"no","exclude_category_quantity_rules":"no","combine_variations":"no","exclude_global_add_ons":[],"addons":[],"_links":{"self":[{"href":"https:\/\/www.huntersfriend.eu\/de\/wp-json\/wp\/v2\/product\/280244","targetHints":{"allow":["GET"]}}],"collection":[{"href":"https:\/\/www.huntersfriend.eu\/de\/wp-json\/wp\/v2\/product"}],"about":[{"href":"https:\/\/www.huntersfriend.eu\/de\/wp-json\/wp\/v2\/types\/product"}],"replies":[{"embeddable":true,"href":"https:\/\/www.huntersfriend.eu\/de\/wp-json\/wp\/v2\/comments?post=280244"}],"wp:featuredmedia":[{"embeddable":true,"href":"https:\/\/www.huntersfriend.eu\/de\/wp-json\/wp\/v2\/media\/268713"}],"wp:attachment":[{"href":"https:\/\/www.huntersfriend.eu\/de\/wp-json\/wp\/v2\/media?parent=280244"}],"wp:term":[{"taxonomy":"product_brand","embeddable":true,"href":"https:\/\/www.huntersfriend.eu\/de\/wp-json\/wp\/v2\/product_brand?post=280244"},{"taxonomy":"product_cat","embeddable":true,"href":"https:\/\/www.huntersfriend.eu\/de\/wp-json\/wp\/v2\/product_cat?post=280244"},{"taxonomy":"product_tag","embeddable":true,"href":"https:\/\/www.huntersfriend.eu\/de\/wp-json\/wp\/v2\/product_tag?post=280244"}],"curies":[{"name":"wp","href":"https:\/\/api.w.org\/{rel}","templated":true}]}}