{"id":280242,"date":"2024-05-22T00:18:20","date_gmt":"2025-06-23T07:44:57","guid":{"rendered":"https:\/\/www.huntersfriend.eu\/product\/sleepy-creek-trap-mod-4-setters-spannzangen\/"},"modified":"2025-06-23T09:44:57","modified_gmt":"2025-06-23T07:44:57","slug":"sleepy-creek-trap-mod-4-setters-spannzangen","status":"publish","type":"product","link":"https:\/\/www.huntersfriend.eu\/de\/produkt\/sleepy-creek-trap-mod-4-setters-spannzangen\/","title":{"rendered":"Sleepy Creek Trap Mod 4 Setters Spannzangen"},"content":{"rendered":"<p><span class=\"jCAhz ChMk0b\"><span class=\"ryNqvb\">Die Sleepy Creek Trap Mod 4 Setters Spannzangen sind aus Aluminium gefertigt und stellen \u00e4u\u00dferst leichte Spannwerkzeuge f\u00fcr sowohl kleine als auch gro\u00dfe Fallen dar.<\/span><\/span> <span class=\"jCAhz ChMk0b\"><span class=\"ryNqvb\">Wir empfehlen diese Spannzangen f\u00fcr Konibear-K\u00f6rperfallen der Gr\u00f6\u00dfenklassen #220, #280 und #330.<\/p>\n<p><\/span><\/span><span class=\"jCAhz ChMk0b\"><span class=\"ryNqvb\">Material: Aluminium.<br \/>\n<\/span><\/span><span class=\"jCAhz ChMk0b\"><span class=\"ryNqvb\">L\u00e4nge: 60,96 cm.<\/span><\/span><br \/>\n<span class=\"jCAhz ChMk0b\"><span class=\"ryNqvb\">Gewicht: 680,35 Gramm.<\/span><\/span><\/p>\n","protected":false},"excerpt":{"rendered":"<p>Die Sleepy Creek Trap Mod 4 Setters Spannzangen sind aus Aluminium gefertigt und stellen \u00e4u\u00dferst leichte Spannwerkzeuge f\u00fcr sowohl kleine als auch gro\u00dfe Fallen dar. Wir empfehlen diese Spannzangen f\u00fcr Konibear-K\u00f6rperfallen der Gr\u00f6\u00dfenklassen #220, #280 und #330. Material: Aluminium. L\u00e4nge: 60,96 cm. Gewicht: 680,35 Gramm.<\/p>\n","protected":false},"featured_media":268753,"comment_status":"open","ping_status":"closed","template":"","meta":[],"product_brand":[],"product_cat":[1410],"product_tag":[],"class_list":{"0":"post-280242","1":"product","2":"type-product","3":"status-publish","4":"has-post-thumbnail","6":"product_cat-fallen-und-fallenzubehor","8":"first","9":"outofstock","10":"taxable","11":"shipping-taxable","12":"purchasable","13":"product-type-simple"},"composite_virtual":false,"composite_layout":"","composite_add_to_cart_form_location":"","composite_editable_in_cart":false,"composite_sold_individually_context":"","composite_shop_price_calc":"","composite_components":[],"composite_scenarios":[],"group_of_quantity":0,"min_quantity":0,"max_quantity":"","exclude_order_quantity_value_rules":"no","exclude_category_quantity_rules":"no","combine_variations":"no","exclude_global_add_ons":[],"addons":[],"_links":{"self":[{"href":"https:\/\/www.huntersfriend.eu\/de\/wp-json\/wp\/v2\/product\/280242","targetHints":{"allow":["GET"]}}],"collection":[{"href":"https:\/\/www.huntersfriend.eu\/de\/wp-json\/wp\/v2\/product"}],"about":[{"href":"https:\/\/www.huntersfriend.eu\/de\/wp-json\/wp\/v2\/types\/product"}],"replies":[{"embeddable":true,"href":"https:\/\/www.huntersfriend.eu\/de\/wp-json\/wp\/v2\/comments?post=280242"}],"wp:featuredmedia":[{"embeddable":true,"href":"https:\/\/www.huntersfriend.eu\/de\/wp-json\/wp\/v2\/media\/268753"}],"wp:attachment":[{"href":"https:\/\/www.huntersfriend.eu\/de\/wp-json\/wp\/v2\/media?parent=280242"}],"wp:term":[{"taxonomy":"product_brand","embeddable":true,"href":"https:\/\/www.huntersfriend.eu\/de\/wp-json\/wp\/v2\/product_brand?post=280242"},{"taxonomy":"product_cat","embeddable":true,"href":"https:\/\/www.huntersfriend.eu\/de\/wp-json\/wp\/v2\/product_cat?post=280242"},{"taxonomy":"product_tag","embeddable":true,"href":"https:\/\/www.huntersfriend.eu\/de\/wp-json\/wp\/v2\/product_tag?post=280242"}],"curies":[{"name":"wp","href":"https:\/\/api.w.org\/{rel}","templated":true}]}}