{"id":280235,"date":"2024-05-18T00:32:11","date_gmt":"2024-05-17T22:32:11","guid":{"rendered":"https:\/\/www.huntersfriend.eu\/product\/meopta-meopro-optika6-3-18x56rd-sfp-4k-absehen\/"},"modified":"2025-07-10T05:28:15","modified_gmt":"2025-07-10T03:28:15","slug":"meopta-meopro-optika6-3-18x56rd-sfp-4k-absehen","status":"publish","type":"product","link":"https:\/\/www.huntersfriend.eu\/de\/produkt\/meopta-meopro-optika6-3-18x56rd-sfp-4k-absehen\/","title":{"rendered":"Meopta meopro Optika6 3-18x56RD SFP 4K-Absehen"},"content":{"rendered":"<p><span class=\"jCAhz ChMk0b\"><span class=\"ryNqvb\">Das Meopta Meopro Optika6 3-18x56RD SFP ist ein erschwingliches und leistungsstarkes Zielfernrohr f\u00fcr die Vogelbeobachtung, die Kleintierbeobachtung oder die Hirschjagd.<\/span><\/span> <span class=\"jCAhz ChMk0b\"><span class=\"ryNqvb\">Von der 3-fachen bis zur 18-fachen Vergr\u00f6\u00dferung bleibt das Sehfeld von hoher Qualit\u00e4t.<\/span><\/span> <span class=\"jCAhz ChMk0b\"><span class=\"ryNqvb\">Die schnelle Anpassung des Zielfernrohrs wird durch den mitgelieferten Umschalthebel, d.h. den Vergr\u00f6\u00dferungseinstellhebel, erleichtert.<\/span><\/span> <span class=\"jCAhz ChMk0b\"><span class=\"ryNqvb\">Die Gr\u00f6\u00dfe der Bedienelemente erleichtert die Handhabung erheblich.<\/span><\/span> <span class=\"jCAhz ChMk0b\"><span class=\"ryNqvb\">Das Mittelrohr des Fernglases hat einen Durchmesser von 30 mm.<\/span><\/span> <span class=\"jCAhz ChMk0b\"><span class=\"ryNqvb\">Im Zentrum des 4K-Absehens befindet sich ein stufenweise einstellbares Leuchtabsehen, das sich je nach Bedingungen an den Sch\u00fctzen anpasst.<\/span><\/span> <span class=\"jCAhz ChMk0b\"><span class=\"ryNqvb\">Das 4K-Absehen eignet sich besonders f\u00fcr diejenigen, die viel Freiraum im zentralen Bereich des Zielbildes w\u00fcnschen.<\/span><\/span> <span class=\"jCAhz ChMk0b\"><span class=\"ryNqvb\">Im Fernglas kann der Einstellturm zur\u00fcckgesetzt und die Parallaxe justiert werden.<\/span><\/span><\/p>\n<p><span class=\"jCAhz ChMk0b\"><span class=\"ryNqvb\">Meopta Meopro Optika6 Zielfernrohre haben eine 10-j\u00e4hrige Garantie!<\/span><\/span><\/p>\n<p><span class=\"jCAhz ChMk0b\"><span class=\"ryNqvb\">Sehfeld &#8211; m@100m 11,1\/1,9<\/span><\/span><br \/>\n<span class=\"jCAhz ChMk0b\"><span class=\"ryNqvb\">Wirkung des Einstellklicks &#8211; cm@100m <\/span><\/span><span class=\"jCAhz ChMk0b\"><span class=\"ryNqvb\">0,7 <\/span><\/span><br \/>\n<span class=\"jCAhz ChMk0b\"><span class=\"ryNqvb\">Augenabstand &#8211; mm 100<\/span><\/span><br \/>\n<span class=\"jCAhz ChMk0b\"><span class=\"ryNqvb\">Dioptrienkorrektur -2 \/ 2 D<\/span><\/span><br \/>\n<span class=\"jCAhz ChMk0b\"><span class=\"ryNqvb\">Gewicht &#8211; 865 Gramm<\/span><\/span><\/p>\n","protected":false},"excerpt":{"rendered":"<p>Das Meopta Meopro Optika6 3-18x56RD SFP ist ein erschwingliches und leistungsstarkes Zielfernrohr f\u00fcr die Vogelbeobachtung, die Kleintierbeobachtung oder die Hirschjagd. Von der 3-fachen bis zur 18-fachen Vergr\u00f6\u00dferung bleibt das Sehfeld von hoher Qualit\u00e4t. Die schnelle Anpassung des Zielfernrohrs wird durch den mitgelieferten Umschalthebel, d.h. den Vergr\u00f6\u00dferungseinstellhebel, erleichtert. Die Gr\u00f6\u00dfe der Bedienelemente erleichtert die Handhabung erheblich. [&#8230;]\n","protected":false},"featured_media":268700,"comment_status":"open","ping_status":"closed","template":"","meta":[],"product_brand":[],"product_cat":[1145],"product_tag":[],"class_list":{"0":"post-280235","1":"product","2":"type-product","3":"status-publish","4":"has-post-thumbnail","6":"product_cat-sonstiges","8":"first","9":"outofstock","10":"taxable","11":"shipping-taxable","12":"purchasable","13":"product-type-simple"},"composite_virtual":false,"composite_layout":"","composite_add_to_cart_form_location":"","composite_editable_in_cart":false,"composite_sold_individually_context":"","composite_shop_price_calc":"","composite_components":[],"composite_scenarios":[],"group_of_quantity":0,"min_quantity":0,"max_quantity":"","exclude_order_quantity_value_rules":"no","exclude_category_quantity_rules":"no","combine_variations":"no","exclude_global_add_ons":[],"addons":[],"_links":{"self":[{"href":"https:\/\/www.huntersfriend.eu\/de\/wp-json\/wp\/v2\/product\/280235","targetHints":{"allow":["GET"]}}],"collection":[{"href":"https:\/\/www.huntersfriend.eu\/de\/wp-json\/wp\/v2\/product"}],"about":[{"href":"https:\/\/www.huntersfriend.eu\/de\/wp-json\/wp\/v2\/types\/product"}],"replies":[{"embeddable":true,"href":"https:\/\/www.huntersfriend.eu\/de\/wp-json\/wp\/v2\/comments?post=280235"}],"wp:featuredmedia":[{"embeddable":true,"href":"https:\/\/www.huntersfriend.eu\/de\/wp-json\/wp\/v2\/media\/268700"}],"wp:attachment":[{"href":"https:\/\/www.huntersfriend.eu\/de\/wp-json\/wp\/v2\/media?parent=280235"}],"wp:term":[{"taxonomy":"product_brand","embeddable":true,"href":"https:\/\/www.huntersfriend.eu\/de\/wp-json\/wp\/v2\/product_brand?post=280235"},{"taxonomy":"product_cat","embeddable":true,"href":"https:\/\/www.huntersfriend.eu\/de\/wp-json\/wp\/v2\/product_cat?post=280235"},{"taxonomy":"product_tag","embeddable":true,"href":"https:\/\/www.huntersfriend.eu\/de\/wp-json\/wp\/v2\/product_tag?post=280235"}],"curies":[{"name":"wp","href":"https:\/\/api.w.org\/{rel}","templated":true}]}}