{"id":280234,"date":"2024-05-22T00:18:17","date_gmt":"2025-06-23T07:44:53","guid":{"rendered":"https:\/\/www.huntersfriend.eu\/product\/bridger-5-x-5-155-magnum-koerperfalle\/"},"modified":"2026-04-24T09:42:35","modified_gmt":"2026-04-24T07:42:35","slug":"bridger-5-x-5-155-magnum-koerperfalle","status":"publish","type":"product","link":"https:\/\/www.huntersfriend.eu\/de\/produkt\/bridger-5-x-5-155-magnum-koerperfalle\/","title":{"rendered":"Bridger 5 x 5 (#155) Magnum-K\u00f6rperfalle"},"content":{"rendered":"<p><span class=\"jCAhz ChMk0b\"><span class=\"ryNqvb\">Die Bridger 5 x 5 (#155) Magnum-K\u00f6rperfalle ist eine kosteng\u00fcnstige Falle, die nach den Qualit\u00e4tsstandards ihres amerikanischen Herstellers gefertigt wird, welcher auf dem amerikanischen Kontinent einen ausgezeichneten Ruf genie\u00dft.<\/span><\/span> <span class=\"jCAhz ChMk0b\"><span class=\"ryNqvb\">Die Federn dieser f\u00fcr Nerze oder Nerz-gro\u00dfe S\u00e4ugetiere geeigneten Fallen sind aus Stahl gefertigt und w\u00e4rmebehandelt, um eine lange Lebensdauer zu gew\u00e4hrleisten.<\/span><\/span> <span class=\"jCAhz ChMk0b\"><span class=\"ryNqvb\">Diese Durchlauffalle von Bridger ist eine sogenannte<\/span><\/span> <span class=\"jCAhz ChMk0b\"><span class=\"ryNqvb\">sofort t\u00f6tende Falle, die den unmittelbaren Tod des Tieres verursacht, das bei Ausl\u00f6sung hineinger\u00e4t.<\/span><\/span> <span class=\"jCAhz ChMk0b\"><span class=\"ryNqvb\">Bridger 5 x 5 Fallen, die in einem Schutzgeh\u00e4use an Land oder im Wasser platziert werden, sind f\u00fcr den Fang von Nerzen, Mardern, Hillern, Wieseln und Eichh\u00f6rnchen zugelassen.<\/span><\/span> <span class=\"jCAhz ChMk0b\"><span class=\"ryNqvb\">Fallen, die am Boden, in einem Baum oder beispielsweise im Wasser platziert werden, sollten so aufgestellt werden, dass sie keine Gefahr f\u00fcr Menschen oder andere Tiere als die zu fangenden darstellen.<\/span><\/span> <span class=\"jCAhz ChMk0b\"><span class=\"ryNqvb\">Gem\u00e4\u00df dem Gesetz m\u00fcssen die Fallen innerhalb einer Schutzvorrichtung platziert werden.<\/span><\/span> <span class=\"jCAhz ChMk0b\"><span class=\"ryNqvb\">Der Durchmesser der Eingangs\u00f6ffnung der Schutzvorrichtung darf 8 Zentimeter nicht \u00fcberschreiten.<\/span><\/span> <span class=\"jCAhz ChMk0b\"><span class=\"ryNqvb\">Laut Gesetz m\u00fcssen die Fallen regelm\u00e4\u00dfig gewartet werden.<\/span><\/span> <span class=\"jCAhz ChMk0b\"><span class=\"ryNqvb\">Beim Aufstellen der Fallen empfehlen wir zu Ihrer eigenen Sicherheit die Verwendung von Stellzangen oder Greifern.<\/span><\/span> <span class=\"jCAhz ChMk0b\"><span class=\"ryNqvb\">Die Gr\u00f6\u00dfe der Bridger 5 x 5 (#155) Falle betr\u00e4gt 12,7 cm x 12,7 cm und das Gewicht des Eisens betr\u00e4gt 491,20 Gramm.<\/span><\/span><\/p>\n","protected":false},"excerpt":{"rendered":"<p>Die Bridger 5 x 5 (#155) Magnum-K\u00f6rperfalle ist eine kosteng\u00fcnstige Falle, die nach den Qualit\u00e4tsstandards ihres amerikanischen Herstellers gefertigt wird, welcher auf dem amerikanischen Kontinent einen ausgezeichneten Ruf genie\u00dft. Die Federn dieser f\u00fcr Nerze oder Nerz-gro\u00dfe S\u00e4ugetiere geeigneten Fallen sind aus Stahl gefertigt und w\u00e4rmebehandelt, um eine lange Lebensdauer zu gew\u00e4hrleisten. Diese Durchlauffalle von Bridger [&#8230;]\n","protected":false},"featured_media":268727,"comment_status":"open","ping_status":"closed","template":"","meta":[],"product_brand":[],"product_cat":[1410],"product_tag":[],"class_list":{"0":"post-280234","1":"product","2":"type-product","3":"status-publish","4":"has-post-thumbnail","6":"product_cat-fallen-und-fallenzubehor","8":"first","9":"instock","10":"taxable","11":"shipping-taxable","12":"purchasable","13":"product-type-simple"},"composite_virtual":false,"composite_layout":"","composite_add_to_cart_form_location":"","composite_editable_in_cart":false,"composite_sold_individually_context":"","composite_shop_price_calc":"","composite_components":[],"composite_scenarios":[],"group_of_quantity":0,"min_quantity":0,"max_quantity":"","exclude_order_quantity_value_rules":"no","exclude_category_quantity_rules":"no","combine_variations":"no","exclude_global_add_ons":[],"addons":[],"_links":{"self":[{"href":"https:\/\/www.huntersfriend.eu\/de\/wp-json\/wp\/v2\/product\/280234","targetHints":{"allow":["GET"]}}],"collection":[{"href":"https:\/\/www.huntersfriend.eu\/de\/wp-json\/wp\/v2\/product"}],"about":[{"href":"https:\/\/www.huntersfriend.eu\/de\/wp-json\/wp\/v2\/types\/product"}],"replies":[{"embeddable":true,"href":"https:\/\/www.huntersfriend.eu\/de\/wp-json\/wp\/v2\/comments?post=280234"}],"wp:featuredmedia":[{"embeddable":true,"href":"https:\/\/www.huntersfriend.eu\/de\/wp-json\/wp\/v2\/media\/268727"}],"wp:attachment":[{"href":"https:\/\/www.huntersfriend.eu\/de\/wp-json\/wp\/v2\/media?parent=280234"}],"wp:term":[{"taxonomy":"product_brand","embeddable":true,"href":"https:\/\/www.huntersfriend.eu\/de\/wp-json\/wp\/v2\/product_brand?post=280234"},{"taxonomy":"product_cat","embeddable":true,"href":"https:\/\/www.huntersfriend.eu\/de\/wp-json\/wp\/v2\/product_cat?post=280234"},{"taxonomy":"product_tag","embeddable":true,"href":"https:\/\/www.huntersfriend.eu\/de\/wp-json\/wp\/v2\/product_tag?post=280234"}],"curies":[{"name":"wp","href":"https:\/\/api.w.org\/{rel}","templated":true}]}}