{"id":280233,"date":"2024-05-18T00:32:10","date_gmt":"2024-05-17T22:32:10","guid":{"rendered":"https:\/\/www.huntersfriend.eu\/product\/meopta-meopro-optika6-3-18x50rd-sfp-4c-absehen\/"},"modified":"2025-07-12T04:36:09","modified_gmt":"2025-07-12T02:36:09","slug":"meopta-meopro-optika6-3-18x50rd-sfp-4c-absehen","status":"publish","type":"product","link":"https:\/\/www.huntersfriend.eu\/de\/produkt\/meopta-meopro-optika6-3-18x50rd-sfp-4c-absehen\/","title":{"rendered":"Meopta meopro Optika6 3-18x50RD SFP, 4C-Absehen"},"content":{"rendered":"<p><span class=\"jCAhz ChMk0b\"><span class=\"ryNqvb\">Das Meopta Meopro Optika6 3-18x50RD SFP ist ein erschwingliches und leistungsstarkes Zielfernrohr f\u00fcr die Vogelbeobachtung, die Sichtung von Kleinwild oder die Jagd auf Rotwild.<\/span><\/span> <span class=\"jCAhz ChMk0b\"><span class=\"ryNqvb\">Von der 3-fachen bis zur 18-fachen Vergr\u00f6\u00dferung bleibt das Sichtfeld von hoher Qualit\u00e4t.<\/span><\/span> <span class=\"jCAhz ChMk0b\"><span class=\"ryNqvb\">Die schnelle Einstellung des Zielfernrohrs wird durch den mitgelieferten Umschalthebel, d.h. den Vergr\u00f6\u00dferungseinstellhebel, erleichtert.<\/span><\/span> <span class=\"jCAhz ChMk0b\"><span class=\"ryNqvb\">Die Gr\u00f6\u00dfe der Bedienelemente vereinfacht die Handhabung erheblich.<\/span><\/span> <span class=\"jCAhz ChMk0b\"><span class=\"ryNqvb\">Das Mittelrohr des Zielfernrohrs hat einen Durchmesser von 30 mm.<\/span><\/span> <span class=\"jCAhz ChMk0b\"><span class=\"ryNqvb\">In der Mitte des 4C-Absehens befindet sich ein stufenweise einstellbarer Leuchtpunkt, der sich je nach Bedingungen an den Sch\u00fctzen anpasst.<\/span><\/span> <span class=\"jCAhz ChMk0b\"><span class=\"ryNqvb\">Im Zielfernrohr kann der Einstellturm zur\u00fcckgesetzt und die Parallaxe justiert werden.<\/span><\/span><\/p>\n<p><span class=\"jCAhz ChMk0b\"><span class=\"ryNqvb\">Meopta Meopro Optika6 Zielfernrohre verf\u00fcgen \u00fcber eine 10-j\u00e4hrige Garantie!<\/span><\/span><\/p>\n<p><span class=\"jCAhz ChMk0b\"><span class=\"ryNqvb\">Sehfeld, m@100m 11,2\/1,9<\/span><\/span><br \/>\n<span class=\"jCAhz ChMk0b\"><span class=\"ryNqvb\">Wirkung der Klickverstellung, cm@100m 0,7<\/span><\/span><br \/>\n<span class=\"jCAhz ChMk0b\"><span class=\"ryNqvb\">Augenabstand, mm 100<\/span><\/span><br \/>\n<span class=\"jCAhz ChMk0b\"><span class=\"ryNqvb\">Dioptrienkorrektur -2 \/ 2 D<\/span><\/span><br \/>\n<span class=\"jCAhz ChMk0b\"><span class=\"ryNqvb\">Gewicht, 849 Gramm<\/span><\/span><\/p>\n","protected":false},"excerpt":{"rendered":"<p>Das Meopta Meopro Optika6 3-18x50RD SFP ist ein erschwingliches und leistungsstarkes Zielfernrohr f\u00fcr die Vogelbeobachtung, die Sichtung von Kleinwild oder die Jagd auf Rotwild. Von der 3-fachen bis zur 18-fachen Vergr\u00f6\u00dferung bleibt das Sichtfeld von hoher Qualit\u00e4t. Die schnelle Einstellung des Zielfernrohrs wird durch den mitgelieferten Umschalthebel, d.h. den Vergr\u00f6\u00dferungseinstellhebel, erleichtert. Die Gr\u00f6\u00dfe der Bedienelemente [&#8230;]\n","protected":false},"featured_media":268685,"comment_status":"open","ping_status":"closed","template":"","meta":[],"product_brand":[],"product_cat":[1132],"product_tag":[],"class_list":{"0":"post-280233","1":"product","2":"type-product","3":"status-publish","4":"has-post-thumbnail","6":"product_cat-zielfernrohre","8":"first","9":"outofstock","10":"taxable","11":"shipping-taxable","12":"purchasable","13":"product-type-simple"},"composite_virtual":false,"composite_layout":"","composite_add_to_cart_form_location":"","composite_editable_in_cart":false,"composite_sold_individually_context":"","composite_shop_price_calc":"","composite_components":[],"composite_scenarios":[],"group_of_quantity":0,"min_quantity":0,"max_quantity":"","exclude_order_quantity_value_rules":"no","exclude_category_quantity_rules":"no","combine_variations":"no","exclude_global_add_ons":[],"addons":[],"_links":{"self":[{"href":"https:\/\/www.huntersfriend.eu\/de\/wp-json\/wp\/v2\/product\/280233","targetHints":{"allow":["GET"]}}],"collection":[{"href":"https:\/\/www.huntersfriend.eu\/de\/wp-json\/wp\/v2\/product"}],"about":[{"href":"https:\/\/www.huntersfriend.eu\/de\/wp-json\/wp\/v2\/types\/product"}],"replies":[{"embeddable":true,"href":"https:\/\/www.huntersfriend.eu\/de\/wp-json\/wp\/v2\/comments?post=280233"}],"wp:featuredmedia":[{"embeddable":true,"href":"https:\/\/www.huntersfriend.eu\/de\/wp-json\/wp\/v2\/media\/268685"}],"wp:attachment":[{"href":"https:\/\/www.huntersfriend.eu\/de\/wp-json\/wp\/v2\/media?parent=280233"}],"wp:term":[{"taxonomy":"product_brand","embeddable":true,"href":"https:\/\/www.huntersfriend.eu\/de\/wp-json\/wp\/v2\/product_brand?post=280233"},{"taxonomy":"product_cat","embeddable":true,"href":"https:\/\/www.huntersfriend.eu\/de\/wp-json\/wp\/v2\/product_cat?post=280233"},{"taxonomy":"product_tag","embeddable":true,"href":"https:\/\/www.huntersfriend.eu\/de\/wp-json\/wp\/v2\/product_tag?post=280233"}],"curies":[{"name":"wp","href":"https:\/\/api.w.org\/{rel}","templated":true}]}}